{"id":91,"date":"2016-12-02T14:07:51","date_gmt":"2016-12-02T14:07:51","guid":{"rendered":"http:\/\/natveg.es\/?page_id=91"},"modified":"2017-06-07T12:21:31","modified_gmt":"2017-06-07T12:21:31","slug":"productos","status":"publish","type":"page","link":"https:\/\/natveg.es\/fr\/productos","title":{"rendered":"Produits"},"content":{"rendered":"<div class=\"clearboth\"><\/div><\/div><\/div><\/div><div id=\"mk-page-section-6a071f135068c\" data-intro-effect=\"false\" class=\"full-width-6a071f135068c  mk-animate-element scale-up  full-height-false parallax-false mk-page-section mk-blur-parent mk-shortcode  \" data-speedFactor=\"0.3\"><div class=\"mk-video-color-mask\"><\/div><div class=\"mk-grid vc_row-fluid page-section-content\"><div class=\"mk-padding-wrapper\">\n\t<div style=\"\" class=\"vc_col-sm-12 wpb_column column_container \">\n\t\t\t<div class=\"mk-image-shortcode mk-shortcode   align-left simple-frame inside-image \" style=\"max-width: 1090px; margin-bottom:0px\"><div class=\"mk-image-inner\"><img decoding=\"async\" class=\"lightbox-false\" alt=\"\" title=\"\" src=\"http:\/\/natveg.es\/wp-content\/uploads\/Natveg Marketing, S.L.4-1.jpg\" \/><\/div><div class=\"clearboth\"><\/div><\/div>\n\t<\/div><\/div><div class=\"clearboth\"><\/div><\/div><div class=\"clearboth\"><\/div><\/div>\n<style type='text\/css'>\n.full-width-6a071f135068c {\n    min-height:0px;\n    padding:50px 0 0px;\n    \n    background-attachment:scroll;\n    \n    background-position:left top;\n    background-repeat:repeat;\n    margin-bottom:0px;\n    \n}\n     <\/style><div class=\"mk-main-wrapper-holder\"><div class=\"theme-page-wrapper  -layout mk-grid vc_row-fluid row-fluid\"><div class=\"theme-content \"><div class=\"clearboth\"><\/div><\/div><\/div><\/div><div id=\"mk-page-section-6a071f13509a9\" data-intro-effect=\"false\" class=\"full-width-6a071f13509a9  mk-animate-element scale-up  full-height-false parallax-false mk-page-section mk-blur-parent mk-shortcode  \" data-speedFactor=\"0.3\"><div class=\"mk-video-color-mask\"><\/div><div class=\"mk-grid vc_row-fluid page-section-content\"><div class=\"mk-padding-wrapper\">\n\t<div style=\"\" class=\"vc_col-sm-12 wpb_column column_container \">\n\t\t\t<h2 style=\"font-size: 35px;text-align:center;color: #426819;font-style:inhert;font-weight:bold;margin-top:0px;margin-bottom:0px; text-transform:uppercase;letter-spacing:0px;\" id=\"fancy-title-6a071f1350b92\" class=\"mk-shortcode mk-fancy-title fancy-title-align-center pattern-style \"><span style=\"padding:0 8px;\">\nPRODUITS\n<\/span><\/h2><div class=\"clearboth\"><\/div>\n\t<\/div><\/div><div class=\"clearboth\"><\/div><\/div><div class=\"clearboth\"><\/div><\/div>\n<style type='text\/css'>\n.full-width-6a071f13509a9 {\n    min-height:0px;\n    padding:50px 0 30px;\n    \n    background-attachment:scroll;\n    \n    background-position:left top;\n    background-repeat:repeat;\n    margin-bottom:0px;\n    \n}\n     <\/style><div class=\"mk-main-wrapper-holder\"><div class=\"theme-page-wrapper  -layout mk-grid vc_row-fluid row-fluid\"><div class=\"theme-content \"><div class=\"clearboth\"><\/div><\/div><\/div><\/div><div id=\"mk-page-section-6a071f1350c81\" data-intro-effect=\"false\" class=\"full-width-6a071f1350c81  mk-animate-element scale-up  full-height-false parallax-false mk-page-section mk-blur-parent mk-shortcode  \" data-speedFactor=\"0.3\"><div class=\"mk-video-color-mask\"><\/div><div class=\"mk-grid vc_row-fluid page-section-content\"><div class=\"mk-padding-wrapper\">\n\t<div style=\"\" class=\"vc_col-sm-12 wpb_column column_container \">\n\t\t\t\t<div style=\" margin-bottom:0px;text-align: left;\" class=\"mk-text-block  \"><p>Natveg Marketing, S.L. produit, commercialise et distribue une grande vari\u00e9t\u00e9 de l\u00e9gumes sont class\u00e9s en quatre grandes lignes de produits:<\/p>\n<div class=\"clearboth\"><\/div><\/div> \n\t<\/div><\/div><div class=\"clearboth\"><\/div><\/div><div class=\"clearboth\"><\/div><\/div>\n<style type='text\/css'>\n.full-width-6a071f1350c81 {\n    min-height:0px;\n    padding:0px 0 10px;\n    \n    background-attachment:scroll;\n    \n    background-position:left top;\n    background-repeat:repeat;\n    margin-bottom:0px;\n    \n}\n     <\/style><div class=\"mk-main-wrapper-holder\"><div class=\"theme-page-wrapper  -layout mk-grid vc_row-fluid row-fluid\"><div class=\"theme-content \"><div class=\"clearboth\"><\/div><\/div><\/div><\/div><div id=\"mk-page-section-6a071f1350f5e\" data-intro-effect=\"false\" class=\"full-width-6a071f1350f5e  mk-animate-element scale-up  full-height-false parallax-false mk-page-section mk-blur-parent mk-shortcode  \" data-speedFactor=\"0.3\"><div class=\"mk-video-color-mask\"><\/div><div class=\"mk-grid vc_row-fluid page-section-content\"><div class=\"mk-padding-wrapper\">\n\t<div style=\"\" class=\"vc_col-sm-9 wpb_column column_container \">\n\t\t\t<h2 style=\"font-size: 18px;text-align:left;color: #8db80d;font-style:inhert;font-weight:normal;margin-top:0px;margin-bottom:15px; text-transform:uppercase;letter-spacing:0px;\" id=\"fancy-title-6a071f1351176\" class=\"mk-shortcode mk-fancy-title fancy-title-align-left simple-style \"><span style=\"\">\n<p>BROCOLI<\/p>\n<\/span><\/h2><div class=\"clearboth\"><\/div>\t<div style=\" margin-bottom:20px;text-align: left;\" class=\"mk-text-block  \"><p>Le brocoli est notre produit phare, la production de plus de 30.000 Tonnes par an. Est distribu\u00e9 directement \u00e0 stocker nos clients en utilisant un \u00e9quipement de collecte le plus moderne et sophistiqu\u00e9e, la r\u00e9frig\u00e9ration et de la logistique pour le produit atteint une qualit\u00e9 et la fra\u00eecheur extraordinaire.<\/p>\n<div class=\"clearboth\"><\/div><\/div> \n\t<\/div>\n\t<div style=\"\" class=\"vc_col-sm-3 wpb_column column_container \">\n\t\t\t<div class=\"clearboth\"><\/div><div class=\"mk-shortcode mk-padding-shortcode\" style=\"height:44px\"><\/div><div class=\"clearboth\"><\/div><div class=\"mk-image-shortcode mk-shortcode   align-left simple-frame inside-image \" style=\"max-width: 800px; margin-bottom:25px\"><div class=\"mk-image-inner\"><img decoding=\"async\" class=\"lightbox-false\" alt=\"\" title=\"\" src=\"http:\/\/natveg.es\/wp-content\/uploads\/prod1.jpg\" \/><\/div><div class=\"clearboth\"><\/div><\/div>\n\t<\/div><\/div><div class=\"clearboth\"><\/div><\/div><div class=\"clearboth\"><\/div><\/div>\n<style type='text\/css'>\n.full-width-6a071f1350f5e {\n    min-height:0px;\n    padding:0px 0 0px;\n    \n    background-attachment:scroll;\n    \n    background-position:left top;\n    background-repeat:repeat;\n    margin-bottom:0px;\n    \n}\n     <\/style><div class=\"mk-main-wrapper-holder\"><div class=\"theme-page-wrapper  -layout mk-grid vc_row-fluid row-fluid\"><div class=\"theme-content \"><div class=\"clearboth\"><\/div><\/div><\/div><\/div><div id=\"mk-page-section-6a071f135157f\" data-intro-effect=\"false\" class=\"full-width-6a071f135157f  mk-animate-element scale-up  full-height-false parallax-false mk-page-section mk-blur-parent mk-shortcode  \" data-speedFactor=\"0.3\"><div class=\"mk-video-color-mask\"><\/div><div class=\"mk-grid vc_row-fluid page-section-content\"><div class=\"mk-padding-wrapper\">\n\t<div style=\"\" class=\"vc_col-sm-9 wpb_column column_container \">\n\t\t\t<h2 style=\"font-size: 18px;text-align:left;color: #8db80d;font-style:inhert;font-weight:normal;margin-top:0px;margin-bottom:15px; text-transform:uppercase;letter-spacing:0px;\" id=\"fancy-title-6a071f1351776\" class=\"mk-shortcode mk-fancy-title fancy-title-align-left simple-style \"><span style=\"\">\n<p>CHOU-FLEUR<\/p>\n<\/span><\/h2><div class=\"clearboth\"><\/div>\t<div style=\" margin-bottom:20px;text-align: left;\" class=\"mk-text-block  \"><p>Cauliflower de plus en plus Natveg Marketing, S.L. atteint plus de 8.000.000 pi\u00e8ces par an productions. La haute qualit\u00e9 des produits nous ont permis d\u2019atteindre de grands supermarch\u00e9s et les surfaces des deux march\u00e9s nationaux et internationaux, fournissant un produit, frais, sain et une grande d\u00e9gustation de nos clients tout au long de l\u2019ann\u00e9e.<\/p>\n<div class=\"clearboth\"><\/div><\/div> \n\t<\/div>\n\t<div style=\"\" class=\"vc_col-sm-3 wpb_column column_container \">\n\t\t\t<div class=\"clearboth\"><\/div><div class=\"mk-shortcode mk-padding-shortcode\" style=\"height:44px\"><\/div><div class=\"clearboth\"><\/div><div class=\"mk-image-shortcode mk-shortcode   align-left simple-frame inside-image \" style=\"max-width: 800px; margin-bottom:25px\"><div class=\"mk-image-inner\"><img decoding=\"async\" class=\"lightbox-false\" alt=\"\" title=\"\" src=\"http:\/\/natveg.es\/wp-content\/uploads\/prod4.jpg\" \/><\/div><div class=\"clearboth\"><\/div><\/div>\n\t<\/div><\/div><div class=\"clearboth\"><\/div><\/div><div class=\"clearboth\"><\/div><\/div>\n<style type='text\/css'>\n.full-width-6a071f135157f {\n    min-height:0px;\n    padding:0px 0 0px;\n    \n    background-attachment:scroll;\n    \n    background-position:left top;\n    background-repeat:repeat;\n    margin-bottom:0px;\n    \n}\n     <\/style><div class=\"mk-main-wrapper-holder\"><div class=\"theme-page-wrapper  -layout mk-grid vc_row-fluid row-fluid\"><div class=\"theme-content \"><div class=\"clearboth\"><\/div><\/div><\/div><\/div><div id=\"mk-page-section-6a071f1351b6b\" data-intro-effect=\"false\" class=\"full-width-6a071f1351b6b  mk-animate-element scale-up  full-height-false parallax-false mk-page-section mk-blur-parent mk-shortcode  \" data-speedFactor=\"0.3\"><div class=\"mk-video-color-mask\"><\/div><div class=\"mk-grid vc_row-fluid page-section-content\"><div class=\"mk-padding-wrapper\">\n\t<div style=\"\" class=\"vc_col-sm-9 wpb_column column_container \">\n\t\t\t<h2 style=\"font-size: 18px;text-align:left;color: #8db80d;font-style:inhert;font-weight:normal;margin-top:0px;margin-bottom:15px; text-transform:uppercase;letter-spacing:0px;\" id=\"fancy-title-6a071f1351d68\" class=\"mk-shortcode mk-fancy-title fancy-title-align-left simple-style \"><span style=\"\">\n<p>CHOU POINTU<\/p>\n<\/span><\/h2><div class=\"clearboth\"><\/div>\t<div style=\" margin-bottom:20px;text-align: left;\" class=\"mk-text-block  \"><p>Le Chou Pointu est connu pour son go\u00fbt sucr\u00e9, texture agr\u00e9able et forme pointue distinctive. Produit principalement consomm\u00e9 dans le nord de l\u2019Europe, avec une demande croissante dans d\u2019autres pays europ\u00e9ens. En Natveg Marketing, S.L., la production Col Picuda est d\u2019environ 4.500.000 pi\u00e8ces.<\/p>\n<div class=\"clearboth\"><\/div><\/div> \n\t<\/div>\n\t<div style=\"\" class=\"vc_col-sm-3 wpb_column column_container \">\n\t\t\t<div class=\"clearboth\"><\/div><div class=\"mk-shortcode mk-padding-shortcode\" style=\"height:44px\"><\/div><div class=\"clearboth\"><\/div><div class=\"mk-image-shortcode mk-shortcode   align-left simple-frame inside-image \" style=\"max-width: 800px; margin-bottom:25px\"><div class=\"mk-image-inner\"><img decoding=\"async\" class=\"lightbox-false\" alt=\"\" title=\"\" src=\"http:\/\/natveg.es\/wp-content\/uploads\/col-picuda.jpg\" \/><\/div><div class=\"clearboth\"><\/div><\/div>\n\t<\/div><\/div><div class=\"clearboth\"><\/div><\/div><div class=\"clearboth\"><\/div><\/div>\n<style type='text\/css'>\n.full-width-6a071f1351b6b {\n    min-height:0px;\n    padding:0px 0 0px;\n    \n    background-attachment:scroll;\n    \n    background-position:left top;\n    background-repeat:repeat;\n    margin-bottom:0px;\n    \n}\n     <\/style><div class=\"mk-main-wrapper-holder\"><div class=\"theme-page-wrapper  -layout mk-grid vc_row-fluid row-fluid\"><div class=\"theme-content \"><div class=\"clearboth\"><\/div><\/div><\/div><\/div><div id=\"mk-page-section-6a071f135216f\" data-intro-effect=\"false\" class=\"full-width-6a071f135216f  mk-animate-element scale-up  full-height-false parallax-false mk-page-section mk-blur-parent mk-shortcode  \" data-speedFactor=\"0.3\"><div class=\"mk-video-color-mask\"><\/div><div class=\"mk-grid vc_row-fluid page-section-content\"><div class=\"mk-padding-wrapper\">\n\t<div style=\"\" class=\"vc_col-sm-9 wpb_column column_container \">\n\t\t\t<h2 style=\"font-size: 18px;text-align:left;color: #8db80d;font-style:inhert;font-weight:normal;margin-top:0px;margin-bottom:15px; text-transform:uppercase;letter-spacing:0px;\" id=\"fancy-title-6a071f1352362\" class=\"mk-shortcode mk-fancy-title fancy-title-align-left simple-style \"><span style=\"\">\n<p>SAVOY CHOU<\/p>\n<\/span><\/h2><div class=\"clearboth\"><\/div>\t<div style=\" margin-bottom:20px;text-align: left;\" class=\"mk-text-block  \"><p>Avec son vert distinctif et feuilles fris\u00e9es, ou Savoy Chou est connu comme l\u2019un des choux plus sains et b\u00e9n\u00e9fiques. En raison de sa forte teneur en vitamines et min\u00e9raux, fournissant une vari\u00e9t\u00e9 de nutriments essentiels pour notre corps. Natveg Marketing, S.L. 1.200.000 pi\u00e8ces produites chaque ann\u00e9e.<\/p>\n<div class=\"clearboth\"><\/div><\/div> \n\t<\/div>\n\t<div style=\"\" class=\"vc_col-sm-3 wpb_column column_container \">\n\t\t\t<div class=\"clearboth\"><\/div><div class=\"mk-shortcode mk-padding-shortcode\" style=\"height:44px\"><\/div><div class=\"clearboth\"><\/div><div class=\"mk-image-shortcode mk-shortcode   align-left simple-frame inside-image \" style=\"max-width: 800px; margin-bottom:25px\"><div class=\"mk-image-inner\"><img decoding=\"async\" class=\"lightbox-false\" alt=\"\" title=\"\" src=\"http:\/\/natveg.es\/wp-content\/uploads\/prod3.jpg\" \/><\/div><div class=\"clearboth\"><\/div><\/div>\n\t<\/div><\/div><div class=\"clearboth\"><\/div><\/div><div class=\"clearboth\"><\/div><\/div>\n<style type='text\/css'>\n.full-width-6a071f135216f {\n    min-height:0px;\n    padding:0px 0 0px;\n    \n    background-attachment:scroll;\n    \n    background-position:left top;\n    background-repeat:repeat;\n    margin-bottom:0px;\n    \n}\n     <\/style><div class=\"mk-main-wrapper-holder\"><div class=\"theme-page-wrapper  -layout mk-grid vc_row-fluid row-fluid\"><div class=\"theme-content \"><div class=\"clearboth\"><\/div><\/div><\/div><\/div><div id=\"mk-page-section-6a071f1352773\" data-intro-effect=\"false\" class=\"full-width-6a071f1352773  mk-animate-element scale-up  full-height-false parallax-false mk-page-section mk-blur-parent mk-shortcode  \" data-speedFactor=\"0.3\"><div class=\"mk-video-color-mask\"><\/div><div class=\"mk-grid vc_row-fluid page-section-content\"><div class=\"mk-padding-wrapper\">\n\t<div style=\"\" class=\"vc_col-sm-9 wpb_column column_container \">\n\t\t\t<h2 style=\"font-size: 18px;text-align:left;color: #8db80d;font-style:inhert;font-weight:normal;margin-top:0px;margin-bottom:15px; text-transform:uppercase;letter-spacing:0px;\" id=\"fancy-title-6a071f135298c\" class=\"mk-shortcode mk-fancy-title fancy-title-align-left simple-style \"><span style=\"\">\n<p>POTIRON<\/p>\n<\/span><\/h2><div class=\"clearboth\"><\/div>\t<div style=\" margin-bottom:20px;text-align: left;\" class=\"mk-text-block  \"><p>Natveg Marketing, S.L. produit et distribue vari\u00e9t\u00e9 au potiron d\u2019arachide, avec une production jusqu\u2019\u00e0 5.000 Tonnes, la commercialisation des produits est fait principalement sur les march\u00e9s internationaux.<\/p>\n<div class=\"clearboth\"><\/div><\/div> \n\t<\/div>\n\t<div style=\"\" class=\"vc_col-sm-3 wpb_column column_container \">\n\t\t\t<div class=\"clearboth\"><\/div><div class=\"mk-shortcode mk-padding-shortcode\" style=\"height:44px\"><\/div><div class=\"clearboth\"><\/div><div class=\"mk-image-shortcode mk-shortcode   align-left simple-frame inside-image \" style=\"max-width: 800px; margin-bottom:25px\"><div class=\"mk-image-inner\"><img decoding=\"async\" class=\"lightbox-false\" alt=\"\" title=\"\" src=\"http:\/\/natveg.es\/wp-content\/uploads\/prod2.jpg\" \/><\/div><div class=\"clearboth\"><\/div><\/div>\n\t<\/div><\/div><div class=\"clearboth\"><\/div><\/div><div class=\"clearboth\"><\/div><\/div>\n<style type='text\/css'>\n.full-width-6a071f1352773 {\n    min-height:0px;\n    padding:0px 0 0px;\n    \n    background-attachment:scroll;\n    \n    background-position:left top;\n    background-repeat:repeat;\n    margin-bottom:0px;\n    \n}\n     <\/style><div class=\"mk-main-wrapper-holder\"><div class=\"theme-page-wrapper  -layout mk-grid vc_row-fluid row-fluid\"><div class=\"theme-content \"><div class=\"clearboth\"><\/div><\/div><\/div><\/div><div id=\"mk-page-section-6a071f1352d87\" data-intro-effect=\"false\" class=\"full-width-6a071f1352d87  mk-animate-element scale-up  full-height-false parallax-false mk-page-section mk-blur-parent mk-shortcode  \" data-speedFactor=\"0.3\"><div class=\"mk-video-color-mask\"><\/div><div class=\"mk-grid vc_row-fluid page-section-content\"><div class=\"mk-padding-wrapper\">\n\t<div style=\"\" class=\"vc_col-sm-9 wpb_column column_container \">\n\t\t\t<h2 style=\"font-size: 18px;text-align:left;color: #8db80d;font-style:inhert;font-weight:normal;margin-top:0px;margin-bottom:15px; text-transform:uppercase;letter-spacing:0px;\" id=\"fancy-title-6a071f1352f93\" class=\"mk-shortcode mk-fancy-title fancy-title-align-left simple-style \"><span style=\"\">\n<p>PATATE DOUCE<\/p>\n<\/span><\/h2><div class=\"clearboth\"><\/div>\t<div style=\" margin-bottom:20px;text-align: left;\" class=\"mk-text-block  \"><p>Natveg Marketing, S.L. cultive la vari\u00e9t\u00e9 Beauregard de chair orange. La patate douce est consid\u00e9r\u00e9 un super aliment, de plus en plus pr\u00e9sents dans notre alimentation. La production atteint 1.000 Tonnes.<\/p>\n<div class=\"clearboth\"><\/div><\/div> \n\t<\/div>\n\t<div style=\"\" class=\"vc_col-sm-3 wpb_column column_container \">\n\t\t\t<div class=\"clearboth\"><\/div><div class=\"mk-shortcode mk-padding-shortcode\" style=\"height:44px\"><\/div><div class=\"clearboth\"><\/div><div class=\"mk-image-shortcode mk-shortcode   align-left simple-frame inside-image \" style=\"max-width: 800px; margin-bottom:25px\"><div class=\"mk-image-inner\"><img decoding=\"async\" class=\"lightbox-false\" alt=\"\" title=\"\" src=\"http:\/\/natveg.es\/wp-content\/uploads\/boniato.jpg\" \/><\/div><div class=\"clearboth\"><\/div><\/div>\n\t<\/div><\/div><div class=\"clearboth\"><\/div><\/div><div class=\"clearboth\"><\/div><\/div>\n<style type='text\/css'>\n.full-width-6a071f1352d87 {\n    min-height:0px;\n    padding:0px 0 0px;\n    \n    background-attachment:scroll;\n    \n    background-position:left top;\n    background-repeat:repeat;\n    margin-bottom:0px;\n    \n}\n     <\/style><div class=\"mk-main-wrapper-holder\"><div class=\"theme-page-wrapper  -layout mk-grid vc_row-fluid row-fluid\"><div class=\"theme-content \"><div class=\"clearboth\"><\/div><\/div><\/div><\/div><div id=\"mk-page-section-6a071f1353372\" data-intro-effect=\"false\" class=\"full-width-6a071f1353372  mk-animate-element scale-up  full-height-false parallax-false mk-page-section mk-blur-parent mk-shortcode  \" data-speedFactor=\"0.3\"><div class=\"mk-video-color-mask\"><\/div><div class=\"mk-grid vc_row-fluid page-section-content\"><div class=\"mk-padding-wrapper\">\n\t<div style=\"\" class=\"vc_col-sm-9 wpb_column column_container \">\n\t\t\t<h2 style=\"font-size: 18px;text-align:left;color: #8db80d;font-style:inhert;font-weight:normal;margin-top:0px;margin-bottom:15px; text-transform:uppercase;letter-spacing:0px;\" id=\"fancy-title-6a071f135356b\" class=\"mk-shortcode mk-fancy-title fancy-title-align-left simple-style \"><span style=\"\">\n<p>L\u00c9GUMES<\/p>\n<\/span><\/h2><div class=\"clearboth\"><\/div>\t<div style=\" margin-bottom:20px;text-align: left;\" class=\"mk-text-block  \"><p>En plus des produits ci-dessus, Natveg Marketing, S.L. a une exp\u00e9rience dans la production et la commercialisation des produits suivants, offrant la possibilit\u00e9 de les inclure dans son portefeuille:<\/p>\n<p>\u2022 Coeurs de laitue (Little Gem)<br \/>\n\u2022 Chou rouge<br \/>\n\u2022 Ciboulette<br \/>\n\u2022 Pommes de Terre<\/p>\n<div class=\"clearboth\"><\/div><\/div> \n\t<\/div>\n\t<div style=\"\" class=\"vc_col-sm-3 wpb_column column_container \">\n\t\t\t<div class=\"clearboth\"><\/div><div class=\"mk-shortcode mk-padding-shortcode\" style=\"height:44px\"><\/div><div class=\"clearboth\"><\/div><div class=\"mk-image-shortcode mk-shortcode   align-left simple-frame inside-image \" style=\"max-width: 800px; margin-bottom:25px\"><div class=\"mk-image-inner\"><img decoding=\"async\" class=\"lightbox-false\" alt=\"\" title=\"\" src=\"http:\/\/natveg.es\/wp-content\/uploads\/prod5.jpg\" \/><\/div><div class=\"clearboth\"><\/div><\/div>\n\t<\/div><\/div><div class=\"clearboth\"><\/div><\/div><div class=\"clearboth\"><\/div><\/div>\n<style type='text\/css'>\n.full-width-6a071f1353372 {\n    min-height:0px;\n    padding:0px 0 0px;\n    \n    background-attachment:scroll;\n    \n    background-position:left top;\n    background-repeat:repeat;\n    margin-bottom:0px;\n    \n}\n     <\/style><div class=\"mk-main-wrapper-holder\"><div class=\"theme-page-wrapper  -layout mk-grid vc_row-fluid row-fluid\"><div class=\"theme-content \"><div class=\"clearboth\"><\/div><\/div><\/div><\/div><div id=\"mk-page-section-6a071f1353969\" data-intro-effect=\"false\" class=\"full-width-6a071f1353969  mk-animate-element scale-up  full-height-false parallax-false mk-page-section mk-blur-parent mk-shortcode  \" data-speedFactor=\"0.3\"><div class=\"mk-video-color-mask\"><\/div><div class=\"mk-grid vc_row-fluid page-section-content\"><div class=\"mk-padding-wrapper\">\n\t<div style=\"\" class=\"vc_col-sm-12 wpb_column column_container \">\n\t\t\t<div class=\"mk-image-shortcode mk-shortcode   align-center simple-frame inside-image \" style=\"max-width: 852px; margin-bottom:50px\"><div class=\"mk-image-inner\"><img decoding=\"async\" class=\"lightbox-false\" alt=\"\" title=\"\" src=\"http:\/\/natveg.es\/wp-content\/uploads\/Campa\u00f1a-completa-franc\u00e9s.jpg\" \/><\/div><div class=\"clearboth\"><\/div><\/div><div class=\"mk-button-align center\"><a href=\"http:\/\/natveg.es\/wp-content\/uploads\/Cat\u00e1logo-Natveg Marketing, S.L..pdf\" target=\"_blank\"  class=\"mk-button dark button-6a071f1353c24 light-color  flat-dimension large pointed \"><span>\nT\u00e9l\u00e9charger le catalogue\n<\/span><\/a><\/div>\n\n<style type=\"text\/css\">\n    .button-6a071f1353c24 {\n                margin-bottom: 0px;\n                margin-top: 0px;\n                min-width: 0px !important;\n\n        }\n\n        .button-6a071f1353c24 {\n                background-color:#7fa210;\n\n        }\n        \n            .mk-button.button-6a071f1353c24.flat-dimension:hover {\n                    background-color:#252525 !important;\n                    \n            }\n        <\/style>\n\t<\/div><\/div><div class=\"clearboth\"><\/div><\/div><div class=\"clearboth\"><\/div><\/div>\n<style type='text\/css'>\n.full-width-6a071f1353969 {\n    min-height:0px;\n    padding:0px 0 50px;\n    \n    background-attachment:scroll;\n    \n    background-position:left top;\n    background-repeat:repeat;\n    margin-bottom:0px;\n    \n}\n     <\/style><div class=\"mk-main-wrapper-holder\"><div class=\"theme-page-wrapper  -layout mk-grid vc_row-fluid row-fluid\"><div class=\"theme-content \">\n\t<div style=\"\" class=\"vc_col-sm-4 wpb_column column_container \">\n\t\t\t\t<div style=\"text-align: left;\" class=\"mk-text-block  \"><div class=\"clearboth\"><\/div><\/div> \n\t<\/div>\n\t<div style=\"\" class=\"vc_col-sm-4 wpb_column column_container \">\n\t\t\t\t<div style=\"text-align: left;\" class=\"mk-text-block  \"><div class=\"clearboth\"><\/div><\/div> \n\t<\/div>","protected":false},"excerpt":{"rendered":".full-width-6a071f1360a66 { min-height:0px; padding:50px 0 0px; background-attachment:scroll; background-position:left top; background-repeat:repeat; margin-bottom:0px; } PRODUITS .full-width-6a071f1360d7f { min-height:0px; padding:50px 0 30px; background-attachment:scroll; background-position:left top; background-repeat:repeat; margin-bottom:0px; } Natveg Marketing, S.L. produit, commercialise et distribue une grande vari\u00e9t\u00e9 de l\u00e9gumes sont class\u00e9s en quatre grandes lignes de produits: .full-width-6a071f1361057 { min-height:0px; padding:0px 0 10px; background-attachment:scroll; background-position:left top; background-repeat:repeat; [...]","protected":false},"author":2,"featured_media":0,"parent":0,"menu_order":0,"comment_status":"closed","ping_status":"closed","template":"","meta":{"footnotes":""},"class_list":["post-91","page","type-page","status-publish","hentry"],"aioseo_notices":[],"_links":{"self":[{"href":"https:\/\/natveg.es\/fr\/wp-json\/wp\/v2\/pages\/91","targetHints":{"allow":["GET"]}}],"collection":[{"href":"https:\/\/natveg.es\/fr\/wp-json\/wp\/v2\/pages"}],"about":[{"href":"https:\/\/natveg.es\/fr\/wp-json\/wp\/v2\/types\/page"}],"author":[{"embeddable":true,"href":"https:\/\/natveg.es\/fr\/wp-json\/wp\/v2\/users\/2"}],"replies":[{"embeddable":true,"href":"https:\/\/natveg.es\/fr\/wp-json\/wp\/v2\/comments?post=91"}],"version-history":[{"count":102,"href":"https:\/\/natveg.es\/fr\/wp-json\/wp\/v2\/pages\/91\/revisions"}],"predecessor-version":[{"id":379,"href":"https:\/\/natveg.es\/fr\/wp-json\/wp\/v2\/pages\/91\/revisions\/379"}],"wp:attachment":[{"href":"https:\/\/natveg.es\/fr\/wp-json\/wp\/v2\/media?parent=91"}],"curies":[{"name":"wp","href":"https:\/\/api.w.org\/{rel}","templated":true}]}}