{"id":81,"date":"2016-12-02T13:55:19","date_gmt":"2016-12-02T13:55:19","guid":{"rendered":"http:\/\/natveg.es\/?page_id=81"},"modified":"2017-06-07T12:27:28","modified_gmt":"2017-06-07T12:27:28","slug":"empresa","status":"publish","type":"page","link":"https:\/\/natveg.es\/fr\/empresa","title":{"rendered":"Soci\u00e9t\u00e9"},"content":{"rendered":"<div class=\"clearboth\"><\/div><\/div><\/div><\/div><div id=\"mk-page-section-6a096d5b94250\" data-intro-effect=\"false\" class=\"full-width-6a096d5b94250  mk-animate-element scale-up  full-height-false parallax-false mk-page-section mk-blur-parent mk-shortcode  \" data-speedFactor=\"0.3\"><div class=\"mk-video-color-mask\"><\/div><div class=\"mk-grid vc_row-fluid page-section-content\"><div class=\"mk-padding-wrapper\">\n\t<div style=\"\" class=\"vc_col-sm-12 wpb_column column_container \">\n\t\t\t<div class=\"mk-image-shortcode mk-shortcode   align-left simple-frame inside-image \" style=\"max-width: 1090px; margin-bottom:0px\"><div class=\"mk-image-inner\"><img decoding=\"async\" class=\"lightbox-false\" alt=\"\" title=\"\" src=\"http:\/\/natveg.es\/wp-content\/uploads\/1-.jpg1.jpg\" \/><\/div><div class=\"clearboth\"><\/div><\/div>\n\t<\/div><\/div><div class=\"clearboth\"><\/div><\/div><div class=\"clearboth\"><\/div><\/div>\n<style type='text\/css'>\n.full-width-6a096d5b94250 {\n    min-height:0px;\n    padding:50px 0 0px;\n    \n    background-attachment:scroll;\n    \n    background-position:left top;\n    background-repeat:repeat;\n    margin-bottom:0px;\n    \n}\n     <\/style><div class=\"mk-main-wrapper-holder\"><div class=\"theme-page-wrapper  -layout mk-grid vc_row-fluid row-fluid\"><div class=\"theme-content \"><div class=\"clearboth\"><\/div><\/div><\/div><\/div><div id=\"mk-page-section-6a096d5b9455e\" data-intro-effect=\"false\" class=\"full-width-6a096d5b9455e  mk-animate-element scale-up  full-height-false parallax-false mk-page-section mk-blur-parent mk-shortcode  \" data-speedFactor=\"0.3\"><div class=\"mk-video-color-mask\"><\/div><div class=\"mk-grid vc_row-fluid page-section-content\"><div class=\"mk-padding-wrapper\">\n\t<div style=\"\" class=\"vc_col-sm-12 wpb_column column_container \">\n\t\t\t<h2 style=\"font-size: 35px;text-align:center;color: #275e02;font-style:inhert;font-weight:bold;margin-top:0px;margin-bottom:0px; text-transform:uppercase;letter-spacing:0px;\" id=\"fancy-title-6a096d5b94758\" class=\"mk-shortcode mk-fancy-title fancy-title-align-center pattern-style \"><span style=\"padding:0 8px;\">\nSOCI\u00c9T\u00c9\n<\/span><\/h2><div class=\"clearboth\"><\/div>\n\t<\/div><\/div><div class=\"clearboth\"><\/div><\/div><div class=\"clearboth\"><\/div><\/div>\n<style type='text\/css'>\n.full-width-6a096d5b9455e {\n    min-height:0px;\n    padding:50px 0 30px;\n    \n    background-attachment:scroll;\n    \n    background-position:left top;\n    background-repeat:repeat;\n    margin-bottom:0px;\n    \n}\n     <\/style><div class=\"mk-main-wrapper-holder\"><div class=\"theme-page-wrapper  -layout mk-grid vc_row-fluid row-fluid\"><div class=\"theme-content \"><div class=\"clearboth\"><\/div><\/div><\/div><\/div><div id=\"mk-page-section-6a096d5b9482f\" data-intro-effect=\"false\" class=\"full-width-6a096d5b9482f  mk-animate-element scale-up  full-height-false parallax-false mk-page-section mk-blur-parent mk-shortcode  \" data-speedFactor=\"0.3\"><div class=\"mk-video-color-mask\"><\/div><div class=\"mk-grid vc_row-fluid page-section-content\"><div class=\"mk-padding-wrapper\">\n\t<div style=\"\" class=\"vc_col-sm-12 wpb_column column_container \">\n\t\t\t\t<div style=\" margin-bottom:0px;text-align: left;\" class=\"mk-text-block  \"><p><strong>NATVEG MARKETING, S.L.<\/strong> est une entreprise familiale fond\u00e9e en 1987. L&rsquo;installation est situ\u00e9e dans la r\u00e9gion de Torre Pacheco, dans la province de Murcie (Espagne). Cette zone fait partie du champ dit de Carthag\u00e8ne, situ\u00e9e dans le sud-est de l&rsquo;Espagne.<\/p>\n<p>La soci\u00e9t\u00e9 est sp\u00e9cialis\u00e9e dans la production de brocoli au plus haut niveau et au cours des derni\u00e8res ann\u00e9es, a \u00e9largi son portefeuille de cultures pour le sexe du Brassicas, y compris le chou-fleur, chou et beaked de Kale, qui plus r\u00e9cemment rejoint la production citrouille et le d\u00e9veloppement de la production de pommes de terre.<\/p>\n<p>Alors que les bureaux de l&rsquo;entreprise sont situ\u00e9s dans la r\u00e9gion de Carthag\u00e8ne, une grande partie du succ\u00e8s de <strong>NATVEG MARKETING, S.L.<\/strong> pour maintenir la qualit\u00e9 et la continuit\u00e9 de l&rsquo;approvisionnement est due \u00e0 la diversit\u00e9 de ses zones agricoles qui n\u00e9cessitent la logistique et la planification d&rsquo;experts. Les plantes sont cultiv\u00e9es \u00e0 diff\u00e9rents niveaux: 700 m\u00e8tres, 350 m\u00e8tres et le niveau de la mer. Au total, les zones de croissance couvrent environ 3.000 hectares, avec l&rsquo;irrigation et la fertilisation exclusive.<\/p>\n<p><strong>NATVEG MARKETING, S.L.<\/strong> a toujours maintenu une politique de communication directe et le d\u00e9veloppement avec ses clients afin de maintenir une compr\u00e9hension claire de leurs besoins. La soci\u00e9t\u00e9 travaille \u00e9galement avec des entreprises de transport ind\u00e9pendantes jouent un r\u00f4le vital dans la prestation en temps opportun.<\/p>\n<p><strong>NATVEG MARKETING, S.L.<\/strong> de ses origines a commenc\u00e9 comme une entreprise exportatrice propre de la production agricole. <strong>NATVEG MARKETING, S.L.<\/strong> a \u00e9t\u00e9 au service des besoins du march\u00e9 britannique pour le brocoli depuis plus de 20 ans. NATVEG MARKETING, S.L. est aujourd&rsquo;hui consid\u00e9r\u00e9 comme l&rsquo;un des principaux producteurs de crucif\u00e8res en Europe avec l&rsquo;une des plus grandes parts du march\u00e9 britannique.<\/p>\n<p>En 2009 <strong>NATVEG MARKETING, S.L.<\/strong> a remport\u00e9 le prix \u00ab\u00a0Vegetable Grower de theyear\u00a0\u00bb par la cha\u00eene de supermarch\u00e9s britannique TESCO.<\/p>\n<p><strong>NATVEG MARKETING, S.L.<\/strong> depuis sa cr\u00e9ation \u00e9tablie comme l&rsquo;une de ses principales politiques de relation directe avec le consommateur, la promotion de canaux directs de distribution, assurant la rentabilit\u00e9 maximale et des produits de meilleure qualit\u00e9 de la production \u00e0 la vente.<\/p>\n<p>L&rsquo;engagement \u00e0 l&rsquo;innovation technologique dans les deux leurs cultures et leurs produits d&#8217;emballage qu&rsquo;il soit l&rsquo;une des entreprises pionni\u00e8res dans le secteur agricole espagnol dans la mise en \u0153uvre des protocoles de qualit\u00e9. Donc <strong>NATVEG MARKETING, S.L.<\/strong> a toutes les certifications requises actuellement au niveau europ\u00e9en:<\/p>\n<div class=\"clearboth\"><\/div><\/div> \n\t<\/div><\/div><div class=\"clearboth\"><\/div><\/div><div class=\"clearboth\"><\/div><\/div>\n<style type='text\/css'>\n.full-width-6a096d5b9482f {\n    min-height:0px;\n    padding:0px 0 50px;\n    \n    background-attachment:scroll;\n    \n    background-position:left top;\n    background-repeat:repeat;\n    margin-bottom:0px;\n    \n}\n     <\/style><div class=\"mk-main-wrapper-holder\"><div class=\"theme-page-wrapper  -layout mk-grid vc_row-fluid row-fluid\"><div class=\"theme-content \">\n\t<div style=\"\" class=\"vc_col-sm-4 wpb_column column_container \">\n\t\t\t\t<div style=\"text-align: left;\" class=\"mk-text-block  \"><div class=\"clearboth\"><\/div><\/div> \n\t<\/div>\n\t<div style=\"\" class=\"vc_col-sm-4 wpb_column column_container \">\n\t\t\t\t<div style=\"text-align: left;\" class=\"mk-text-block  \"><div class=\"clearboth\"><\/div><\/div> \n\t<\/div>","protected":false},"excerpt":{"rendered":".full-width-6a096d5b983ab { min-height:0px; padding:50px 0 0px; background-attachment:scroll; background-position:left top; background-repeat:repeat; margin-bottom:0px; } SOCI\u00c9T\u00c9 .full-width-6a096d5b986d6 { min-height:0px; padding:50px 0 30px; background-attachment:scroll; background-position:left top; background-repeat:repeat; margin-bottom:0px; } NATVEG MARKETING, S.L. est une entreprise familiale fond\u00e9e en 1987. L'installation est situ\u00e9e dans la r\u00e9gion de Torre Pacheco, dans la province de Murcie (Espagne). Cette zone fait partie du [...]","protected":false},"author":2,"featured_media":0,"parent":0,"menu_order":0,"comment_status":"closed","ping_status":"closed","template":"","meta":{"footnotes":""},"class_list":["post-81","page","type-page","status-publish","hentry"],"aioseo_notices":[],"_links":{"self":[{"href":"https:\/\/natveg.es\/fr\/wp-json\/wp\/v2\/pages\/81","targetHints":{"allow":["GET"]}}],"collection":[{"href":"https:\/\/natveg.es\/fr\/wp-json\/wp\/v2\/pages"}],"about":[{"href":"https:\/\/natveg.es\/fr\/wp-json\/wp\/v2\/types\/page"}],"author":[{"embeddable":true,"href":"https:\/\/natveg.es\/fr\/wp-json\/wp\/v2\/users\/2"}],"replies":[{"embeddable":true,"href":"https:\/\/natveg.es\/fr\/wp-json\/wp\/v2\/comments?post=81"}],"version-history":[{"count":25,"href":"https:\/\/natveg.es\/fr\/wp-json\/wp\/v2\/pages\/81\/revisions"}],"predecessor-version":[{"id":381,"href":"https:\/\/natveg.es\/fr\/wp-json\/wp\/v2\/pages\/81\/revisions\/381"}],"wp:attachment":[{"href":"https:\/\/natveg.es\/fr\/wp-json\/wp\/v2\/media?parent=81"}],"curies":[{"name":"wp","href":"https:\/\/api.w.org\/{rel}","templated":true}]}}