{"id":500,"date":"2026-03-26T12:14:11","date_gmt":"2026-03-26T12:14:11","guid":{"rendered":"https:\/\/natveg.es\/?page_id=500"},"modified":"2026-03-26T14:06:52","modified_gmt":"2026-03-26T14:06:52","slug":"politicas-de-privacidad","status":"publish","type":"page","link":"https:\/\/natveg.es\/fr\/politicas-de-privacidad","title":{"rendered":"Politicas de Privacidad"},"content":{"rendered":"<div class=\"clearboth\"><\/div><\/div><\/div><\/div><div id=\"mk-page-section-69fa2433e5918\" data-intro-effect=\"false\" class=\"full-width-69fa2433e5918  full-height- parallax-false mk-page-section mk-blur-parent mk-shortcode  \" data-speedFactor=\"\"><div class=\"mk-video-color-mask\"><\/div><div class=\"mk-main-wrapper-holder\"><div class=\"theme-page-wrapper -layout mk-grid vc_row-fluid row-fluid page-section-content\"><div class=\"theme-content\">\n\n\t<div style=\"\" class=\"vc_col-sm-12 wpb_column column_container \">\n\t\t\t\n<h2 style=\"font-size: 35px;text-align:center;color: #3c6318;font-style:inherit;font-weight:bold;margin-top:0px;margin-bottom:20px; text-transform:uppercase;\" id=\"fancy-title-69fa2433e5b80\" class=\"mk-shortcode mk-fancy-title fancy-title-align-center pattern-style \"><span style=\"padding:0 8px;\">\nPOLITIQUE DE CONFIDENTIALIT\u00c9 \u2013 D\u00c9NONCIATIONS\n<\/span><\/h2><div class=\"clearboth\"><\/div>\n\t<div style=\"text-align: left;\" class=\"mk-text-block  \"><p>Chez **Soci\u00e9t\u00e9 du Groupe Agrupa**, nous nous engageons \u00e0 prot\u00e9ger et respecter la vie priv\u00e9e de toutes les personnes utilisant notre Canal de D\u00e9nonciation. Cette Politique de Confidentialit\u00e9 explique comment nous collectons, utilisons et prot\u00e9geons les donn\u00e9es personnelles envoy\u00e9es via notre formulaire s\u00e9curis\u00e9.<\/p>\n<div class=\"clearboth\"><\/div><\/div> \n<h3 style=\"font-size: 20px;text-align:left;color: #3d3d3d;font-style:inherit;font-weight:normal;margin-top:30px;margin-bottom:20px; text-transform:uppercase;\" id=\"fancy-title-69fa2433e5cdd\" class=\"mk-shortcode mk-fancy-title fancy-title-align-left pattern-style \"><span style=\"padding-right:8px;\">\nDonn\u00e9es collect\u00e9es\n<\/span><\/h3><div class=\"clearboth\"><\/div>\n\t<div style=\"text-align: left;\" class=\"mk-text-block  \"><p>Via le formulaire de d\u00e9nonciation, les donn\u00e9es suivantes peuvent \u00eatre collect\u00e9es :<br \/>\n\u2022 Nom et pr\u00e9nom<br \/>\n\u2022 T\u00e9l\u00e9phone<br \/>\n\u2022 Email<br \/>\n\u2022 Description de la d\u00e9nonciation<br \/>\n\u2022 Documents joints<\/p>\n<div class=\"clearboth\"><\/div><\/div> \n<h3 style=\"font-size: 20px;text-align:left;color: #3d3d3d;font-style:inherit;font-weight:normal;margin-top:30px;margin-bottom:20px; text-transform:uppercase;\" id=\"fancy-title-69fa2433e5e20\" class=\"mk-shortcode mk-fancy-title fancy-title-align-left pattern-style \"><span style=\"padding-right:8px;\">\nFinalit\u00e9 et Conservation\n<\/span><\/h3><div class=\"clearboth\"><\/div>\n\t<div style=\"text-align: left;\" class=\"mk-text-block  \"><p>Les donn\u00e9es personnelles auxquelles **Soci\u00e9t\u00e9 du Groupe Agrupa** a acc\u00e8s \u00e0 la suite de la soumission d\u2019une d\u00e9nonciation seront prot\u00e9g\u00e9es et conserv\u00e9es de mani\u00e8re \u00e0 ce que personne n\u2019y ait acc\u00e8s.<\/p>\n<p>Les informations ou d\u00e9nonciations seront enregistr\u00e9es dans le registre correspondant de mani\u00e8re **confidentielle**, et tous les documents g\u00e9n\u00e9r\u00e9s lors de l\u2019ouverture du processus seront consign\u00e9s.<\/p>\n<p>Les donn\u00e9es seront conserv\u00e9es uniquement pendant le temps strictement n\u00e9cessaire, puis supprim\u00e9es \u00e0 l\u2019expiration du d\u00e9lai de prescription l\u00e9gal, qui **ne pourra jamais d\u00e9passer dix ans**.<\/p>\n<p>Pendant la conservation de ces documents, leur acc\u00e8s restera limit\u00e9 conform\u00e9ment \u00e0 la loi sur la protection des donn\u00e9es.<\/p>\n<div class=\"clearboth\"><\/div><\/div> \n<h3 style=\"font-size: 20px;text-align:left;color: #3d3d3d;font-style:inherit;font-weight:normal;margin-top:30px;margin-bottom:20px; text-transform:uppercase;\" id=\"fancy-title-69fa2433e5f72\" class=\"mk-shortcode mk-fancy-title fancy-title-align-left pattern-style \"><span style=\"padding-right:8px;\">\nBase l\u00e9gale\n<\/span><\/h3><div class=\"clearboth\"><\/div>\n\t<div style=\"text-align: left;\" class=\"mk-text-block  \"><p>Le traitement de vos donn\u00e9es est effectu\u00e9 avec votre **consentement explicite** en acceptant la politique de confidentialit\u00e9 avant de soumettre la d\u00e9nonciation.<\/p>\n<div class=\"clearboth\"><\/div><\/div> \n<h3 style=\"font-size: 20px;text-align:left;color: #3d3d3d;font-style:inherit;font-weight:normal;margin-top:30px;margin-bottom:20px; text-transform:uppercase;\" id=\"fancy-title-69fa2433e60ad\" class=\"mk-shortcode mk-fancy-title fancy-title-align-left pattern-style \"><span style=\"padding-right:8px;\">\nDroits de l\u2019utilisateur\n<\/span><\/h3><div class=\"clearboth\"><\/div>\n\t<div style=\"text-align: left;\" class=\"mk-text-block  \"><p>Vous avez le droit de :<br \/>\n\u2022 Acc\u00e9der \u00e0 vos donn\u00e9es<br \/>\n\u2022 Rectifier des informations incorrectes<br \/>\n\u2022 Demander la suppression de vos donn\u00e9es<br \/>\n\u2022 Limiter ou vous opposer au traitement<br \/>\n\u2022 La portabilit\u00e9 de vos donn\u00e9es<\/p>\n<p>Pour exercer ces droits, vous pouvez nous contacter \u00e0 **[personal@natveg.es]**.<\/p>\n<div class=\"clearboth\"><\/div><\/div> \n<h3 style=\"font-size: 20px;text-align:left;color: #3d3d3d;font-style:inherit;font-weight:normal;margin-top:30px;margin-bottom:20px; text-transform:uppercase;\" id=\"fancy-title-69fa2433e6226\" class=\"mk-shortcode mk-fancy-title fancy-title-align-left pattern-style \"><span style=\"padding-right:8px;\">\nS\u00e9curit\u00e9 et modifications\n<\/span><\/h3><div class=\"clearboth\"><\/div>\n\t<div style=\"text-align: left;\" class=\"mk-text-block  \"><p>Nous mettons en place des mesures techniques et organisationnelles pour prot\u00e9ger vos donn\u00e9es contre tout acc\u00e8s non autoris\u00e9, perte ou divulgation.<\/p>\n<p>Nous pouvons mettre \u00e0 jour cette Politique de Confidentialit\u00e9 \u00e0 tout moment ; la version la plus r\u00e9cente sera toujours disponible sur cette page.<\/p>\n<div class=\"clearboth\"><\/div><\/div> \n\n\t<\/div>\n<div class=\"clearboth\"><\/div><\/div><aside id=\"mk-sidebar\" class=\"mk-builtin\"><div class=\"sidebar-wrapper\" style=\"padding-top:0;padding-bottom:0;\"><\/div><\/aside><\/div><\/div><div class=\"clearboth\"><\/div><\/div>\n<style type='text\/css'>\n.full-width-69fa2433e5918 {\n    min-height:100px;\n    padding:0px 0 0px;\n    \n    background-attachment:;\n    background-color:#ffffff;\n    background-position:left top;\n    background-repeat:repeat;\n    margin-bottom:10px;\n    \n}\n     \n.full-width-69fa2433e5918 .mk-fancy-title.pattern-style span, \n.full-width-69fa2433e5918 .mk-blog-view-all\n{\n    background-color: #ffffff !important;\n}<\/style><div class=\"mk-main-wrapper-holder\"><div class=\"theme-page-wrapper  -layout mk-grid vc_row-fluid row-fluid\"><div class=\"theme-content \">","protected":false},"excerpt":{"rendered":"POLITIQUE DE CONFIDENTIALIT\u00c9 \u2013 D\u00c9NONCIATIONS Chez **Soci\u00e9t\u00e9 du Groupe Agrupa**, nous nous engageons \u00e0 prot\u00e9ger et respecter la vie priv\u00e9e de toutes les personnes utilisant notre Canal de D\u00e9nonciation. Cette Politique de Confidentialit\u00e9 explique comment nous collectons, utilisons et prot\u00e9geons les donn\u00e9es personnelles envoy\u00e9es via notre formulaire s\u00e9curis\u00e9. Donn\u00e9es collect\u00e9es Via le formulaire de d\u00e9nonciation, [...]","protected":false},"author":2,"featured_media":0,"parent":0,"menu_order":0,"comment_status":"closed","ping_status":"closed","template":"","meta":{"footnotes":""},"class_list":["post-500","page","type-page","status-publish","hentry"],"aioseo_notices":[],"_links":{"self":[{"href":"https:\/\/natveg.es\/fr\/wp-json\/wp\/v2\/pages\/500","targetHints":{"allow":["GET"]}}],"collection":[{"href":"https:\/\/natveg.es\/fr\/wp-json\/wp\/v2\/pages"}],"about":[{"href":"https:\/\/natveg.es\/fr\/wp-json\/wp\/v2\/types\/page"}],"author":[{"embeddable":true,"href":"https:\/\/natveg.es\/fr\/wp-json\/wp\/v2\/users\/2"}],"replies":[{"embeddable":true,"href":"https:\/\/natveg.es\/fr\/wp-json\/wp\/v2\/comments?post=500"}],"version-history":[{"count":14,"href":"https:\/\/natveg.es\/fr\/wp-json\/wp\/v2\/pages\/500\/revisions"}],"predecessor-version":[{"id":515,"href":"https:\/\/natveg.es\/fr\/wp-json\/wp\/v2\/pages\/500\/revisions\/515"}],"wp:attachment":[{"href":"https:\/\/natveg.es\/fr\/wp-json\/wp\/v2\/media?parent=500"}],"curies":[{"name":"wp","href":"https:\/\/api.w.org\/{rel}","templated":true}]}}