{"id":448,"date":"2026-03-02T12:56:54","date_gmt":"2026-03-02T12:56:54","guid":{"rendered":"https:\/\/natveg.es\/?page_id=448"},"modified":"2026-03-26T12:44:43","modified_gmt":"2026-03-26T12:44:43","slug":"canaldenuncias","status":"publish","type":"page","link":"https:\/\/natveg.es\/fr\/canaldenuncias","title":{"rendered":"CANAL DE SIGNALEMENT"},"content":{"rendered":"<div class=\"clearboth\"><\/div><\/div><\/div><\/div><div id=\"mk-page-section-6a01f3ef4a5f3\" data-intro-effect=\"false\" class=\"full-width-6a01f3ef4a5f3  full-height- parallax-false mk-page-section mk-blur-parent mk-shortcode  \" data-speedFactor=\"\"><div class=\"mk-video-color-mask\"><\/div><div class=\"mk-main-wrapper-holder\"><div class=\"theme-page-wrapper -layout mk-grid vc_row-fluid row-fluid page-section-content\"><div class=\"theme-content\">\n\t<div style=\"\" class=\"vc_col-sm-12 wpb_column column_container \">\n\t\t\t<h2 style=\"font-size: 35px;text-align:center;color: #3c6318;font-style:inhert;font-weight:bold;margin-top:0px;margin-bottom:20px; text-transform:uppercase;letter-spacing:0px;\" id=\"fancy-title-6a01f3ef4a85a\" class=\"mk-shortcode mk-fancy-title fancy-title-align-center pattern-style \"><span style=\"padding:0 8px;\">\nCANAL DE SIGNALEMENT\n<\/span><\/h2><div class=\"clearboth\"><\/div>\t<div style=\"text-align: left;\" class=\"mk-text-block  \"><p>Conform\u00e9ment \u00e0 la Loi 2\/2023 du 20 f\u00e9vrier, relative \u00e0 la protection des personnes signalant des infractions r\u00e9glementaires et \u00e0 la lutte contre la corruption, nous mettons \u00e0 votre disposition notre Canal de Signalement.<\/p>\n<p>Ce canal vous permet de signaler, de mani\u00e8re confidentielle et s\u00e9curis\u00e9e, toute \u00e9ventuelle :<\/p>\n<p>\u2022 Non-conformit\u00e9 l\u00e9gale ou r\u00e9glementaire<br \/>\n\u2022 Conduite irr\u00e9guli\u00e8re ou frauduleuse<br \/>\n\u2022 Violation du Code d\u2019\u00e9thique<br \/>\n\u2022 Pratiques contraires \u00e0 la r\u00e9glementation interne ou externe<\/p>\n<div class=\"clearboth\"><\/div><\/div> <h3 style=\"font-size: 20px;text-align:left;color: #3d3d3d;font-style:inherit;font-weight:normal;margin-top:30px;margin-bottom:20px; text-transform:uppercase;\" id=\"fancy-title-6a01f3ef4a9c1\" class=\"mk-shortcode mk-fancy-title fancy-title-align-left pattern-style \"><span style=\"padding-right:8px;\">\nConfidentialit\u00e9 et Protection\n<\/span><\/h3><div class=\"clearboth\"><\/div>\t<div style=\"text-align: left;\" class=\"mk-text-block  \"><p>\u2022 La confidentialit\u00e9 de l\u2019identit\u00e9 du lanceur d\u2019alerte est garantie.<br \/>\n\u2022 Aucune mesure de repr\u00e9sailles ne sera prise contre les personnes signalant des faits de bonne foi.<br \/>\n\u2022 Les communications peuvent \u00eatre effectu\u00e9es de mani\u00e8re identifi\u00e9e ou anonyme.<br \/>\n\u2022 Le traitement des donn\u00e9es personnelles sera r\u00e9alis\u00e9 conform\u00e9ment au RGPD et \u00e0 la r\u00e9glementation en vigueur.<\/p>\n<div class=\"clearboth\"><\/div><\/div> <h3 style=\"font-size: 20px;text-align:left;color: #3d3d3d;font-style:inherit;font-weight:normal;margin-top:30px;margin-bottom:20px; text-transform:uppercase;\" id=\"fancy-title-6a01f3ef4ab37\" class=\"mk-shortcode mk-fancy-title fancy-title-align-left pattern-style \"><span style=\"padding-right:8px;\">\nFormulaire de Signalement\n<\/span><\/h3><div class=\"clearboth\"><\/div>\t<div style=\"text-align: left;\" class=\"mk-text-block  \"><p>Vous pouvez soumettre votre signalement via le formulaire s\u00e9curis\u00e9 suivant :<\/p>\n<div class=\"clearboth\"><\/div><\/div> \n<div class=\"wpcf7 no-js\" id=\"wpcf7-f492-o3\" lang=\"es-ES\" dir=\"ltr\" data-wpcf7-id=\"492\">\n<div class=\"screen-reader-response\"><p role=\"status\" aria-live=\"polite\" aria-atomic=\"true\"><\/p> <ul><\/ul><\/div>\n<form action=\"\/fr\/wp-json\/wp\/v2\/pages\/448#wpcf7-f492-o3\" method=\"post\" class=\"wpcf7-form init\" aria-label=\"Formulario de contacto\" enctype=\"multipart\/form-data\" novalidate=\"novalidate\" data-status=\"init\">\n<fieldset class=\"hidden-fields-container\"><input type=\"hidden\" name=\"_wpcf7\" value=\"492\" \/><input type=\"hidden\" name=\"_wpcf7_version\" value=\"6.1.5\" \/><input type=\"hidden\" name=\"_wpcf7_locale\" value=\"es_ES\" \/><input type=\"hidden\" name=\"_wpcf7_unit_tag\" value=\"wpcf7-f492-o3\" \/><input type=\"hidden\" name=\"_wpcf7_container_post\" value=\"0\" \/><input type=\"hidden\" name=\"_wpcf7_posted_data_hash\" value=\"\" \/>\n<\/fieldset>\n<p><span class=\"wpcf7-form-control-wrap\" data-name=\"your-name\"><input size=\"40\" maxlength=\"400\" class=\"wpcf7-form-control wpcf7-text\" aria-invalid=\"false\" value=\"Pr\u00e9nom\" type=\"text\" name=\"your-name\" \/><\/span>\n<\/p>\n<p><span class=\"wpcf7-form-control-wrap\" data-name=\"text-64\"><input size=\"40\" maxlength=\"400\" class=\"wpcf7-form-control wpcf7-text\" aria-invalid=\"false\" value=\"Nom\" type=\"text\" name=\"text-64\" \/><\/span>\n<\/p>\n<p><span class=\"wpcf7-form-control-wrap\" data-name=\"text-66\"><input size=\"40\" maxlength=\"400\" class=\"wpcf7-form-control wpcf7-text wpcf7-validates-as-required\" aria-required=\"true\" aria-invalid=\"false\" value=\"T\u00e9l\u00e9phone\" type=\"text\" name=\"text-66\" \/><\/span>\n<\/p>\n<p><span class=\"wpcf7-form-control-wrap\" data-name=\"email\"><input size=\"40\" maxlength=\"400\" class=\"wpcf7-form-control wpcf7-email wpcf7-validates-as-required wpcf7-text wpcf7-validates-as-email\" aria-required=\"true\" aria-invalid=\"false\" value=\"Email\" type=\"email\" name=\"email\" \/><\/span>\n<\/p>\n<p><span class=\"wpcf7-form-control-wrap\" data-name=\"text-67\"><input size=\"40\" maxlength=\"400\" class=\"wpcf7-form-control wpcf7-text wpcf7-validates-as-required\" aria-required=\"true\" aria-invalid=\"false\" value=\"Description de la plainte\" type=\"text\" name=\"text-67\" \/><\/span>\n<\/p>\n<p>Joindre des documents (Limite 2 Mo)\n<\/p>\n<p><span class=\"wpcf7-form-control-wrap\" data-name=\"file-450\"><input size=\"40\" class=\"wpcf7-form-control wpcf7-file\" accept=\"audio\/*,video\/*,image\/*\" aria-invalid=\"false\" type=\"file\" name=\"file-450\" \/><\/span>\n<\/p>\n<p><span class=\"wpcf7-form-control-wrap\" data-name=\"privacy\"><span class=\"wpcf7-form-control wpcf7-checkbox wpcf7-validates-as-required\"><span class=\"wpcf7-list-item first last\"><label><input type=\"checkbox\" name=\"privacy[]\" value=\"J&#039;ai lu et j&#039;accepte la\" \/><span class=\"wpcf7-list-item-label\">J&#039;ai lu et j&#039;accepte la<\/span><\/label><\/span><\/span><\/span><a href=\"https:\/\/natveg.es\/politicas-de-privacidad\" target=\"_blank\"><strong> Politique de Confidentialit\u00e9<\/strong><\/a>\n<\/p>\n<p>[recaptcha]\n<\/p>\n<p><input class=\"wpcf7-form-control wpcf7-submit has-spinner\" type=\"submit\" value=\"Envoyer\" \/>\n<\/p><div class=\"wpcf7-response-output\" aria-hidden=\"true\"><\/div>\n<\/form>\n<\/div>\n\n\t<\/div><div class=\"clearboth\"><\/div><\/div><aside id=\"mk-sidebar\" class=\"mk-builtin\"><div class=\"sidebar-wrapper\" style=\"padding-top:0;padding-bottom:0;\"><\/div><\/aside><\/div><\/div><div class=\"clearboth\"><\/div><\/div>\n<style type='text\/css'>\n.full-width-6a01f3ef4a5f3 {\n    min-height:100px;\n    padding:0px 0 0px;\n    \n    background-attachment:;\n    background-color:#ffffff;\n    background-position:left top;\n    background-repeat:repeat;\n    margin-bottom:10px;\n    \n}\n     \n.full-width-6a01f3ef4a5f3 .mk-fancy-title.pattern-style span, \n.full-width-6a01f3ef4a5f3 .mk-blog-view-all\n{\n    background-color: #ffffff !important;\n}<\/style><div class=\"mk-main-wrapper-holder\"><div class=\"theme-page-wrapper  -layout mk-grid vc_row-fluid row-fluid\"><div class=\"theme-content \">","protected":false},"excerpt":{"rendered":"CANAL DE SIGNALEMENT Conform\u00e9ment \u00e0 la Loi 2\/2023 du 20 f\u00e9vrier, relative \u00e0 la protection des personnes signalant des infractions r\u00e9glementaires et \u00e0 la lutte contre la corruption, nous mettons \u00e0 votre disposition notre Canal de Signalement. Ce canal vous permet de signaler, de mani\u00e8re confidentielle et s\u00e9curis\u00e9e, toute \u00e9ventuelle : \u2022 Non-conformit\u00e9 l\u00e9gale ou [...]","protected":false},"author":2,"featured_media":0,"parent":0,"menu_order":0,"comment_status":"closed","ping_status":"closed","template":"","meta":{"footnotes":""},"class_list":["post-448","page","type-page","status-publish","hentry"],"aioseo_notices":[],"_links":{"self":[{"href":"https:\/\/natveg.es\/fr\/wp-json\/wp\/v2\/pages\/448","targetHints":{"allow":["GET"]}}],"collection":[{"href":"https:\/\/natveg.es\/fr\/wp-json\/wp\/v2\/pages"}],"about":[{"href":"https:\/\/natveg.es\/fr\/wp-json\/wp\/v2\/types\/page"}],"author":[{"embeddable":true,"href":"https:\/\/natveg.es\/fr\/wp-json\/wp\/v2\/users\/2"}],"replies":[{"embeddable":true,"href":"https:\/\/natveg.es\/fr\/wp-json\/wp\/v2\/comments?post=448"}],"version-history":[{"count":31,"href":"https:\/\/natveg.es\/fr\/wp-json\/wp\/v2\/pages\/448\/revisions"}],"predecessor-version":[{"id":498,"href":"https:\/\/natveg.es\/fr\/wp-json\/wp\/v2\/pages\/448\/revisions\/498"}],"wp:attachment":[{"href":"https:\/\/natveg.es\/fr\/wp-json\/wp\/v2\/media?parent=448"}],"curies":[{"name":"wp","href":"https:\/\/api.w.org\/{rel}","templated":true}]}}