{"id":418,"date":"2025-10-05T21:46:09","date_gmt":"2025-10-05T21:46:09","guid":{"rendered":"https:\/\/natveg.es\/?page_id=418"},"modified":"2025-10-07T16:08:16","modified_gmt":"2025-10-07T16:08:16","slug":"electricidad-limpia","status":"publish","type":"page","link":"https:\/\/natveg.es\/fr\/electricidad-limpia","title":{"rendered":"\u00c9lectricit\u00e9 propre"},"content":{"rendered":"<div class=\"clearboth\"><\/div><\/div><\/div><\/div><div id=\"mk-page-section-6a01ea8fbdbe0\" data-intro-effect=\"false\" class=\"full-width-6a01ea8fbdbe0  full-height- parallax-false mk-page-section mk-blur-parent mk-shortcode  \" data-speedFactor=\"\"><div class=\"mk-video-color-mask\"><\/div><div class=\"mk-main-wrapper-holder\"><div class=\"theme-page-wrapper -layout mk-grid vc_row-fluid row-fluid page-section-content\"><div class=\"theme-content\">\n\t<div style=\"\" class=\"vc_col-sm-12 wpb_column column_container \">\n\t\t\t<h1 style=\"font-size: 35px;text-align:center;color: #1a6006;font-style:normal;font-weight:bold;margin-top:0px;margin-bottom:0px; text-transform:uppercase;letter-spacing:0px;\" id=\"fancy-title-6a01ea8fbde09\" class=\"mk-shortcode mk-fancy-title fancy-title-align-center simple-style \"><span style=\"\">\n<p>\u00c9lectricit\u00e9 propre<\/p>\n<\/span><\/h1><div class=\"clearboth\"><\/div>\n\t<\/div><div class=\"clearboth\"><\/div><\/div><aside id=\"mk-sidebar\" class=\"mk-builtin\"><div class=\"sidebar-wrapper\" style=\"padding-top:0;padding-bottom:0;\"><\/div><\/aside><\/div><\/div><div class=\"clearboth\"><\/div><\/div>\n<style type='text\/css'>\n.full-width-6a01ea8fbdbe0 {\n    min-height:100px;\n    padding:10px 0 10px;\n    \n    background-attachment:;\n    \n    background-position:left top;\n    background-repeat:repeat;\n    margin-bottom:10px;\n    \n}\n     <\/style><div class=\"mk-main-wrapper-holder\"><div class=\"theme-page-wrapper  -layout mk-grid vc_row-fluid row-fluid\"><div class=\"theme-content \"><div class=\"clearboth\"><\/div><\/div><\/div><\/div><div id=\"mk-page-section-6a01ea8fbe071\" data-intro-effect=\"false\" class=\"full-width-6a01ea8fbe071  full-height- parallax-false mk-page-section mk-blur-parent mk-shortcode  \" data-speedFactor=\"\"><div class=\"mk-video-color-mask\"><\/div><div class=\"mk-main-wrapper-holder\"><div class=\"theme-page-wrapper -layout mk-grid vc_row-fluid row-fluid page-section-content\"><div class=\"theme-content\">\n\t<div style=\"\" class=\"vc_col-sm-12 wpb_column column_container \">\n\t\t\t\t<div style=\" margin-bottom:0px;text-align: left;\" class=\"mk-text-block  \"><p style=\"text-align: center;\"><strong>Natveg Marketing, S.L.U<\/strong>, a obtenu une aide de l&rsquo;Union europ\u00e9enne, financ\u00e9e par le Fonds Next Generation, dans le cadre du \u00ab Plan de relance, de transformation et de r\u00e9silience \u00bb, pour l&rsquo;installation photovolta\u00efque dans le cadre du programme d&rsquo;incitations li\u00e9es \u00e0 l&rsquo;autoconsommation, et au stockage \u00e0 partir de sources d&rsquo;\u00e9nergie renouvelables, ainsi que pour la mise en place de syst\u00e8mes thermiques renouvelables dans le secteur r\u00e9sidentiel du minist\u00e8re de la Transition \u00e9cologique et du D\u00e9fi d\u00e9mographique, g\u00e9r\u00e9 par l&rsquo;organisme comp\u00e9tent en mati\u00e8re d&rsquo;\u00e9nergie de la r\u00e9gion de Murcie.<br \/>\nL&rsquo;\u00e9lectricit\u00e9 propre produite par ces installations \u00e0 partir de la lumi\u00e8re solaire devrait couvrir 35 % de la demande \u00e9lectrique des entrep\u00f4ts dans lesquels elles sont situ\u00e9es et permettra de r\u00e9duire leurs \u00e9missions de plusieurs centaines de tonnes de CO2 chaque ann\u00e9e.<\/p>\n<div class=\"clearboth\"><\/div><\/div> <div class=\"loop-main-wrapper\"><section id=\"gallery-loop-6a01ea8fbe392\" data-uniqid=\"6a01ea8fbe392\" data-style=\"gallery\" style=\"margin-bottom:20px\" class=\"mk-gallery-shortcode mk-theme-loop  \"><article class=\"gallery-two-column mk-isotop-item gallery-6a01ea8fbe392 mk-gallery-item hover-fadebox simple-frame\"><div class=\"item-holder\" style=\"margin:0 8px 16px\"><div class=\"image-hover-overlay\" ><\/div><a target=\"_blank\" href=\"https:\/\/natveg.es\/wp-content\/uploads\/CARTELPROYECTOSCOMPONENTE7BARRANQUILLO1758814488.pdf\" class=\"mk-image-shortcode-lightbox\"><i class=\"mk-jupiter-icon-plus-circle\"><\/i><\/a><span class=\"gallery-inner\"><img decoding=\"async\" alt=\"\" title=\"\" src=\"https:\/\/natveg.es\/wp-content\/uploads\/bfi_thumb\/Captura-de-pantalla-2025-09-25-160536-rcaimiid7zx366sc2vq1zkg8d37l2jufzuvo4us3bc.png\" \/><\/span><\/div><\/article>\n\n<article class=\"gallery-two-column mk-isotop-item gallery-6a01ea8fbe392 mk-gallery-item hover-fadebox simple-frame\"><div class=\"item-holder\" style=\"margin:0 8px 16px\"><div class=\"image-hover-overlay\" ><\/div><a target=\"_blank\" href=\" https:\/\/natveg.es\/wp-content\/uploads\/CARTELPROYECTOSCOMPONENTE7FTdf1758814488.pdf\" class=\"mk-image-shortcode-lightbox\"><i class=\"mk-jupiter-icon-plus-circle\"><\/i><\/a><span class=\"gallery-inner\"><img decoding=\"async\" alt=\"\" title=\"\" src=\"https:\/\/natveg.es\/wp-content\/uploads\/bfi_thumb\/Captura-de-pantalla-2025-09-25-160854-rcais6hcf1ob5kk1ztw3imz99pa8gvc73wg19wdnt4.png\" \/><\/span><\/div><\/article>\n\n<div class=\"clearboth\"><\/div><\/section><a class=\"mk-loadmore-button\" style=\"display:none;\" href=\"#\"><i class=\"mk-moon-loop-4\"><\/i><i class=\"mk-moon-arrow-down-4\"><\/i>Load More<\/a><div class=\"mk-preloader\"><\/div><\/div>\n\t<\/div><div class=\"clearboth\"><\/div><\/div><aside id=\"mk-sidebar\" class=\"mk-builtin\"><div class=\"sidebar-wrapper\" style=\"padding-top:0;padding-bottom:0;\"><\/div><\/aside><\/div><\/div><div class=\"clearboth\"><\/div><\/div>\n<style type='text\/css'>\n.full-width-6a01ea8fbe071 {\n    min-height:100px;\n    padding:10px 0 10px;\n    \n    background-attachment:;\n    \n    background-position:left top;\n    background-repeat:repeat;\n    margin-bottom:10px;\n    \n}\n     <\/style><div class=\"mk-main-wrapper-holder\"><div class=\"theme-page-wrapper  -layout mk-grid vc_row-fluid row-fluid\"><div class=\"theme-content \">","protected":false},"excerpt":{"rendered":"","protected":false},"author":2,"featured_media":0,"parent":0,"menu_order":0,"comment_status":"closed","ping_status":"closed","template":"","meta":{"footnotes":""},"class_list":["post-418","page","type-page","status-publish","hentry"],"aioseo_notices":[],"_links":{"self":[{"href":"https:\/\/natveg.es\/fr\/wp-json\/wp\/v2\/pages\/418","targetHints":{"allow":["GET"]}}],"collection":[{"href":"https:\/\/natveg.es\/fr\/wp-json\/wp\/v2\/pages"}],"about":[{"href":"https:\/\/natveg.es\/fr\/wp-json\/wp\/v2\/types\/page"}],"author":[{"embeddable":true,"href":"https:\/\/natveg.es\/fr\/wp-json\/wp\/v2\/users\/2"}],"replies":[{"embeddable":true,"href":"https:\/\/natveg.es\/fr\/wp-json\/wp\/v2\/comments?post=418"}],"version-history":[{"count":18,"href":"https:\/\/natveg.es\/fr\/wp-json\/wp\/v2\/pages\/418\/revisions"}],"predecessor-version":[{"id":453,"href":"https:\/\/natveg.es\/fr\/wp-json\/wp\/v2\/pages\/418\/revisions\/453"}],"wp:attachment":[{"href":"https:\/\/natveg.es\/fr\/wp-json\/wp\/v2\/media?parent=418"}],"curies":[{"name":"wp","href":"https:\/\/api.w.org\/{rel}","templated":true}]}}