{"id":2,"date":"2016-07-28T07:19:15","date_gmt":"2016-07-28T07:19:15","guid":{"rendered":"http:\/\/natveg.es\/?page_id=2"},"modified":"2025-10-05T22:28:55","modified_gmt":"2025-10-05T22:28:55","slug":"inicio","status":"publish","type":"page","link":"https:\/\/natveg.es\/fr\/","title":{"rendered":"Inicio"},"content":{"rendered":"<div class=\"clearboth\"><\/div><\/div><\/div><\/div><div id=\"mk-page-section-6a095d7db4272\" data-intro-effect=\"false\" class=\"full-width-6a095d7db4272  full-height-false parallax-false mk-page-section mk-blur-parent mk-shortcode  \" data-speedFactor=\"0.3\"><div class=\"mk-video-color-mask\"><\/div><div class=\"vc_row-fluid page-section-fullwidth page-section-content\"><div class=\"mk-padding-wrapper\">\n\t<div style=\"\" class=\"vc_col-sm-12 wpb_column column_container \">\n\t\t\t[mk_revslider id=\u00a0\u00bbinicio\u00a0\u00bb]\n\t<\/div><\/div><div class=\"clearboth\"><\/div><\/div><div class=\"clearboth\"><\/div><\/div>\n<style type='text\/css'>\n.full-width-6a095d7db4272 {\n    min-height:0px;\n    padding:0px 0 0px;\n    \n    background-attachment:scroll;\n    \n    background-position:left top;\n    background-repeat:repeat;\n    margin-bottom:0px;\n    \n}\n     <\/style><div class=\"mk-main-wrapper-holder\"><div class=\"theme-page-wrapper  -layout mk-grid vc_row-fluid row-fluid\"><div class=\"theme-content \"><div class=\"clearboth\"><\/div><\/div><\/div><\/div><div id=\"mk-page-section-6a095d7db4471\" data-intro-effect=\"false\" class=\"full-width-6a095d7db4471  mk-animate-element scale-up  full-height-false parallax-false mk-page-section mk-blur-parent mk-shortcode  customizado\" data-speedFactor=\"0.3\"><div class=\"mk-video-color-mask\"><\/div><div class=\"mk-grid vc_row-fluid page-section-content\"><div class=\"mk-padding-wrapper\">\n\t<div style=\"\" class=\"vc_col-sm-4 wpb_column column_container \">\n\t\t\t<div id=\"mk-icon-box-6a095d7db4678\" class=\"mk-box-icon-2 box-align-left \">    <div class=\"mk-box-icon-2-image\" style=\"\"><img decoding=\"async\" src=\"http:\/\/natveg.es\/wp-content\/uploads\/1.jpg\" alt=\"\" \/><\/div>    <h3 class=\"mk-box-icon-2-title\" style=\"font-weight:bold; font-size:22px; color:; padding:20px 0 0px 0;\">PRODUCTOS<\/h3>    <div class=\"mk-box-icon-2-content\"><\/div><\/div><div class=\"clearboth\"><\/div><div class=\"mk-shortcode mk-padding-shortcode\" style=\"height:10px\"><\/div><div class=\"clearboth\"><\/div><div class=\"mk-image-shortcode mk-shortcode   align-left simple-frame inside-image \" style=\"max-width: 800px; margin-bottom:10px\"><div class=\"mk-image-inner\"><img decoding=\"async\" class=\"lightbox-false\" alt=\"\" title=\"\" src=\"http:\/\/natveg.es\/wp-content\/uploads\/productos.jpg\" \/><\/div><div class=\"clearboth\"><\/div><\/div>\t<div style=\" margin-bottom:0px;text-align: left;\" class=\"mk-text-block  \"><p><strong>Natveg Marketing, S.L.<\/strong> produce, comercializa y distribuye una amplia variedad de hortalizas que se clasifican en cuatro productos principales:<\/p>\n<div class=\"clearboth\"><\/div><\/div> <div class=\"mk-button-align left\"><a href=\"?page_id=91\" target=\"_self\"  class=\"mk-button dark button-6a095d7db4917 light-color  flat-dimension small pointed \"><span>Leer M\u00e1s\n<\/span><\/a><\/div>\n\n<style type=\"text\/css\">\n    .button-6a095d7db4917 {\n                margin-bottom: 0px;\n                margin-top: 0px;\n                min-width: 0px !important;\n\n        }\n\n        .button-6a095d7db4917 {\n                background-color:#7ea20e;\n\n        }\n        \n            .mk-button.button-6a095d7db4917.flat-dimension:hover {\n                    background-color:#3a4d06 !important;\n                    color:#ffffff !important;\n            }\n        <\/style>\n\t<\/div>\n\t<div style=\"\" class=\"vc_col-sm-4 wpb_column column_container \">\n\t\t\t<div id=\"mk-icon-box-6a095d7db4ac1\" class=\"mk-box-icon-2 box-align-left \">    <div class=\"mk-box-icon-2-image\" style=\"\"><img decoding=\"async\" src=\"http:\/\/natveg.es\/wp-content\/uploads\/2.jpg\" alt=\"\" \/><\/div>    <h3 class=\"mk-box-icon-2-title\" style=\"font-weight:bold; font-size:22px; color:; padding:20px 0 0px 0;\">CALIDAD<\/h3>    <div class=\"mk-box-icon-2-content\"><\/div><\/div><div class=\"clearboth\"><\/div><div class=\"mk-shortcode mk-padding-shortcode\" style=\"height:10px\"><\/div><div class=\"clearboth\"><\/div><div class=\"mk-image-shortcode mk-shortcode   align-left simple-frame inside-image \" style=\"max-width: 800px; margin-bottom:10px\"><div class=\"mk-image-inner\"><img decoding=\"async\" class=\"lightbox-false\" alt=\"\" title=\"\" src=\"http:\/\/natveg.es\/wp-content\/uploads\/calidad.jpg\" \/><\/div><div class=\"clearboth\"><\/div><\/div>\t<div style=\" margin-bottom:0px;text-align: left;\" class=\"mk-text-block  \"><p>Cuidamos cada detalle relacionado con la obtenci\u00f3n de un producto final de excelente calidad.<\/p>\n<div class=\"clearboth\"><\/div><\/div> <div class=\"mk-button-align left\"><a href=\"?page_id=118\" target=\"_self\"  class=\"mk-button dark button-6a095d7db4d4f light-color  flat-dimension small pointed \"><span>Leer M\u00e1s\n<\/span><\/a><\/div>\n\n<style type=\"text\/css\">\n    .button-6a095d7db4d4f {\n                margin-bottom: 0px;\n                margin-top: 0px;\n                min-width: 0px !important;\n\n        }\n\n        .button-6a095d7db4d4f {\n                background-color:#7ea20e;\n\n        }\n        \n            .mk-button.button-6a095d7db4d4f.flat-dimension:hover {\n                    background-color:#3a4d06 !important;\n                    color:#ffffff !important;\n            }\n        <\/style>\n\t<\/div>\n\t<div style=\"\" class=\"vc_col-sm-4 wpb_column column_container \">\n\t\t\t<div id=\"mk-icon-box-6a095d7db4eed\" class=\"mk-box-icon-2 box-align-left \">    <div class=\"mk-box-icon-2-image\" style=\"\"><img decoding=\"async\" src=\"http:\/\/natveg.es\/wp-content\/uploads\/3.jpg\" alt=\"\" \/><\/div>    <h3 class=\"mk-box-icon-2-title\" style=\"font-weight:bold; font-size:22px; color:; padding:20px 0 0px 0;\">CONTACTO<\/h3>    <div class=\"mk-box-icon-2-content\"><\/div><\/div><div class=\"clearboth\"><\/div><div class=\"mk-shortcode mk-padding-shortcode\" style=\"height:10px\"><\/div><div class=\"clearboth\"><\/div><div class=\"mk-image-shortcode mk-shortcode   align-left simple-frame inside-image \" style=\"max-width: 800px; margin-bottom:15px\"><div class=\"mk-image-inner\"><img decoding=\"async\" class=\"lightbox-false\" alt=\"\" title=\"\" src=\"http:\/\/natveg.es\/wp-content\/uploads\/contacto.jpg\" \/><\/div><div class=\"clearboth\"><\/div><\/div><div class=\"mk-button-align left\"><a href=\"?page_id=125\" target=\"_self\"  class=\"mk-button dark button-6a095d7db50bd light-color  flat-dimension small pointed \"><span>Contacto\n<\/span><\/a><\/div>\n\n<style type=\"text\/css\">\n    .button-6a095d7db50bd {\n                margin-bottom: 0px;\n                margin-top: 0px;\n                min-width: 0px !important;\n\n        }\n\n        .button-6a095d7db50bd {\n                background-color:#7ea20e;\n\n        }\n        \n            .mk-button.button-6a095d7db50bd.flat-dimension:hover {\n                    background-color:#3a4d06 !important;\n                    color:#ffffff !important;\n            }\n        <\/style>\n\t<\/div><\/div><div class=\"clearboth\"><\/div><\/div><div class=\"clearboth\"><\/div><\/div>\n<style type='text\/css'>\n.full-width-6a095d7db4471 {\n    min-height:0px;\n    padding:50px 0 50px;\n    \n    background-attachment:scroll;\n    \n    background-position:left top;\n    background-repeat:repeat;\n    margin-bottom:0px;\n    \n}\n     <\/style><div class=\"mk-main-wrapper-holder\"><div class=\"theme-page-wrapper  -layout mk-grid vc_row-fluid row-fluid\"><div class=\"theme-content \"><div class=\"clearboth\"><\/div><\/div><\/div><\/div><div id=\"mk-page-section-6a095d7db5193\" data-intro-effect=\"false\" class=\"full-width-6a095d7db5193  mk-animate-element scale-up  full-height-false parallax-false mk-page-section mk-blur-parent mk-shortcode  \" data-speedFactor=\"0.3\"><div class=\"mk-video-color-mask\"><\/div><div class=\"mk-grid vc_row-fluid page-section-content\"><div class=\"mk-padding-wrapper\">\n\t<div style=\"\" class=\"vc_col-sm-12 wpb_column column_container \">\n\t\t\t<div style=\"padding: 0px 0 0px;\" class=\"mk-divider mk-shortcode divider_full_width center thin_solid \"><div class=\"divider-inner\" style=\"border-top-color:#e4e2e2;border-top-width:1px;\"><\/div><\/div><div class=\"clearboth\"><\/div>\n\t<\/div><\/div><div class=\"clearboth\"><\/div><\/div><div class=\"clearboth\"><\/div><\/div>\n<style type='text\/css'>\n.full-width-6a095d7db5193 {\n    min-height:0px;\n    padding:0px 0 50px;\n    \n    background-attachment:scroll;\n    \n    background-position:left top;\n    background-repeat:repeat;\n    margin-bottom:0px;\n    \n}\n     <\/style><div class=\"mk-main-wrapper-holder\"><div class=\"theme-page-wrapper  -layout mk-grid vc_row-fluid row-fluid\"><div class=\"theme-content \"><div class=\"clearboth\"><\/div><\/div><\/div><\/div><div id=\"mk-page-section-6a095d7db5430\" data-intro-effect=\"false\" class=\"full-width-6a095d7db5430  mk-animate-element scale-up  full-height-false parallax-false mk-page-section mk-blur-parent mk-shortcode  \" data-speedFactor=\"0.3\"><div class=\"mk-video-color-mask\"><\/div><div class=\"mk-grid vc_row-fluid page-section-content\"><div class=\"mk-padding-wrapper\">\n\t<div style=\"\" class=\"vc_col-sm-6 wpb_column column_container \">\n\t\t\t<h2 style=\"font-size: 22px;text-align:left;color: #000000;font-style:inhert;font-weight:bold;margin-top:0px;margin-bottom:25px; text-transform:uppercase;letter-spacing:0px;\" id=\"fancy-title-6a095d7db5630\" class=\"mk-shortcode mk-fancy-title fancy-title-align-left simple-style \"><span style=\"\">\n<p>BIENVENIDOS A NATVEG MARKETING, S.L.<\/p>\n<\/span><\/h2><div class=\"clearboth\"><\/div><div class=\"mk-image-shortcode mk-shortcode   align-left simple-frame inside-image \" style=\"max-width: 800px; margin-bottom:15px\"><div class=\"mk-image-inner\"><img decoding=\"async\" class=\"lightbox-false\" alt=\"\" title=\"\" src=\"http:\/\/natveg.es\/wp-content\/uploads\/fachada.jpg\" \/><\/div><div class=\"clearboth\"><\/div><\/div>\t<div style=\" margin-bottom:0px;text-align: left;\" class=\"mk-text-block  \"><p><strong>NATVEG MARKETING, S.L.<\/strong> es una empresa familiar fundada en 1987. Las instalaciones se encuentran en el \u00e1rea de Torre Pacheco, en la provincia de Murcia (Espa\u00f1a). Esta zona forma parte del llamado campo de Cartagena, situado en el sureste de Espa\u00f1a.<\/p>\n<div class=\"clearboth\"><\/div><\/div> <div class=\"mk-button-align left\"><a href=\"?page_id=81\" target=\"_self\"  class=\"mk-button dark button-6a095d7db584a light-color  flat-dimension small pointed \"><span>Leer M\u00e1s\n<\/span><\/a><\/div>\n\n<style type=\"text\/css\">\n    .button-6a095d7db584a {\n                margin-bottom: 0px;\n                margin-top: 0px;\n                min-width: 0px !important;\n\n        }\n\n        .button-6a095d7db584a {\n                background-color:#7ea20e;\n\n        }\n        \n            .mk-button.button-6a095d7db584a.flat-dimension:hover {\n                    background-color:#3a4d06 !important;\n                    color:#ffffff !important;\n            }\n        <\/style>\n\t<\/div>\n\t<div style=\"\" class=\"vc_col-sm-6 wpb_column column_container \">\n\t\t\t<h2 style=\"font-size: 22px;text-align:left;color: #000000;font-style:inhert;font-weight:bold;margin-top:0px;margin-bottom:25px; text-transform:uppercase;letter-spacing:0px;\" id=\"fancy-title-6a095d7db59eb\" class=\"mk-shortcode mk-fancy-title fancy-title-align-left simple-style \"><span style=\"\">\n<p>ULTIMAS NOTICIAS<\/p>\n<\/span><\/h2><div class=\"clearboth\"><\/div><div class=\"loop-main-wrapper\"><section data-style=\"grid\" data-uniqid=\"1480684591-5841742f77825\" class=\"mk-blog-container mk-theme-loop mk-grid-wrapper mag-one-column page-nav-style  \" >\n<article id=\"entry-1\" class=\"mk-blog-grid-item mk-isotop-item grid-1480684591-5841742f77825 one-column\"><div class=\"blog-grid-holder\"><div class=\"featured-image\"><a title=\"LES BIENFAITS DU BROCOLI\" href=\"https:\/\/natveg.es\/fr\/los-beneficios-de-consumir-brocoli\"><img decoding=\"async\" alt=\"LES BIENFAITS DU BROCOLI\" title=\"LES BIENFAITS DU BROCOLI\" src=\"https:\/\/natveg.es\/wp-content\/uploads\/bfi_thumb\/brocoli-n0rthjuzh1cyfagmjqm1od802wo51std64kf2p84pc.jpg\" itemprop=\"image\" \/><i class=\"mk-li-image blog-grid-hover-icon\"><\/i><div class=\"image-hover-overlay\"><\/div><\/a><\/div><div class=\"mk-blog-meta\"><h3 class=\"the-title\"><a href=\"https:\/\/natveg.es\/fr\/los-beneficios-de-consumir-brocoli\">LES BIENFAITS DU BROCOLI<\/a><\/h3><div class=\"the-excerpt\"><p>Le brocoli est un produit star reconnu pour ses propri\u00e9t\u00e9s nutritives et ses antioxydants. Le brocoli est un l\u00e9gume qui a particuli\u00e8rement attir\u00e9 l\u2019attention des scientifiques pour ses excellents avantages pour la sant\u00e9. Ilappartient \u00e0 la famille des Crucif\u00e8res, de la m\u00eame fa\u00e7on que le chou et le chou-fleur La consommation de brocoli agit sur [&hellip;]<\/p><\/div><\/div><div class=\"blog-grid-footer\"><a class=\"mk-readmore\" href=\"https:\/\/natveg.es\/fr\/los-beneficios-de-consumir-brocoli\"><i class=\"mk-moon-arrow-right-2\"><\/i>En savoir plus<\/a><div class=\"mk-love-holder\"><a href=\"#\" class=\"mk-love-this \" id=\"mk-love-1\"><i class=\"mk-icon-heart\"><\/i> <span class=\"mk-love-count\">0<\/span><\/a><\/div><\/div><\/div><\/article><\/section>\n\n<div class=\"mk-preloader\"><\/div><a class=\"mk-loadmore-button page-nav-style-btn\" style=\"display:none;\" href=\"#\"><i class=\"mk-moon-loop-4\"><\/i><i class=\"mk-moon-arrow-down-4\"><\/i>Load More<\/a><\/div><div class=\"clearboth\"><\/div><div class=\"mk-shortcode mk-padding-shortcode\" style=\"height:30px\"><\/div><div class=\"clearboth\"><\/div><h2 style=\"font-size: 16px;text-align:left;color: #000000;font-style:inhert;font-weight:bold;margin-top:0px;margin-bottom:25px; text-transform:none;letter-spacing:0px;\" id=\"fancy-title-6a095d7db6a3a\" class=\"mk-shortcode mk-fancy-title fancy-title-align-left simple-style \"><span style=\"\">\n<p>Sellos de Calidad<\/p>\n<\/span><\/h2><div class=\"clearboth\"><\/div><div class=\"loop-main-wrapper\"><section id=\"gallery-loop-6a095d7db6b03\" data-uniqid=\"6a095d7db6b03\" data-style=\"gallery\" style=\"margin-bottom:0px\" class=\"mk-gallery-shortcode mk-theme-loop  \"><article class=\"gallery-six-column mk-isotop-item gallery-6a095d7db6b03 mk-gallery-item hover-fadebox simple-frame\"><div class=\"item-holder\" style=\"margin:0 5px 10px\"><div class=\"image-hover-overlay\" ><\/div><a target=\"_blank\" href=\"http:\/\/natveg.es\/wp-content\/uploads\/nature.pdf\" class=\"mk-image-shortcode-lightbox\"><i class=\"mk-jupiter-icon-plus-circle\"><\/i><\/a><span class=\"gallery-inner\"><img decoding=\"async\" alt=\"\" title=\"\" src=\"https:\/\/natveg.es\/wp-content\/uploads\/nature.png\" \/><\/span><\/div><\/article>\n\n<article class=\"gallery-six-column mk-isotop-item gallery-6a095d7db6b03 mk-gallery-item hover-fadebox simple-frame\"><div class=\"item-holder\" style=\"margin:0 5px 10px\"><div class=\"image-hover-overlay\" ><\/div><a target=\"_blank\" href=\" http:\/\/natveg.es\/wp-content\/uploads\/global.pdf\" class=\"mk-image-shortcode-lightbox\"><i class=\"mk-jupiter-icon-plus-circle\"><\/i><\/a><span class=\"gallery-inner\"><img decoding=\"async\" alt=\"\" title=\"\" src=\"https:\/\/natveg.es\/wp-content\/uploads\/GlobalGap.jpg\" \/><\/span><\/div><\/article>\n\n<article class=\"gallery-six-column mk-isotop-item gallery-6a095d7db6b03 mk-gallery-item hover-fadebox simple-frame\"><div class=\"item-holder\" style=\"margin:0 5px 10px\"><div class=\"image-hover-overlay\" ><\/div><a target=\"_blank\" href=\" http:\/\/natveg.es\/wp-content\/uploads\/brc.pdf\" class=\"mk-image-shortcode-lightbox\"><i class=\"mk-jupiter-icon-plus-circle\"><\/i><\/a><span class=\"gallery-inner\"><img decoding=\"async\" alt=\"\" title=\"\" src=\"https:\/\/natveg.es\/wp-content\/uploads\/brc.png\" \/><\/span><\/div><\/article>\n\n<article class=\"gallery-six-column mk-isotop-item gallery-6a095d7db6b03 mk-gallery-item hover-fadebox simple-frame\"><div class=\"item-holder\" style=\"margin:0 5px 10px\"><div class=\"image-hover-overlay\" ><\/div><a target=\"_blank\" href=\" http:\/\/natveg.es\/wp-content\/uploads\/ifs.pdf\" class=\"mk-image-shortcode-lightbox\"><i class=\"mk-jupiter-icon-plus-circle\"><\/i><\/a><span class=\"gallery-inner\"><img decoding=\"async\" alt=\"\" title=\"\" src=\"https:\/\/natveg.es\/wp-content\/uploads\/ifs.jpg\" \/><\/span><\/div><\/article>\n\n<article class=\"gallery-six-column mk-isotop-item gallery-6a095d7db6b03 mk-gallery-item hover-fadebox simple-frame\"><div class=\"item-holder\" style=\"margin:0 5px 10px\"><div class=\"image-hover-overlay\" ><\/div><a target=\"_blank\" href=\" http:\/\/natveg.es\/wp-content\/uploads\/grasp.pdf\" class=\"mk-image-shortcode-lightbox\"><i class=\"mk-jupiter-icon-plus-circle\"><\/i><\/a><span class=\"gallery-inner\"><img decoding=\"async\" alt=\"\" title=\"\" src=\"https:\/\/natveg.es\/wp-content\/uploads\/grasp.jpg\" \/><\/span><\/div><\/article>\n\n<article class=\"gallery-six-column mk-isotop-item gallery-6a095d7db6b03 mk-gallery-item hover-fadebox simple-frame\"><div class=\"item-holder\" style=\"margin:0 5px 10px\"><div class=\"image-hover-overlay\" ><\/div><a target=\"_blank\" href=\" http:\/\/natveg.es\/wp-content\/uploads\/coc.pdf\" class=\"mk-image-shortcode-lightbox\"><i class=\"mk-jupiter-icon-plus-circle\"><\/i><\/a><span class=\"gallery-inner\"><img decoding=\"async\" alt=\"\" title=\"\" src=\"https:\/\/natveg.es\/wp-content\/uploads\/coc.jpg\" \/><\/span><\/div><\/article>\n\n<div class=\"clearboth\"><\/div><\/section><a class=\"mk-loadmore-button\" style=\"display:none;\" href=\"#\"><i class=\"mk-moon-loop-4\"><\/i><i class=\"mk-moon-arrow-down-4\"><\/i>Load More<\/a><div class=\"mk-preloader\"><\/div><\/div>\n\t<\/div><\/div><div class=\"clearboth\"><\/div><\/div><div class=\"clearboth\"><\/div><\/div>\n<style type='text\/css'>\n.full-width-6a095d7db5430 {\n    min-height:0px;\n    padding:0px 0 50px;\n    \n    background-attachment:scroll;\n    \n    background-position:left top;\n    background-repeat:repeat;\n    margin-bottom:0px;\n    \n}\n     <\/style><div class=\"mk-main-wrapper-holder\"><div class=\"theme-page-wrapper  -layout mk-grid vc_row-fluid row-fluid\"><div class=\"theme-content \">\n\t<div style=\"\" class=\"vc_col-sm-4 wpb_column column_container \">\n\t\t\t\t<div style=\"text-align: left;\" class=\"mk-text-block  \"><div class=\"clearboth\"><\/div><\/div> \n\t<\/div>\n\t<div style=\"\" class=\"vc_col-sm-4 wpb_column column_container \">\n\t\t\t\t<div style=\"text-align: left;\" class=\"mk-text-block  \"><div class=\"clearboth\"><\/div><\/div> \n\t<\/div>","protected":false},"excerpt":{"rendered":"","protected":false},"author":2,"featured_media":0,"parent":0,"menu_order":0,"comment_status":"closed","ping_status":"closed","template":"","meta":{"footnotes":""},"class_list":["post-2","page","type-page","status-publish","hentry"],"aioseo_notices":[],"_links":{"self":[{"href":"https:\/\/natveg.es\/fr\/wp-json\/wp\/v2\/pages\/2","targetHints":{"allow":["GET"]}}],"collection":[{"href":"https:\/\/natveg.es\/fr\/wp-json\/wp\/v2\/pages"}],"about":[{"href":"https:\/\/natveg.es\/fr\/wp-json\/wp\/v2\/types\/page"}],"author":[{"embeddable":true,"href":"https:\/\/natveg.es\/fr\/wp-json\/wp\/v2\/users\/2"}],"replies":[{"embeddable":true,"href":"https:\/\/natveg.es\/fr\/wp-json\/wp\/v2\/comments?post=2"}],"version-history":[{"count":94,"href":"https:\/\/natveg.es\/fr\/wp-json\/wp\/v2\/pages\/2\/revisions"}],"predecessor-version":[{"id":441,"href":"https:\/\/natveg.es\/fr\/wp-json\/wp\/v2\/pages\/2\/revisions\/441"}],"wp:attachment":[{"href":"https:\/\/natveg.es\/fr\/wp-json\/wp\/v2\/media?parent=2"}],"curies":[{"name":"wp","href":"https:\/\/api.w.org\/{rel}","templated":true}]}}