{"id":146,"date":"2016-12-02T15:13:13","date_gmt":"2016-12-02T15:13:13","guid":{"rendered":"http:\/\/natveg.es\/?page_id=146"},"modified":"2017-06-07T12:23:38","modified_gmt":"2017-06-07T12:23:38","slug":"noticias","status":"publish","type":"page","link":"https:\/\/natveg.es\/fr\/noticias","title":{"rendered":"Nouvelles"},"content":{"rendered":"<div class=\"clearboth\"><\/div><\/div><\/div><\/div><div id=\"mk-page-section-69fb67f20229d\" data-intro-effect=\"false\" class=\"full-width-69fb67f20229d  mk-animate-element scale-up  full-height-false parallax-false mk-page-section mk-blur-parent mk-shortcode  \" data-speedFactor=\"0.3\"><div class=\"mk-video-color-mask\"><\/div><div class=\"mk-grid vc_row-fluid page-section-content\"><div class=\"mk-padding-wrapper\">\n\t<div style=\"\" class=\"vc_col-sm-12 wpb_column column_container \">\n\t\t\t<div class=\"mk-image-shortcode mk-shortcode   align-left simple-frame inside-image \" style=\"max-width: 1090px; margin-bottom:0px\"><div class=\"mk-image-inner\"><img decoding=\"async\" class=\"lightbox-false\" alt=\"\" title=\"\" src=\"http:\/\/natveg.es\/wp-content\/uploads\/Natveg Marketing, S.L.5-1.jpg\" \/><\/div><div class=\"clearboth\"><\/div><\/div>\n\t<\/div><\/div><div class=\"clearboth\"><\/div><\/div><div class=\"clearboth\"><\/div><\/div>\n<style type='text\/css'>\n.full-width-69fb67f20229d {\n    min-height:0px;\n    padding:50px 0 0px;\n    \n    background-attachment:scroll;\n    \n    background-position:left top;\n    background-repeat:repeat;\n    margin-bottom:0px;\n    \n}\n     <\/style><div class=\"mk-main-wrapper-holder\"><div class=\"theme-page-wrapper  -layout mk-grid vc_row-fluid row-fluid\"><div class=\"theme-content \"><div class=\"clearboth\"><\/div><\/div><\/div><\/div><div id=\"mk-page-section-69fb67f2025a5\" data-intro-effect=\"false\" class=\"full-width-69fb67f2025a5  mk-animate-element scale-up  full-height-false parallax-false mk-page-section mk-blur-parent mk-shortcode  \" data-speedFactor=\"0.3\"><div class=\"mk-video-color-mask\"><\/div><div class=\"mk-grid vc_row-fluid page-section-content\"><div class=\"mk-padding-wrapper\">\n\t<div style=\"\" class=\"vc_col-sm-12 wpb_column column_container \">\n\t\t\t<h2 style=\"font-size: 35px;text-align:center;color: #376317;font-style:inhert;font-weight:bold;margin-top:0px;margin-bottom:0px; text-transform:uppercase;letter-spacing:0px;\" id=\"fancy-title-69fb67f2027c1\" class=\"mk-shortcode mk-fancy-title fancy-title-align-center pattern-style \"><span style=\"padding:0 8px;\">\nNOUVELLES\n<\/span><\/h2><div class=\"clearboth\"><\/div>\n\t<\/div><\/div><div class=\"clearboth\"><\/div><\/div><div class=\"clearboth\"><\/div><\/div>\n<style type='text\/css'>\n.full-width-69fb67f2025a5 {\n    min-height:0px;\n    padding:50px 0 50px;\n    \n    background-attachment:scroll;\n    \n    background-position:left top;\n    background-repeat:repeat;\n    margin-bottom:0px;\n    \n}\n     <\/style><div class=\"mk-main-wrapper-holder\"><div class=\"theme-page-wrapper  -layout mk-grid vc_row-fluid row-fluid\"><div class=\"theme-content \"><div class=\"clearboth\"><\/div><\/div><\/div><\/div><div id=\"mk-page-section-69fb67f202891\" data-intro-effect=\"false\" class=\"full-width-69fb67f202891  mk-animate-element scale-up  full-height-false parallax-false mk-page-section mk-blur-parent mk-shortcode  \" data-speedFactor=\"0.3\"><div class=\"mk-video-color-mask\"><\/div><div class=\"mk-grid vc_row-fluid page-section-content\"><div class=\"mk-padding-wrapper\">\n\t<div style=\"\" class=\"vc_col-sm-12 wpb_column column_container \">\n\t\t\t<div class=\"loop-main-wrapper\"><section data-style=\"grid\" data-uniqid=\"1480691665-58418fd11fa37\" class=\"mk-blog-container mk-theme-loop mk-grid-wrapper mag-one-column page-nav-style  \" >\n<article id=\"entry-1\" class=\"mk-blog-grid-item mk-isotop-item grid-1480691665-58418fd11fa37 three-column\"><div class=\"blog-grid-holder\"><div class=\"featured-image\"><a title=\"LES BIENFAITS DU BROCOLI\" href=\"https:\/\/natveg.es\/fr\/los-beneficios-de-consumir-brocoli\"><img decoding=\"async\" alt=\"LES BIENFAITS DU BROCOLI\" title=\"LES BIENFAITS DU BROCOLI\" src=\"https:\/\/natveg.es\/wp-content\/uploads\/bfi_thumb\/brocoli-n0rthjutj0y7uaqo4q2yuxngadrzuid814jj5z7ft0.jpg\" itemprop=\"image\" \/><i class=\"mk-li-image blog-grid-hover-icon\"><\/i><div class=\"image-hover-overlay\"><\/div><\/a><\/div><div class=\"mk-blog-meta\"><h3 class=\"the-title\"><a href=\"https:\/\/natveg.es\/fr\/los-beneficios-de-consumir-brocoli\">LES BIENFAITS DU BROCOLI<\/a><\/h3><\/div><div class=\"blog-grid-footer\"><a class=\"mk-readmore\" href=\"https:\/\/natveg.es\/fr\/los-beneficios-de-consumir-brocoli\"><i class=\"mk-moon-arrow-right-2\"><\/i>En savoir plus<\/a><div class=\"mk-love-holder\"><a href=\"#\" class=\"mk-love-this \" id=\"mk-love-1\"><i class=\"mk-icon-heart\"><\/i> <span class=\"mk-love-count\">0<\/span><\/a><\/div><\/div><\/div><\/article><\/section>\n\n<div class=\"mk-preloader\"><\/div><a class=\"mk-loadmore-button page-nav-style-btn\" style=\"display:none;\" href=\"#\"><i class=\"mk-moon-loop-4\"><\/i><i class=\"mk-moon-arrow-down-4\"><\/i>Load More<\/a><\/div>\n\t<\/div><\/div><div class=\"clearboth\"><\/div><\/div><div class=\"clearboth\"><\/div><\/div>\n<style type='text\/css'>\n.full-width-69fb67f202891 {\n    min-height:0px;\n    padding:50px 0 50px;\n    \n    background-attachment:scroll;\n    background-color:#efefef;\n    background-position:left top;\n    background-repeat:repeat;\n    margin-bottom:0px;\n    \n}\n     \n.full-width-69fb67f202891 .mk-fancy-title.pattern-style span, \n.full-width-69fb67f202891 .mk-blog-view-all\n{\n    background-color: #efefef !important;\n}<\/style><div class=\"mk-main-wrapper-holder\"><div class=\"theme-page-wrapper  -layout mk-grid vc_row-fluid row-fluid\"><div class=\"theme-content \">\n\t<div style=\"\" class=\"vc_col-sm-4 wpb_column column_container \">\n\t\t\t\t<div style=\"text-align: left;\" class=\"mk-text-block  \"><div class=\"clearboth\"><\/div><\/div> \n\t<\/div>\n\t<div style=\"\" class=\"vc_col-sm-4 wpb_column column_container \">\n\t\t\t\t<div style=\"text-align: left;\" class=\"mk-text-block  \"><div class=\"clearboth\"><\/div><\/div> \n\t<\/div>","protected":false},"excerpt":{"rendered":"Le brocoli est un produit star reconnu pour ses propri\u00e9t\u00e9s nutritives et ses antioxydants. Le brocoli est un l\u00e9gume qui a particuli\u00e8rement attir\u00e9 l\u2019attention des scientifiques pour ses excellents avantages pour la sant\u00e9. Ilappartient \u00e0 la famille des Crucif\u00e8res, de la m\u00eame fa\u00e7on que le chou et le chou-fleur La consommation de brocoli agit sur [...]","protected":false},"author":2,"featured_media":0,"parent":0,"menu_order":0,"comment_status":"closed","ping_status":"closed","template":"","meta":{"footnotes":""},"class_list":["post-146","page","type-page","status-publish","hentry"],"aioseo_notices":[],"_links":{"self":[{"href":"https:\/\/natveg.es\/fr\/wp-json\/wp\/v2\/pages\/146","targetHints":{"allow":["GET"]}}],"collection":[{"href":"https:\/\/natveg.es\/fr\/wp-json\/wp\/v2\/pages"}],"about":[{"href":"https:\/\/natveg.es\/fr\/wp-json\/wp\/v2\/types\/page"}],"author":[{"embeddable":true,"href":"https:\/\/natveg.es\/fr\/wp-json\/wp\/v2\/users\/2"}],"replies":[{"embeddable":true,"href":"https:\/\/natveg.es\/fr\/wp-json\/wp\/v2\/comments?post=146"}],"version-history":[{"count":23,"href":"https:\/\/natveg.es\/fr\/wp-json\/wp\/v2\/pages\/146\/revisions"}],"predecessor-version":[{"id":380,"href":"https:\/\/natveg.es\/fr\/wp-json\/wp\/v2\/pages\/146\/revisions\/380"}],"wp:attachment":[{"href":"https:\/\/natveg.es\/fr\/wp-json\/wp\/v2\/media?parent=146"}],"curies":[{"name":"wp","href":"https:\/\/api.w.org\/{rel}","templated":true}]}}