{"id":118,"date":"2016-12-02T14:34:36","date_gmt":"2016-12-02T14:34:36","guid":{"rendered":"http:\/\/natveg.es\/?page_id=118"},"modified":"2024-10-24T14:44:35","modified_gmt":"2024-10-24T14:44:35","slug":"calidad","status":"publish","type":"page","link":"https:\/\/natveg.es\/fr\/calidad","title":{"rendered":"Qualit\u00e9"},"content":{"rendered":"<div class=\"clearboth\"><\/div><\/div><\/div><\/div><div id=\"mk-page-section-69fb75d36336d\" data-intro-effect=\"false\" class=\"full-width-69fb75d36336d  mk-animate-element scale-up  full-height-false parallax-false mk-page-section mk-blur-parent mk-shortcode  \" data-speedFactor=\"0.3\"><div class=\"mk-video-color-mask\"><\/div><div class=\"mk-grid vc_row-fluid page-section-content\"><div class=\"mk-padding-wrapper\">\n\t<div style=\"\" class=\"vc_col-sm-12 wpb_column column_container \">\n\t\t\t<div class=\"mk-image-shortcode mk-shortcode   align-left simple-frame inside-image \" style=\"max-width: 1090px; margin-bottom:0px\"><div class=\"mk-image-inner\"><img decoding=\"async\" class=\"lightbox-false\" alt=\"\" title=\"\" src=\"http:\/\/natveg.es\/wp-content\/uploads\/Natveg Marketing, S.L.2-1.jpg\" \/><\/div><div class=\"clearboth\"><\/div><\/div>\n\t<\/div><\/div><div class=\"clearboth\"><\/div><\/div><div class=\"clearboth\"><\/div><\/div>\n<style type='text\/css'>\n.full-width-69fb75d36336d {\n    min-height:0px;\n    padding:50px 0 0px;\n    \n    background-attachment:scroll;\n    \n    background-position:left top;\n    background-repeat:repeat;\n    margin-bottom:0px;\n    \n}\n     <\/style><div class=\"mk-main-wrapper-holder\"><div class=\"theme-page-wrapper  -layout mk-grid vc_row-fluid row-fluid\"><div class=\"theme-content \"><div class=\"clearboth\"><\/div><\/div><\/div><\/div><div id=\"mk-page-section-69fb75d3636ae\" data-intro-effect=\"false\" class=\"full-width-69fb75d3636ae  mk-animate-element scale-up  full-height-false parallax-false mk-page-section mk-blur-parent mk-shortcode  \" data-speedFactor=\"0.3\"><div class=\"mk-video-color-mask\"><\/div><div class=\"mk-grid vc_row-fluid page-section-content\"><div class=\"mk-padding-wrapper\">\n\t<div style=\"\" class=\"vc_col-sm-12 wpb_column column_container \">\n\t\t\t<h2 style=\"font-size: 35px;text-align:center;color: #325e02;font-style:inhert;font-weight:bold;margin-top:0px;margin-bottom:0px; text-transform:uppercase;letter-spacing:0px;\" id=\"fancy-title-69fb75d3638bf\" class=\"mk-shortcode mk-fancy-title fancy-title-align-center pattern-style \"><span style=\"padding:0 8px;\">\nQUALIT\u00c9\n<\/span><\/h2><div class=\"clearboth\"><\/div>\n\t<\/div><\/div><div class=\"clearboth\"><\/div><\/div><div class=\"clearboth\"><\/div><\/div>\n<style type='text\/css'>\n.full-width-69fb75d3636ae {\n    min-height:0px;\n    padding:50px 0 30px;\n    \n    background-attachment:scroll;\n    \n    background-position:left top;\n    background-repeat:repeat;\n    margin-bottom:0px;\n    \n}\n     <\/style><div class=\"mk-main-wrapper-holder\"><div class=\"theme-page-wrapper  -layout mk-grid vc_row-fluid row-fluid\"><div class=\"theme-content \"><div class=\"clearboth\"><\/div><\/div><\/div><\/div><div id=\"mk-page-section-69fb75d3639a6\" data-intro-effect=\"false\" class=\"full-width-69fb75d3639a6  mk-animate-element scale-up  full-height-false parallax-false mk-page-section mk-blur-parent mk-shortcode  \" data-speedFactor=\"0.3\"><div class=\"mk-video-color-mask\"><\/div><div class=\"mk-grid vc_row-fluid page-section-content\"><div class=\"mk-padding-wrapper\">\n\t<div style=\"\" class=\"vc_col-sm-12 wpb_column column_container \">\n\t\t\t\t<div style=\" margin-bottom:30px;text-align: left;\" class=\"mk-text-block  \"><p>En <strong>Natveg Marketing, S.L.<\/strong> nous prenons soin de chaque d\u00e9tail li\u00e9 \u00e0 notre produit final, en accordant une attention particuli\u00e8re \u00e0 nos exploitations de plus en plus. Toutes sont \u00e9quip\u00e9es de la technologie agricole la plus avanc\u00e9e, ainsi que l&rsquo;exp\u00e9rience de nos professionnels et les fournisseurs les plus forts dans l&rsquo;industrie, r\u00e9sultant en des produits qui atteignent les plus hauts niveaux de qualit\u00e9, tant au niveau national qu&rsquo;international. Actuellement, <strong>Natveg Marketing, S.L.<\/strong> poss\u00e8de les certifications de qualit\u00e9 suivants:<\/p>\n<ul>\n<li>BRC CERTIFICATED<\/li>\n<li>GLOBAL G.A.P.<\/li>\n<li>INTERNACIONAL FOOD STANDARD I.F.S.<\/li>\n<li>NURTURE<\/li>\n<\/ul>\n<p>En <strong>2009 NATVEG MARKETING, S.L.<\/strong> a remport\u00e9 le prix <strong>\u00ab\u00a0Vegetable Grower de theyear\u00a0\u00bb<\/strong> par la cha\u00eene de supermarch\u00e9s britannique TESCO.<\/p>\n<p>Ainsi, nos produits peuvent rivaliser sur les march\u00e9s internationaux les plus comp\u00e9titifs et les plus exigeants et r\u00e9pondre aux normes de qualit\u00e9 les plus \u00e9lev\u00e9es. Pour cette <strong>Natveg Marketing, S.L.<\/strong> a deux d\u00e9l\u00e9gations: l&rsquo;une au Royaume-Uni, pour la manutention et la commercialisation \u00e0 l&rsquo;ensemble du march\u00e9 britannique et son si\u00e8ge principal situ\u00e9 en Espagne, o\u00f9 l&rsquo;ensemble du march\u00e9 europ\u00e9en est fourni, y compris les pays comoFrancia, la Hollande et l&rsquo;Allemagne.<\/p>\n<p><strong>Natveg Marketing, S.L.<\/strong> est soumise aux normes et des audits de qualit\u00e9 rigoureux, en soulignant entre autres l&rsquo;audit interne <strong>TESCO et SEDEX<\/strong>.<\/p>\n<div class=\"clearboth\"><\/div><\/div> <div class=\"loop-main-wrapper\"><section id=\"gallery-loop-69fb75d363d22\" data-uniqid=\"69fb75d363d22\" data-style=\"gallery\" style=\"margin-bottom:0px\" class=\"mk-gallery-shortcode mk-theme-loop  \"><article class=\"gallery-six-column mk-isotop-item gallery-69fb75d363d22 mk-gallery-item hover-fadebox simple-frame\"><div class=\"item-holder\" style=\"margin:0 5px 10px\"><div class=\"image-hover-overlay\" ><\/div><a target=\"_blank\" href=\"http:\/\/natveg.es\/wp-content\/uploads\/nature.pdf\" class=\"mk-image-shortcode-lightbox\"><i class=\"mk-jupiter-icon-plus-circle\"><\/i><\/a><span class=\"gallery-inner\"><img decoding=\"async\" alt=\"\" title=\"\" src=\"https:\/\/natveg.es\/wp-content\/uploads\/nature.png\" \/><\/span><\/div><\/article>\n\n<article class=\"gallery-six-column mk-isotop-item gallery-69fb75d363d22 mk-gallery-item hover-fadebox simple-frame\"><div class=\"item-holder\" style=\"margin:0 5px 10px\"><div class=\"image-hover-overlay\" ><\/div><a target=\"_blank\" href=\" http:\/\/natveg.es\/wp-content\/uploads\/global.pdf\" class=\"mk-image-shortcode-lightbox\"><i class=\"mk-jupiter-icon-plus-circle\"><\/i><\/a><span class=\"gallery-inner\"><img decoding=\"async\" alt=\"\" title=\"\" src=\"https:\/\/natveg.es\/wp-content\/uploads\/global.png\" \/><\/span><\/div><\/article>\n\n<article class=\"gallery-six-column mk-isotop-item gallery-69fb75d363d22 mk-gallery-item hover-fadebox simple-frame\"><div class=\"item-holder\" style=\"margin:0 5px 10px\"><div class=\"image-hover-overlay\" ><\/div><a target=\"_blank\" href=\" http:\/\/natveg.es\/wp-content\/uploads\/brc.pdf\" class=\"mk-image-shortcode-lightbox\"><i class=\"mk-jupiter-icon-plus-circle\"><\/i><\/a><span class=\"gallery-inner\"><img decoding=\"async\" alt=\"\" title=\"\" src=\"https:\/\/natveg.es\/wp-content\/uploads\/brc.png\" \/><\/span><\/div><\/article>\n\n<article class=\"gallery-six-column mk-isotop-item gallery-69fb75d363d22 mk-gallery-item hover-fadebox simple-frame\"><div class=\"item-holder\" style=\"margin:0 5px 10px\"><div class=\"image-hover-overlay\" ><\/div><a target=\"_blank\" href=\" http:\/\/natveg.es\/wp-content\/uploads\/ifs.pdf\" class=\"mk-image-shortcode-lightbox\"><i class=\"mk-jupiter-icon-plus-circle\"><\/i><\/a><span class=\"gallery-inner\"><img decoding=\"async\" alt=\"\" title=\"\" src=\"https:\/\/natveg.es\/wp-content\/uploads\/ifs.jpg\" \/><\/span><\/div><\/article>\n\n<article class=\"gallery-six-column mk-isotop-item gallery-69fb75d363d22 mk-gallery-item hover-fadebox simple-frame\"><div class=\"item-holder\" style=\"margin:0 5px 10px\"><div class=\"image-hover-overlay\" ><\/div><a target=\"_blank\" href=\" http:\/\/natveg.es\/wp-content\/uploads\/grasp.pdf\" class=\"mk-image-shortcode-lightbox\"><i class=\"mk-jupiter-icon-plus-circle\"><\/i><\/a><span class=\"gallery-inner\"><img decoding=\"async\" alt=\"\" title=\"\" src=\"https:\/\/natveg.es\/wp-content\/uploads\/grasp.jpg\" \/><\/span><\/div><\/article>\n\n<article class=\"gallery-six-column mk-isotop-item gallery-69fb75d363d22 mk-gallery-item hover-fadebox simple-frame\"><div class=\"item-holder\" style=\"margin:0 5px 10px\"><div class=\"image-hover-overlay\" ><\/div><a target=\"_blank\" href=\" http:\/\/natveg.es\/wp-content\/uploads\/coc.pdf\" class=\"mk-image-shortcode-lightbox\"><i class=\"mk-jupiter-icon-plus-circle\"><\/i><\/a><span class=\"gallery-inner\"><img decoding=\"async\" alt=\"\" title=\"\" src=\"https:\/\/natveg.es\/wp-content\/uploads\/coc.jpg\" \/><\/span><\/div><\/article>\n\n<div class=\"clearboth\"><\/div><\/section><a class=\"mk-loadmore-button\" style=\"display:none;\" href=\"#\"><i class=\"mk-moon-loop-4\"><\/i><i class=\"mk-moon-arrow-down-4\"><\/i>Load More<\/a><div class=\"mk-preloader\"><\/div><\/div>\n\t<\/div><\/div><div class=\"clearboth\"><\/div><\/div><div class=\"clearboth\"><\/div><\/div>\n<style type='text\/css'>\n.full-width-69fb75d3639a6 {\n    min-height:0px;\n    padding:0px 0 50px;\n    \n    background-attachment:scroll;\n    \n    background-position:left top;\n    background-repeat:repeat;\n    margin-bottom:0px;\n    \n}\n     <\/style><div class=\"mk-main-wrapper-holder\"><div class=\"theme-page-wrapper  -layout mk-grid vc_row-fluid row-fluid\"><div class=\"theme-content \">\n\t<div style=\"\" class=\"vc_col-sm-4 wpb_column column_container \">\n\t\t\t\t<div style=\"text-align: left;\" class=\"mk-text-block  \"><div class=\"clearboth\"><\/div><\/div> \n\t<\/div>\n\t<div style=\"\" class=\"vc_col-sm-4 wpb_column column_container \">\n\t\t\t\t<div style=\"text-align: left;\" class=\"mk-text-block  \"><div class=\"clearboth\"><\/div><\/div> \n\t<\/div>","protected":false},"excerpt":{"rendered":"","protected":false},"author":2,"featured_media":0,"parent":0,"menu_order":0,"comment_status":"closed","ping_status":"closed","template":"","meta":{"footnotes":""},"class_list":["post-118","page","type-page","status-publish","hentry"],"aioseo_notices":[],"_links":{"self":[{"href":"https:\/\/natveg.es\/fr\/wp-json\/wp\/v2\/pages\/118","targetHints":{"allow":["GET"]}}],"collection":[{"href":"https:\/\/natveg.es\/fr\/wp-json\/wp\/v2\/pages"}],"about":[{"href":"https:\/\/natveg.es\/fr\/wp-json\/wp\/v2\/types\/page"}],"author":[{"embeddable":true,"href":"https:\/\/natveg.es\/fr\/wp-json\/wp\/v2\/users\/2"}],"replies":[{"embeddable":true,"href":"https:\/\/natveg.es\/fr\/wp-json\/wp\/v2\/comments?post=118"}],"version-history":[{"count":27,"href":"https:\/\/natveg.es\/fr\/wp-json\/wp\/v2\/pages\/118\/revisions"}],"predecessor-version":[{"id":400,"href":"https:\/\/natveg.es\/fr\/wp-json\/wp\/v2\/pages\/118\/revisions\/400"}],"wp:attachment":[{"href":"https:\/\/natveg.es\/fr\/wp-json\/wp\/v2\/media?parent=118"}],"curies":[{"name":"wp","href":"https:\/\/api.w.org\/{rel}","templated":true}]}}