{"id":91,"date":"2016-12-02T14:07:51","date_gmt":"2016-12-02T14:07:51","guid":{"rendered":"http:\/\/natveg.es\/?page_id=91"},"modified":"2017-06-07T12:21:31","modified_gmt":"2017-06-07T12:21:31","slug":"productos","status":"publish","type":"page","link":"https:\/\/natveg.es\/de\/productos","title":{"rendered":"Produkte"},"content":{"rendered":"<div class=\"clearboth\"><\/div><\/div><\/div><\/div><div id=\"mk-page-section-69f3d3049d4b3\" data-intro-effect=\"false\" class=\"full-width-69f3d3049d4b3  mk-animate-element scale-up  full-height-false parallax-false mk-page-section mk-blur-parent mk-shortcode  \" data-speedFactor=\"0.3\"><div class=\"mk-video-color-mask\"><\/div><div class=\"mk-grid vc_row-fluid page-section-content\"><div class=\"mk-padding-wrapper\">\n\t<div style=\"\" class=\"vc_col-sm-12 wpb_column column_container \">\n\t\t\t<div class=\"mk-image-shortcode mk-shortcode   align-left simple-frame inside-image \" style=\"max-width: 1090px; margin-bottom:0px\"><div class=\"mk-image-inner\"><img decoding=\"async\" class=\"lightbox-false\" alt=\"\" title=\"\" src=\"http:\/\/natveg.es\/wp-content\/uploads\/Natveg Marketing, S.L.4-1.jpg\" \/><\/div><div class=\"clearboth\"><\/div><\/div>\n\t<\/div><\/div><div class=\"clearboth\"><\/div><\/div><div class=\"clearboth\"><\/div><\/div>\n<style type='text\/css'>\n.full-width-69f3d3049d4b3 {\n    min-height:0px;\n    padding:50px 0 0px;\n    \n    background-attachment:scroll;\n    \n    background-position:left top;\n    background-repeat:repeat;\n    margin-bottom:0px;\n    \n}\n     <\/style><div class=\"mk-main-wrapper-holder\"><div class=\"theme-page-wrapper  -layout mk-grid vc_row-fluid row-fluid\"><div class=\"theme-content \"><div class=\"clearboth\"><\/div><\/div><\/div><\/div><div id=\"mk-page-section-69f3d3049d7ad\" data-intro-effect=\"false\" class=\"full-width-69f3d3049d7ad  mk-animate-element scale-up  full-height-false parallax-false mk-page-section mk-blur-parent mk-shortcode  \" data-speedFactor=\"0.3\"><div class=\"mk-video-color-mask\"><\/div><div class=\"mk-grid vc_row-fluid page-section-content\"><div class=\"mk-padding-wrapper\">\n\t<div style=\"\" class=\"vc_col-sm-12 wpb_column column_container \">\n\t\t\t<h2 style=\"font-size: 35px;text-align:center;color: #236000;font-style:inhert;font-weight:bold;margin-top:0px;margin-bottom:0px; text-transform:uppercase;letter-spacing:0px;\" id=\"fancy-title-69f3d3049d981\" class=\"mk-shortcode mk-fancy-title fancy-title-align-center pattern-style \"><span style=\"padding:0 8px;\">\nPRODUCKTE\n<\/span><\/h2><div class=\"clearboth\"><\/div>\n\t<\/div><\/div><div class=\"clearboth\"><\/div><\/div><div class=\"clearboth\"><\/div><\/div>\n<style type='text\/css'>\n.full-width-69f3d3049d7ad {\n    min-height:0px;\n    padding:50px 0 30px;\n    \n    background-attachment:scroll;\n    \n    background-position:left top;\n    background-repeat:repeat;\n    margin-bottom:0px;\n    \n}\n     <\/style><div class=\"mk-main-wrapper-holder\"><div class=\"theme-page-wrapper  -layout mk-grid vc_row-fluid row-fluid\"><div class=\"theme-content \"><div class=\"clearboth\"><\/div><\/div><\/div><\/div><div id=\"mk-page-section-69f3d3049da41\" data-intro-effect=\"false\" class=\"full-width-69f3d3049da41  mk-animate-element scale-up  full-height-false parallax-false mk-page-section mk-blur-parent mk-shortcode  \" data-speedFactor=\"0.3\"><div class=\"mk-video-color-mask\"><\/div><div class=\"mk-grid vc_row-fluid page-section-content\"><div class=\"mk-padding-wrapper\">\n\t<div style=\"\" class=\"vc_col-sm-12 wpb_column column_container \">\n\t\t\t\t<div style=\" margin-bottom:0px;text-align: left;\" class=\"mk-text-block  \"><p><strong>Natveg Marketing, S.L.<\/strong> produziert, vermarktet und vertreibt eine Vielzahl von Gem\u00fcse in vier Hauptproduktlinien unterteilt:<\/p>\n<div class=\"clearboth\"><\/div><\/div> \n\t<\/div><\/div><div class=\"clearboth\"><\/div><\/div><div class=\"clearboth\"><\/div><\/div>\n<style type='text\/css'>\n.full-width-69f3d3049da41 {\n    min-height:0px;\n    padding:0px 0 10px;\n    \n    background-attachment:scroll;\n    \n    background-position:left top;\n    background-repeat:repeat;\n    margin-bottom:0px;\n    \n}\n     <\/style><div class=\"mk-main-wrapper-holder\"><div class=\"theme-page-wrapper  -layout mk-grid vc_row-fluid row-fluid\"><div class=\"theme-content \"><div class=\"clearboth\"><\/div><\/div><\/div><\/div><div id=\"mk-page-section-69f3d3049dd21\" data-intro-effect=\"false\" class=\"full-width-69f3d3049dd21  mk-animate-element scale-up  full-height-false parallax-false mk-page-section mk-blur-parent mk-shortcode  \" data-speedFactor=\"0.3\"><div class=\"mk-video-color-mask\"><\/div><div class=\"mk-grid vc_row-fluid page-section-content\"><div class=\"mk-padding-wrapper\">\n\t<div style=\"\" class=\"vc_col-sm-9 wpb_column column_container \">\n\t\t\t<h2 style=\"font-size: 18px;text-align:left;color: #8db80d;font-style:inhert;font-weight:normal;margin-top:0px;margin-bottom:15px; text-transform:uppercase;letter-spacing:0px;\" id=\"fancy-title-69f3d3049df0c\" class=\"mk-shortcode mk-fancy-title fancy-title-align-left simple-style \"><span style=\"\">\n<p>BROKKOLI<\/p>\n<\/span><\/h2><div class=\"clearboth\"><\/div>\t<div style=\" margin-bottom:20px;text-align: left;\" class=\"mk-text-block  \"><p>Brokkoli ist unser Flaggschiff-Produkt, mehr als 30.000 Tonnen pro Jahr produzieren. Direkt an Shop-Kunden verteilt wird unter Verwendung kommt die modernste und hoch entwickelte Sammlung Ausr\u00fcstung, K\u00e4lte- und Logistik f\u00fcr das Produkt mit au\u00dfergew\u00f6hnlicher Qualit\u00e4t und Frische.<\/p>\n<div class=\"clearboth\"><\/div><\/div> \n\t<\/div>\n\t<div style=\"\" class=\"vc_col-sm-3 wpb_column column_container \">\n\t\t\t<div class=\"clearboth\"><\/div><div class=\"mk-shortcode mk-padding-shortcode\" style=\"height:44px\"><\/div><div class=\"clearboth\"><\/div><div class=\"mk-image-shortcode mk-shortcode   align-left simple-frame inside-image \" style=\"max-width: 800px; margin-bottom:25px\"><div class=\"mk-image-inner\"><img decoding=\"async\" class=\"lightbox-false\" alt=\"\" title=\"\" src=\"http:\/\/natveg.es\/wp-content\/uploads\/prod1.jpg\" \/><\/div><div class=\"clearboth\"><\/div><\/div>\n\t<\/div><\/div><div class=\"clearboth\"><\/div><\/div><div class=\"clearboth\"><\/div><\/div>\n<style type='text\/css'>\n.full-width-69f3d3049dd21 {\n    min-height:0px;\n    padding:0px 0 0px;\n    \n    background-attachment:scroll;\n    \n    background-position:left top;\n    background-repeat:repeat;\n    margin-bottom:0px;\n    \n}\n     <\/style><div class=\"mk-main-wrapper-holder\"><div class=\"theme-page-wrapper  -layout mk-grid vc_row-fluid row-fluid\"><div class=\"theme-content \"><div class=\"clearboth\"><\/div><\/div><\/div><\/div><div id=\"mk-page-section-69f3d3049e2bb\" data-intro-effect=\"false\" class=\"full-width-69f3d3049e2bb  mk-animate-element scale-up  full-height-false parallax-false mk-page-section mk-blur-parent mk-shortcode  \" data-speedFactor=\"0.3\"><div class=\"mk-video-color-mask\"><\/div><div class=\"mk-grid vc_row-fluid page-section-content\"><div class=\"mk-padding-wrapper\">\n\t<div style=\"\" class=\"vc_col-sm-9 wpb_column column_container \">\n\t\t\t<h2 style=\"font-size: 18px;text-align:left;color: #8db80d;font-style:inhert;font-weight:normal;margin-top:0px;margin-bottom:15px; text-transform:uppercase;letter-spacing:0px;\" id=\"fancy-title-69f3d3049e498\" class=\"mk-shortcode mk-fancy-title fancy-title-align-left simple-style \"><span style=\"\">\n<p>BLUMENKOHL<\/p>\n<\/span><\/h2><div class=\"clearboth\"><\/div>\t<div style=\" margin-bottom:20px;text-align: left;\" class=\"mk-text-block  \"><p>Blumenkohl Anbau erreicht Natveg Marketing, S.L. als 8.000.000 Teile j\u00e4hrlichen Produktionen. Hohe Produktqualit\u00e4t haben uns gro\u00dfe Superm\u00e4rkte und Oberfl\u00e4chen sowohl den nationalen und internationalen M\u00e4rkten zu erreichen erm\u00f6glicht, ein Produkt bereitstellt , frisch, gesund und gro\u00df unsere Kunden das ganze Jahr \u00fcber zu schmecken.<\/p>\n<div class=\"clearboth\"><\/div><\/div> \n\t<\/div>\n\t<div style=\"\" class=\"vc_col-sm-3 wpb_column column_container \">\n\t\t\t<div class=\"clearboth\"><\/div><div class=\"mk-shortcode mk-padding-shortcode\" style=\"height:44px\"><\/div><div class=\"clearboth\"><\/div><div class=\"mk-image-shortcode mk-shortcode   align-left simple-frame inside-image \" style=\"max-width: 800px; margin-bottom:25px\"><div class=\"mk-image-inner\"><img decoding=\"async\" class=\"lightbox-false\" alt=\"\" title=\"\" src=\"http:\/\/natveg.es\/wp-content\/uploads\/prod4.jpg\" \/><\/div><div class=\"clearboth\"><\/div><\/div>\n\t<\/div><\/div><div class=\"clearboth\"><\/div><\/div><div class=\"clearboth\"><\/div><\/div>\n<style type='text\/css'>\n.full-width-69f3d3049e2bb {\n    min-height:0px;\n    padding:0px 0 0px;\n    \n    background-attachment:scroll;\n    \n    background-position:left top;\n    background-repeat:repeat;\n    margin-bottom:0px;\n    \n}\n     <\/style><div class=\"mk-main-wrapper-holder\"><div class=\"theme-page-wrapper  -layout mk-grid vc_row-fluid row-fluid\"><div class=\"theme-content \"><div class=\"clearboth\"><\/div><\/div><\/div><\/div><div id=\"mk-page-section-69f3d3049e860\" data-intro-effect=\"false\" class=\"full-width-69f3d3049e860  mk-animate-element scale-up  full-height-false parallax-false mk-page-section mk-blur-parent mk-shortcode  \" data-speedFactor=\"0.3\"><div class=\"mk-video-color-mask\"><\/div><div class=\"mk-grid vc_row-fluid page-section-content\"><div class=\"mk-padding-wrapper\">\n\t<div style=\"\" class=\"vc_col-sm-9 wpb_column column_container \">\n\t\t\t<h2 style=\"font-size: 18px;text-align:left;color: #8db80d;font-style:inhert;font-weight:normal;margin-top:0px;margin-bottom:15px; text-transform:uppercase;letter-spacing:0px;\" id=\"fancy-title-69f3d3049ea4f\" class=\"mk-shortcode mk-fancy-title fancy-title-align-left simple-style \"><span style=\"\">\n<p>SPITZKOHL<\/p>\n<\/span><\/h2><div class=\"clearboth\"><\/div>\t<div style=\" margin-bottom:20px;text-align: left;\" class=\"mk-text-block  \"><p>Spitzkohl f\u00fcr seinen s\u00fc\u00dfen Geschmack, sch\u00f6ne Textur und unverwechselbare spitze Form bekannt. Produkt verbrauchen vor allem in Nordeuropa und die steigende Nachfrage in anderen europ\u00e4ischen L\u00e4ndern. In Natveg Marketing, S.L. wies Kohl Produktion rund 4,5 Millionen St\u00fcck.<\/p>\n<div class=\"clearboth\"><\/div><\/div> \n\t<\/div>\n\t<div style=\"\" class=\"vc_col-sm-3 wpb_column column_container \">\n\t\t\t<div class=\"clearboth\"><\/div><div class=\"mk-shortcode mk-padding-shortcode\" style=\"height:44px\"><\/div><div class=\"clearboth\"><\/div><div class=\"mk-image-shortcode mk-shortcode   align-left simple-frame inside-image \" style=\"max-width: 800px; margin-bottom:25px\"><div class=\"mk-image-inner\"><img decoding=\"async\" class=\"lightbox-false\" alt=\"\" title=\"\" src=\"http:\/\/natveg.es\/wp-content\/uploads\/col-picuda.jpg\" \/><\/div><div class=\"clearboth\"><\/div><\/div>\n\t<\/div><\/div><div class=\"clearboth\"><\/div><\/div><div class=\"clearboth\"><\/div><\/div>\n<style type='text\/css'>\n.full-width-69f3d3049e860 {\n    min-height:0px;\n    padding:0px 0 0px;\n    \n    background-attachment:scroll;\n    \n    background-position:left top;\n    background-repeat:repeat;\n    margin-bottom:0px;\n    \n}\n     <\/style><div class=\"mk-main-wrapper-holder\"><div class=\"theme-page-wrapper  -layout mk-grid vc_row-fluid row-fluid\"><div class=\"theme-content \"><div class=\"clearboth\"><\/div><\/div><\/div><\/div><div id=\"mk-page-section-69f3d3049ee10\" data-intro-effect=\"false\" class=\"full-width-69f3d3049ee10  mk-animate-element scale-up  full-height-false parallax-false mk-page-section mk-blur-parent mk-shortcode  \" data-speedFactor=\"0.3\"><div class=\"mk-video-color-mask\"><\/div><div class=\"mk-grid vc_row-fluid page-section-content\"><div class=\"mk-padding-wrapper\">\n\t<div style=\"\" class=\"vc_col-sm-9 wpb_column column_container \">\n\t\t\t<h2 style=\"font-size: 18px;text-align:left;color: #8db80d;font-style:inhert;font-weight:normal;margin-top:0px;margin-bottom:15px; text-transform:uppercase;letter-spacing:0px;\" id=\"fancy-title-69f3d3049f019\" class=\"mk-shortcode mk-fancy-title fancy-title-align-left simple-style \"><span style=\"\">\n<p>WIRSINGKOHL<\/p>\n<\/span><\/h2><div class=\"clearboth\"><\/div>\t<div style=\" margin-bottom:20px;text-align: left;\" class=\"mk-text-block  \"><p>Mit seinem markanten gr\u00fcnen und geschweiften Bl\u00e4tter, ist Wirsingkohl bekannt als eine der ges\u00fcndesten und am vorteilhaftesten Kohl. Wegen seiner hohen Gehalt an Vitaminen und Mineralstoffen , die eine Vielzahl an essentiellen N\u00e4hrstoffen f\u00fcr unseren K\u00f6rper. Natveg Marketing, S.L. 1.200.000 St\u00fcck j\u00e4hrlich produziert.<\/p>\n<div class=\"clearboth\"><\/div><\/div> \n\t<\/div>\n\t<div style=\"\" class=\"vc_col-sm-3 wpb_column column_container \">\n\t\t\t<div class=\"clearboth\"><\/div><div class=\"mk-shortcode mk-padding-shortcode\" style=\"height:44px\"><\/div><div class=\"clearboth\"><\/div><div class=\"mk-image-shortcode mk-shortcode   align-left simple-frame inside-image \" style=\"max-width: 800px; margin-bottom:25px\"><div class=\"mk-image-inner\"><img decoding=\"async\" class=\"lightbox-false\" alt=\"\" title=\"\" src=\"http:\/\/natveg.es\/wp-content\/uploads\/prod3.jpg\" \/><\/div><div class=\"clearboth\"><\/div><\/div>\n\t<\/div><\/div><div class=\"clearboth\"><\/div><\/div><div class=\"clearboth\"><\/div><\/div>\n<style type='text\/css'>\n.full-width-69f3d3049ee10 {\n    min-height:0px;\n    padding:0px 0 0px;\n    \n    background-attachment:scroll;\n    \n    background-position:left top;\n    background-repeat:repeat;\n    margin-bottom:0px;\n    \n}\n     <\/style><div class=\"mk-main-wrapper-holder\"><div class=\"theme-page-wrapper  -layout mk-grid vc_row-fluid row-fluid\"><div class=\"theme-content \"><div class=\"clearboth\"><\/div><\/div><\/div><\/div><div id=\"mk-page-section-69f3d3049f3e3\" data-intro-effect=\"false\" class=\"full-width-69f3d3049f3e3  mk-animate-element scale-up  full-height-false parallax-false mk-page-section mk-blur-parent mk-shortcode  \" data-speedFactor=\"0.3\"><div class=\"mk-video-color-mask\"><\/div><div class=\"mk-grid vc_row-fluid page-section-content\"><div class=\"mk-padding-wrapper\">\n\t<div style=\"\" class=\"vc_col-sm-9 wpb_column column_container \">\n\t\t\t<h2 style=\"font-size: 18px;text-align:left;color: #8db80d;font-style:inhert;font-weight:normal;margin-top:0px;margin-bottom:15px; text-transform:uppercase;letter-spacing:0px;\" id=\"fancy-title-69f3d3049f5be\" class=\"mk-shortcode mk-fancy-title fancy-title-align-left simple-style \"><span style=\"\">\n<p>BUTTERNUSSK\u00dcRBIS<\/p>\n<\/span><\/h2><div class=\"clearboth\"><\/div>\t<div style=\" margin-bottom:20px;text-align: left;\" class=\"mk-text-block  \"><p>Natveg Marketing, S.L. produziert und vertreibt eine Vielzahl von butternussk\u00fcrbis, mit einer Produktion von rund 5.000 Tonnen, Produkt-Marketing, vor allem auf den internationalen M\u00e4rkten.<\/p>\n<div class=\"clearboth\"><\/div><\/div> \n\t<\/div>\n\t<div style=\"\" class=\"vc_col-sm-3 wpb_column column_container \">\n\t\t\t<div class=\"clearboth\"><\/div><div class=\"mk-shortcode mk-padding-shortcode\" style=\"height:44px\"><\/div><div class=\"clearboth\"><\/div><div class=\"mk-image-shortcode mk-shortcode   align-left simple-frame inside-image \" style=\"max-width: 800px; margin-bottom:25px\"><div class=\"mk-image-inner\"><img decoding=\"async\" class=\"lightbox-false\" alt=\"\" title=\"\" src=\"http:\/\/natveg.es\/wp-content\/uploads\/prod2.jpg\" \/><\/div><div class=\"clearboth\"><\/div><\/div>\n\t<\/div><\/div><div class=\"clearboth\"><\/div><\/div><div class=\"clearboth\"><\/div><\/div>\n<style type='text\/css'>\n.full-width-69f3d3049f3e3 {\n    min-height:0px;\n    padding:0px 0 0px;\n    \n    background-attachment:scroll;\n    \n    background-position:left top;\n    background-repeat:repeat;\n    margin-bottom:0px;\n    \n}\n     <\/style><div class=\"mk-main-wrapper-holder\"><div class=\"theme-page-wrapper  -layout mk-grid vc_row-fluid row-fluid\"><div class=\"theme-content \"><div class=\"clearboth\"><\/div><\/div><\/div><\/div><div id=\"mk-page-section-69f3d3049f982\" data-intro-effect=\"false\" class=\"full-width-69f3d3049f982  mk-animate-element scale-up  full-height-false parallax-false mk-page-section mk-blur-parent mk-shortcode  \" data-speedFactor=\"0.3\"><div class=\"mk-video-color-mask\"><\/div><div class=\"mk-grid vc_row-fluid page-section-content\"><div class=\"mk-padding-wrapper\">\n\t<div style=\"\" class=\"vc_col-sm-9 wpb_column column_container \">\n\t\t\t<h2 style=\"font-size: 18px;text-align:left;color: #8db80d;font-style:inhert;font-weight:normal;margin-top:0px;margin-bottom:15px; text-transform:uppercase;letter-spacing:0px;\" id=\"fancy-title-69f3d3049fb8f\" class=\"mk-shortcode mk-fancy-title fancy-title-align-left simple-style \"><span style=\"\">\n<p>S\u00dc\u00dfKARTOFFEL<\/p>\n<\/span><\/h2><div class=\"clearboth\"><\/div>\t<div style=\" margin-bottom:20px;text-align: left;\" class=\"mk-text-block  \"><p>Natveg Marketing, S.L. kultiviert Vielfalt Beauregard orange Fruchtfleisch . S\u00fc\u00dfkartoffel ist ein super Essen betrachtet, immer in unserer Nahrung. Die Produktion erreicht 1.000 Tonnen.<\/p>\n<div class=\"clearboth\"><\/div><\/div> \n\t<\/div>\n\t<div style=\"\" class=\"vc_col-sm-3 wpb_column column_container \">\n\t\t\t<div class=\"clearboth\"><\/div><div class=\"mk-shortcode mk-padding-shortcode\" style=\"height:44px\"><\/div><div class=\"clearboth\"><\/div><div class=\"mk-image-shortcode mk-shortcode   align-left simple-frame inside-image \" style=\"max-width: 800px; margin-bottom:25px\"><div class=\"mk-image-inner\"><img decoding=\"async\" class=\"lightbox-false\" alt=\"\" title=\"\" src=\"http:\/\/natveg.es\/wp-content\/uploads\/boniato.jpg\" \/><\/div><div class=\"clearboth\"><\/div><\/div>\n\t<\/div><\/div><div class=\"clearboth\"><\/div><\/div><div class=\"clearboth\"><\/div><\/div>\n<style type='text\/css'>\n.full-width-69f3d3049f982 {\n    min-height:0px;\n    padding:0px 0 0px;\n    \n    background-attachment:scroll;\n    \n    background-position:left top;\n    background-repeat:repeat;\n    margin-bottom:0px;\n    \n}\n     <\/style><div class=\"mk-main-wrapper-holder\"><div class=\"theme-page-wrapper  -layout mk-grid vc_row-fluid row-fluid\"><div class=\"theme-content \"><div class=\"clearboth\"><\/div><\/div><\/div><\/div><div id=\"mk-page-section-69f3d3049ff52\" data-intro-effect=\"false\" class=\"full-width-69f3d3049ff52  mk-animate-element scale-up  full-height-false parallax-false mk-page-section mk-blur-parent mk-shortcode  \" data-speedFactor=\"0.3\"><div class=\"mk-video-color-mask\"><\/div><div class=\"mk-grid vc_row-fluid page-section-content\"><div class=\"mk-padding-wrapper\">\n\t<div style=\"\" class=\"vc_col-sm-9 wpb_column column_container \">\n\t\t\t<h2 style=\"font-size: 18px;text-align:left;color: #8db80d;font-style:inhert;font-weight:normal;margin-top:0px;margin-bottom:15px; text-transform:uppercase;letter-spacing:0px;\" id=\"fancy-title-69f3d304a0131\" class=\"mk-shortcode mk-fancy-title fancy-title-align-left simple-style \"><span style=\"\">\n<p>GEM\u00dcSE<\/p>\n<\/span><\/h2><div class=\"clearboth\"><\/div>\t<div style=\" margin-bottom:20px;text-align: left;\" class=\"mk-text-block  \"><p>Zus\u00e4tzlich zu den oben genannten Produkten bietet Natveg Marketing, S.L. die M\u00f6glichkeit, die folgenden Produkte in seinem Portfolio geh\u00f6ren:<\/p>\n<p>\u2022 Salatherzen (Little Gem)<br \/>\n\u2022 Kohl<br \/>\n\u2022 Schnittlauch<br \/>\n\u2022 Kartoffeln<\/p>\n<div class=\"clearboth\"><\/div><\/div> \n\t<\/div>\n\t<div style=\"\" class=\"vc_col-sm-3 wpb_column column_container \">\n\t\t\t<div class=\"clearboth\"><\/div><div class=\"mk-shortcode mk-padding-shortcode\" style=\"height:44px\"><\/div><div class=\"clearboth\"><\/div><div class=\"mk-image-shortcode mk-shortcode   align-left simple-frame inside-image \" style=\"max-width: 800px; margin-bottom:25px\"><div class=\"mk-image-inner\"><img decoding=\"async\" class=\"lightbox-false\" alt=\"\" title=\"\" src=\"http:\/\/natveg.es\/wp-content\/uploads\/prod5.jpg\" \/><\/div><div class=\"clearboth\"><\/div><\/div>\n\t<\/div><\/div><div class=\"clearboth\"><\/div><\/div><div class=\"clearboth\"><\/div><\/div>\n<style type='text\/css'>\n.full-width-69f3d3049ff52 {\n    min-height:0px;\n    padding:0px 0 0px;\n    \n    background-attachment:scroll;\n    \n    background-position:left top;\n    background-repeat:repeat;\n    margin-bottom:0px;\n    \n}\n     <\/style><div class=\"mk-main-wrapper-holder\"><div class=\"theme-page-wrapper  -layout mk-grid vc_row-fluid row-fluid\"><div class=\"theme-content \"><div class=\"clearboth\"><\/div><\/div><\/div><\/div><div id=\"mk-page-section-69f3d304a0518\" data-intro-effect=\"false\" class=\"full-width-69f3d304a0518  mk-animate-element scale-up  full-height-false parallax-false mk-page-section mk-blur-parent mk-shortcode  \" data-speedFactor=\"0.3\"><div class=\"mk-video-color-mask\"><\/div><div class=\"mk-grid vc_row-fluid page-section-content\"><div class=\"mk-padding-wrapper\">\n\t<div style=\"\" class=\"vc_col-sm-12 wpb_column column_container \">\n\t\t\t<div class=\"mk-image-shortcode mk-shortcode   align-center simple-frame inside-image \" style=\"max-width: 852px; margin-bottom:50px\"><div class=\"mk-image-inner\"><img decoding=\"async\" class=\"lightbox-false\" alt=\"\" title=\"\" src=\"http:\/\/natveg.es\/wp-content\/uploads\/Campa\u00f1a-Alem\u00e1n.png\" \/><\/div><div class=\"clearboth\"><\/div><\/div><div class=\"mk-button-align center\"><a href=\"http:\/\/natveg.es\/wp-content\/uploads\/Cat\u00e1logo-Natveg Marketing, S.L..pdf\" target=\"_blank\"  class=\"mk-button dark button-69f3d304a07bb light-color  flat-dimension large pointed \"><span>\nDownload Katalog\n<\/span><\/a><\/div>\n\n<style type=\"text\/css\">\n    .button-69f3d304a07bb {\n                margin-bottom: 0px;\n                margin-top: 0px;\n                min-width: 0px !important;\n\n        }\n\n        .button-69f3d304a07bb {\n                background-color:#7fa210;\n\n        }\n        \n            .mk-button.button-69f3d304a07bb.flat-dimension:hover {\n                    background-color:#252525 !important;\n                    \n            }\n        <\/style>\n\t<\/div><\/div><div class=\"clearboth\"><\/div><\/div><div class=\"clearboth\"><\/div><\/div>\n<style type='text\/css'>\n.full-width-69f3d304a0518 {\n    min-height:0px;\n    padding:0px 0 50px;\n    \n    background-attachment:scroll;\n    \n    background-position:left top;\n    background-repeat:repeat;\n    margin-bottom:0px;\n    \n}\n     <\/style><div class=\"mk-main-wrapper-holder\"><div class=\"theme-page-wrapper  -layout mk-grid vc_row-fluid row-fluid\"><div class=\"theme-content \">\n\t<div style=\"\" class=\"vc_col-sm-4 wpb_column column_container \">\n\t\t\t\t<div style=\"text-align: left;\" class=\"mk-text-block  \"><div class=\"clearboth\"><\/div><\/div> \n\t<\/div>\n\t<div style=\"\" class=\"vc_col-sm-4 wpb_column column_container \">\n\t\t\t\t<div style=\"text-align: left;\" class=\"mk-text-block  \"><div class=\"clearboth\"><\/div><\/div> \n\t<\/div>","protected":false},"excerpt":{"rendered":".full-width-69f3d304ac7b4 { min-height:0px; padding:50px 0 0px; background-attachment:scroll; background-position:left top; background-repeat:repeat; margin-bottom:0px; } PRODUCKTE .full-width-69f3d304acaaa { min-height:0px; padding:50px 0 30px; background-attachment:scroll; background-position:left top; background-repeat:repeat; margin-bottom:0px; } Natveg Marketing, S.L. produziert, vermarktet und vertreibt eine Vielzahl von Gem\u00fcse in vier Hauptproduktlinien unterteilt: .full-width-69f3d304acd58 { min-height:0px; padding:0px 0 10px; background-attachment:scroll; background-position:left top; background-repeat:repeat; margin-bottom:0px; } BROKKOLI Brokkoli ist [...]","protected":false},"author":2,"featured_media":0,"parent":0,"menu_order":0,"comment_status":"closed","ping_status":"closed","template":"","meta":{"footnotes":""},"class_list":["post-91","page","type-page","status-publish","hentry"],"aioseo_notices":[],"_links":{"self":[{"href":"https:\/\/natveg.es\/de\/wp-json\/wp\/v2\/pages\/91","targetHints":{"allow":["GET"]}}],"collection":[{"href":"https:\/\/natveg.es\/de\/wp-json\/wp\/v2\/pages"}],"about":[{"href":"https:\/\/natveg.es\/de\/wp-json\/wp\/v2\/types\/page"}],"author":[{"embeddable":true,"href":"https:\/\/natveg.es\/de\/wp-json\/wp\/v2\/users\/2"}],"replies":[{"embeddable":true,"href":"https:\/\/natveg.es\/de\/wp-json\/wp\/v2\/comments?post=91"}],"version-history":[{"count":102,"href":"https:\/\/natveg.es\/de\/wp-json\/wp\/v2\/pages\/91\/revisions"}],"predecessor-version":[{"id":379,"href":"https:\/\/natveg.es\/de\/wp-json\/wp\/v2\/pages\/91\/revisions\/379"}],"wp:attachment":[{"href":"https:\/\/natveg.es\/de\/wp-json\/wp\/v2\/media?parent=91"}],"curies":[{"name":"wp","href":"https:\/\/api.w.org\/{rel}","templated":true}]}}