{"id":81,"date":"2016-12-02T13:55:19","date_gmt":"2016-12-02T13:55:19","guid":{"rendered":"http:\/\/natveg.es\/?page_id=81"},"modified":"2017-06-07T12:27:28","modified_gmt":"2017-06-07T12:27:28","slug":"empresa","status":"publish","type":"page","link":"https:\/\/natveg.es\/de\/empresa","title":{"rendered":"Unternehmen"},"content":{"rendered":"<div class=\"clearboth\"><\/div><\/div><\/div><\/div><div id=\"mk-page-section-69ff4a157480a\" data-intro-effect=\"false\" class=\"full-width-69ff4a157480a  mk-animate-element scale-up  full-height-false parallax-false mk-page-section mk-blur-parent mk-shortcode  \" data-speedFactor=\"0.3\"><div class=\"mk-video-color-mask\"><\/div><div class=\"mk-grid vc_row-fluid page-section-content\"><div class=\"mk-padding-wrapper\">\n\t<div style=\"\" class=\"vc_col-sm-12 wpb_column column_container \">\n\t\t\t<div class=\"mk-image-shortcode mk-shortcode   align-left simple-frame inside-image \" style=\"max-width: 1090px; margin-bottom:0px\"><div class=\"mk-image-inner\"><img decoding=\"async\" class=\"lightbox-false\" alt=\"\" title=\"\" src=\"http:\/\/natveg.es\/wp-content\/uploads\/1-.jpg1.jpg\" \/><\/div><div class=\"clearboth\"><\/div><\/div>\n\t<\/div><\/div><div class=\"clearboth\"><\/div><\/div><div class=\"clearboth\"><\/div><\/div>\n<style type='text\/css'>\n.full-width-69ff4a157480a {\n    min-height:0px;\n    padding:50px 0 0px;\n    \n    background-attachment:scroll;\n    \n    background-position:left top;\n    background-repeat:repeat;\n    margin-bottom:0px;\n    \n}\n     <\/style><div class=\"mk-main-wrapper-holder\"><div class=\"theme-page-wrapper  -layout mk-grid vc_row-fluid row-fluid\"><div class=\"theme-content \"><div class=\"clearboth\"><\/div><\/div><\/div><\/div><div id=\"mk-page-section-69ff4a1574b73\" data-intro-effect=\"false\" class=\"full-width-69ff4a1574b73  mk-animate-element scale-up  full-height-false parallax-false mk-page-section mk-blur-parent mk-shortcode  \" data-speedFactor=\"0.3\"><div class=\"mk-video-color-mask\"><\/div><div class=\"mk-grid vc_row-fluid page-section-content\"><div class=\"mk-padding-wrapper\">\n\t<div style=\"\" class=\"vc_col-sm-12 wpb_column column_container \">\n\t\t\t<h2 style=\"font-size: 35px;text-align:center;color: #2c5b00;font-style:inhert;font-weight:bold;margin-top:0px;margin-bottom:0px; text-transform:uppercase;letter-spacing:0px;\" id=\"fancy-title-69ff4a1574d67\" class=\"mk-shortcode mk-fancy-title fancy-title-align-center pattern-style \"><span style=\"padding:0 8px;\">\nUNTERNEHMEN\n<\/span><\/h2><div class=\"clearboth\"><\/div>\n\t<\/div><\/div><div class=\"clearboth\"><\/div><\/div><div class=\"clearboth\"><\/div><\/div>\n<style type='text\/css'>\n.full-width-69ff4a1574b73 {\n    min-height:0px;\n    padding:50px 0 30px;\n    \n    background-attachment:scroll;\n    \n    background-position:left top;\n    background-repeat:repeat;\n    margin-bottom:0px;\n    \n}\n     <\/style><div class=\"mk-main-wrapper-holder\"><div class=\"theme-page-wrapper  -layout mk-grid vc_row-fluid row-fluid\"><div class=\"theme-content \"><div class=\"clearboth\"><\/div><\/div><\/div><\/div><div id=\"mk-page-section-69ff4a1574e3c\" data-intro-effect=\"false\" class=\"full-width-69ff4a1574e3c  mk-animate-element scale-up  full-height-false parallax-false mk-page-section mk-blur-parent mk-shortcode  \" data-speedFactor=\"0.3\"><div class=\"mk-video-color-mask\"><\/div><div class=\"mk-grid vc_row-fluid page-section-content\"><div class=\"mk-padding-wrapper\">\n\t<div style=\"\" class=\"vc_col-sm-12 wpb_column column_container \">\n\t\t\t\t<div style=\" margin-bottom:0px;text-align: left;\" class=\"mk-text-block  \"><p><strong>NATVEG MARKETING, S.L. <\/strong>ist ein Familienunternehmen, das in den 1980er Jahren von Tom\u00e1s und Nicol\u00e1s Jara gegr\u00fcndet wurde und sich in der Gemeinde Torre Pacheco in der autonomen Region Murcia in Spanienbefindet<em>.<\/em> Es entstand als ein landwirtschaftliches Exportunternehmen mit<strong>Produkten aus eigenem Anbau<\/strong>.Schon seit mehr als 20 Jahren versorgt<strong>NATVEG MARKETING, S.L.<\/strong> den britischen Markt mit Brokkoli und Blumenkohl.<strong>NATVEG MARKETING, S.L.<\/strong> wird mit einem der gr\u00f6\u00dften Anteile am britischen Marktderzeit als einer der <strong>Haupterzeuger von Kohlgem\u00fcse in Europa<\/strong>angesehen.<\/p>\n<p>Im Jahr2009 erhielt <strong>NATVEG MARKETING, S.L.<\/strong>von der britischen Supermarktkette TESCO die Auszeichnung <strong>\u201cVegetable Grower of theYear\u201d<\/strong>.<\/p>\n<p><strong>NATVEG MARKETING, S.L. <\/strong>hat schon seit den Anf\u00e4ngen des Unternehmensals einesseiner Hauptanliegen die direkte Verbindung zum Endverbraucher. Dabei soll der <strong>Direktvertrieb<\/strong> gest\u00e4rkt werden und auf diese Weise eine maximale Kosteneffizienz und die beste Qualit\u00e4t der Produkte von der Produktion bis zum Verkauf garantiert werden.<\/p>\n<p>Der Einsatz f\u00fcr <strong>technologische Innovation<\/strong>sowohlbei den pflanzlichen Erzeugnissen als auch bei der Aufbereitung der Produkte erm\u00f6glicht es NATVEG MARKETING, S.L.ein Unternehmen mit Vorreiterrolle im spanischen Agrarsektor bei der Einf\u00fchrung von Qualit\u00e4tsstandards zu sein.So verf\u00fcgt <strong>NATVEG MARKETING, S.L.<\/strong> \u00fcber alle<strong>aktuell erforderlichenZertifizierungen auf europ\u00e4ischer Ebene<\/strong>:<\/p>\n<ul>\n<li>BRC CERTIFICATED<\/li>\n<li>GLOBAL G.A.P.<\/li>\n<li>INTERNACIONAL FOOD STANDARD I.F.S.<\/li>\n<li>TESCO NURTURE<\/li>\n<\/ul>\n<div class=\"clearboth\"><\/div><\/div> \n\t<\/div><\/div><div class=\"clearboth\"><\/div><\/div><div class=\"clearboth\"><\/div><\/div>\n<style type='text\/css'>\n.full-width-69ff4a1574e3c {\n    min-height:0px;\n    padding:0px 0 50px;\n    \n    background-attachment:scroll;\n    \n    background-position:left top;\n    background-repeat:repeat;\n    margin-bottom:0px;\n    \n}\n     <\/style><div class=\"mk-main-wrapper-holder\"><div class=\"theme-page-wrapper  -layout mk-grid vc_row-fluid row-fluid\"><div class=\"theme-content \">\n\t<div style=\"\" class=\"vc_col-sm-4 wpb_column column_container \">\n\t\t\t\t<div style=\"text-align: left;\" class=\"mk-text-block  \"><div class=\"clearboth\"><\/div><\/div> \n\t<\/div>\n\t<div style=\"\" class=\"vc_col-sm-4 wpb_column column_container \">\n\t\t\t\t<div style=\"text-align: left;\" class=\"mk-text-block  \"><div class=\"clearboth\"><\/div><\/div> \n\t<\/div>","protected":false},"excerpt":{"rendered":".full-width-69ff4a1584c6e { min-height:0px; padding:50px 0 0px; background-attachment:scroll; background-position:left top; background-repeat:repeat; margin-bottom:0px; } UNTERNEHMEN .full-width-69ff4a158500a { min-height:0px; padding:50px 0 30px; background-attachment:scroll; background-position:left top; background-repeat:repeat; margin-bottom:0px; } NATVEG MARKETING, S.L. ist ein Familienunternehmen, das in den 1980er Jahren von Tom\u00e1s und Nicol\u00e1s Jara gegr\u00fcndet wurde und sich in der Gemeinde Torre Pacheco in der autonomen Region Murcia [...]","protected":false},"author":2,"featured_media":0,"parent":0,"menu_order":0,"comment_status":"closed","ping_status":"closed","template":"","meta":{"footnotes":""},"class_list":["post-81","page","type-page","status-publish","hentry"],"aioseo_notices":[],"_links":{"self":[{"href":"https:\/\/natveg.es\/de\/wp-json\/wp\/v2\/pages\/81","targetHints":{"allow":["GET"]}}],"collection":[{"href":"https:\/\/natveg.es\/de\/wp-json\/wp\/v2\/pages"}],"about":[{"href":"https:\/\/natveg.es\/de\/wp-json\/wp\/v2\/types\/page"}],"author":[{"embeddable":true,"href":"https:\/\/natveg.es\/de\/wp-json\/wp\/v2\/users\/2"}],"replies":[{"embeddable":true,"href":"https:\/\/natveg.es\/de\/wp-json\/wp\/v2\/comments?post=81"}],"version-history":[{"count":25,"href":"https:\/\/natveg.es\/de\/wp-json\/wp\/v2\/pages\/81\/revisions"}],"predecessor-version":[{"id":381,"href":"https:\/\/natveg.es\/de\/wp-json\/wp\/v2\/pages\/81\/revisions\/381"}],"wp:attachment":[{"href":"https:\/\/natveg.es\/de\/wp-json\/wp\/v2\/media?parent=81"}],"curies":[{"name":"wp","href":"https:\/\/api.w.org\/{rel}","templated":true}]}}