{"id":500,"date":"2026-03-26T12:14:11","date_gmt":"2026-03-26T12:14:11","guid":{"rendered":"https:\/\/natveg.es\/?page_id=500"},"modified":"2026-03-26T14:06:52","modified_gmt":"2026-03-26T14:06:52","slug":"politicas-de-privacidad","status":"publish","type":"page","link":"https:\/\/natveg.es\/de\/politicas-de-privacidad","title":{"rendered":"Politicas de Privacidad"},"content":{"rendered":"<div class=\"clearboth\"><\/div><\/div><\/div><\/div><div id=\"mk-page-section-69fa275c81f87\" data-intro-effect=\"false\" class=\"full-width-69fa275c81f87  full-height- parallax-false mk-page-section mk-blur-parent mk-shortcode  \" data-speedFactor=\"\"><div class=\"mk-video-color-mask\"><\/div><div class=\"mk-main-wrapper-holder\"><div class=\"theme-page-wrapper -layout mk-grid vc_row-fluid row-fluid page-section-content\"><div class=\"theme-content\">\n\n\t<div style=\"\" class=\"vc_col-sm-12 wpb_column column_container \">\n\t\t\t\n<h2 style=\"font-size: 35px;text-align:center;color: #3c6318;font-style:inherit;font-weight:bold;margin-top:0px;margin-bottom:20px; text-transform:uppercase;\" id=\"fancy-title-69fa275c821f4\" class=\"mk-shortcode mk-fancy-title fancy-title-align-center pattern-style \"><span style=\"padding:0 8px;\">\nDATENSCHUTZRICHTLINIE \u2013 MELDUNGEN\n<\/span><\/h2><div class=\"clearboth\"><\/div>\n\t<div style=\"text-align: left;\" class=\"mk-text-block  \"><p>Bei der **Sociedad de Grupo Agrupa** verpflichten wir uns, die Privatsph\u00e4re aller Personen zu sch\u00fctzen und zu respektieren, die unseren Meldungskanal nutzen. Diese Datenschutzrichtlinie erkl\u00e4rt, wie wir personenbezogene Daten, die \u00fcber unser sicheres Formular \u00fcbermittelt werden, sammeln, verwenden und sch\u00fctzen.<\/p>\n<div class=\"clearboth\"><\/div><\/div> \n<h3 style=\"font-size: 20px;text-align:left;color: #3d3d3d;font-style:inherit;font-weight:normal;margin-top:30px;margin-bottom:20px; text-transform:uppercase;\" id=\"fancy-title-69fa275c8233a\" class=\"mk-shortcode mk-fancy-title fancy-title-align-left pattern-style \"><span style=\"padding-right:8px;\">\nGesammelte Daten\n<\/span><\/h3><div class=\"clearboth\"><\/div>\n\t<div style=\"text-align: left;\" class=\"mk-text-block  \"><p>\u00dcber das Meldeformular k\u00f6nnen folgende Daten erfasst werden:<br \/>\n\u2022 Vor- und Nachname<br \/>\n\u2022 Telefon<br \/>\n\u2022 Email<br \/>\n\u2022 Beschreibung der Meldung<br \/>\n\u2022 Angef\u00fcgte Dokumente<\/p>\n<div class=\"clearboth\"><\/div><\/div> \n<h3 style=\"font-size: 20px;text-align:left;color: #3d3d3d;font-style:inherit;font-weight:normal;margin-top:30px;margin-bottom:20px; text-transform:uppercase;\" id=\"fancy-title-69fa275c8247a\" class=\"mk-shortcode mk-fancy-title fancy-title-align-left pattern-style \"><span style=\"padding-right:8px;\">\nZweck und Aufbewahrung\n<\/span><\/h3><div class=\"clearboth\"><\/div>\n\t<div style=\"text-align: left;\" class=\"mk-text-block  \"><p>Personenbezogene Daten, auf die **Sociedad de Grupo Agrupa** im Zusammenhang mit der Meldung Zugriff hat, werden gesch\u00fctzt und aufbewahrt, sodass niemand Zugriff darauf hat.<\/p>\n<p>Die Informationen oder Meldungen werden **vertraulich** im entsprechenden Melderegister erfasst, und alle im Zuge des Verfahrens entstandenen Dokumente werden aufgezeichnet.<\/p>\n<p>Die Daten werden nur so lange aufbewahrt, wie es f\u00fcr den Zweck erforderlich ist, und nach Ablauf der gesetzlichen Verj\u00e4hrungsfrist gel\u00f6scht, die **niemals zehn Jahre \u00fcberschreiten darf**.<\/p>\n<p>W\u00e4hrend der Aufbewahrung dieser Dokumente bleibt der Zugriff gem\u00e4\u00df den Datenschutzgesetzen eingeschr\u00e4nkt.<\/p>\n<div class=\"clearboth\"><\/div><\/div> \n<h3 style=\"font-size: 20px;text-align:left;color: #3d3d3d;font-style:inherit;font-weight:normal;margin-top:30px;margin-bottom:20px; text-transform:uppercase;\" id=\"fancy-title-69fa275c825cd\" class=\"mk-shortcode mk-fancy-title fancy-title-align-left pattern-style \"><span style=\"padding-right:8px;\">\nRechtsgrundlage\n<\/span><\/h3><div class=\"clearboth\"><\/div>\n\t<div style=\"text-align: left;\" class=\"mk-text-block  \"><p>Die Verarbeitung Ihrer Daten erfolgt mit Ihrer **ausdr\u00fccklichen Einwilligung**, indem Sie die Datenschutzrichtlinie vor dem Absenden der Meldung akzeptieren.<\/p>\n<div class=\"clearboth\"><\/div><\/div> \n<h3 style=\"font-size: 20px;text-align:left;color: #3d3d3d;font-style:inherit;font-weight:normal;margin-top:30px;margin-bottom:20px; text-transform:uppercase;\" id=\"fancy-title-69fa275c82705\" class=\"mk-shortcode mk-fancy-title fancy-title-align-left pattern-style \"><span style=\"padding-right:8px;\">\nBenutzerrechte\n<\/span><\/h3><div class=\"clearboth\"><\/div>\n\t<div style=\"text-align: left;\" class=\"mk-text-block  \"><p>Sie haben das Recht:<br \/>\n\u2022 Zugriff auf Ihre Daten zu erhalten<br \/>\n\u2022 Falsche Informationen zu berichtigen<br \/>\n\u2022 Die L\u00f6schung Ihrer Daten zu beantragen<br \/>\n\u2022 Die Verarbeitung einzuschr\u00e4nken oder zu widersprechen<br \/>\n\u2022 Datenportabilit\u00e4t zu verlangen<\/p>\n<p>Zur Aus\u00fcbung dieser Rechte k\u00f6nnen Sie uns unter **[personal@natveg.es]** kontaktieren.<\/p>\n<div class=\"clearboth\"><\/div><\/div> \n<h3 style=\"font-size: 20px;text-align:left;color: #3d3d3d;font-style:inherit;font-weight:normal;margin-top:30px;margin-bottom:20px; text-transform:uppercase;\" id=\"fancy-title-69fa275c8287c\" class=\"mk-shortcode mk-fancy-title fancy-title-align-left pattern-style \"><span style=\"padding-right:8px;\">\nSicherheit und \u00c4nderungen\n<\/span><\/h3><div class=\"clearboth\"><\/div>\n\t<div style=\"text-align: left;\" class=\"mk-text-block  \"><p>Wir setzen technische und organisatorische Ma\u00dfnahmen ein, um Ihre Daten vor unbefugtem Zugriff, Verlust oder Offenlegung zu sch\u00fctzen.<\/p>\n<p>Wir k\u00f6nnen diese Datenschutzrichtlinie jederzeit aktualisieren; die neueste Version ist stets auf dieser Seite verf\u00fcgbar.<\/p>\n<div class=\"clearboth\"><\/div><\/div> \n\n\t<\/div>\n<div class=\"clearboth\"><\/div><\/div><aside id=\"mk-sidebar\" class=\"mk-builtin\"><div class=\"sidebar-wrapper\" style=\"padding-top:0;padding-bottom:0;\"><\/div><\/aside><\/div><\/div><div class=\"clearboth\"><\/div><\/div>\n<style type='text\/css'>\n.full-width-69fa275c81f87 {\n    min-height:100px;\n    padding:0px 0 0px;\n    \n    background-attachment:;\n    background-color:#ffffff;\n    background-position:left top;\n    background-repeat:repeat;\n    margin-bottom:10px;\n    \n}\n     \n.full-width-69fa275c81f87 .mk-fancy-title.pattern-style span, \n.full-width-69fa275c81f87 .mk-blog-view-all\n{\n    background-color: #ffffff !important;\n}<\/style><div class=\"mk-main-wrapper-holder\"><div class=\"theme-page-wrapper  -layout mk-grid vc_row-fluid row-fluid\"><div class=\"theme-content \">","protected":false},"excerpt":{"rendered":"DATENSCHUTZRICHTLINIE \u2013 MELDUNGEN Bei der **Sociedad de Grupo Agrupa** verpflichten wir uns, die Privatsph\u00e4re aller Personen zu sch\u00fctzen und zu respektieren, die unseren Meldungskanal nutzen. Diese Datenschutzrichtlinie erkl\u00e4rt, wie wir personenbezogene Daten, die \u00fcber unser sicheres Formular \u00fcbermittelt werden, sammeln, verwenden und sch\u00fctzen. Gesammelte Daten \u00dcber das Meldeformular k\u00f6nnen folgende Daten erfasst werden: \u2022 Vor- [...]","protected":false},"author":2,"featured_media":0,"parent":0,"menu_order":0,"comment_status":"closed","ping_status":"closed","template":"","meta":{"footnotes":""},"class_list":["post-500","page","type-page","status-publish","hentry"],"aioseo_notices":[],"_links":{"self":[{"href":"https:\/\/natveg.es\/de\/wp-json\/wp\/v2\/pages\/500","targetHints":{"allow":["GET"]}}],"collection":[{"href":"https:\/\/natveg.es\/de\/wp-json\/wp\/v2\/pages"}],"about":[{"href":"https:\/\/natveg.es\/de\/wp-json\/wp\/v2\/types\/page"}],"author":[{"embeddable":true,"href":"https:\/\/natveg.es\/de\/wp-json\/wp\/v2\/users\/2"}],"replies":[{"embeddable":true,"href":"https:\/\/natveg.es\/de\/wp-json\/wp\/v2\/comments?post=500"}],"version-history":[{"count":14,"href":"https:\/\/natveg.es\/de\/wp-json\/wp\/v2\/pages\/500\/revisions"}],"predecessor-version":[{"id":515,"href":"https:\/\/natveg.es\/de\/wp-json\/wp\/v2\/pages\/500\/revisions\/515"}],"wp:attachment":[{"href":"https:\/\/natveg.es\/de\/wp-json\/wp\/v2\/media?parent=500"}],"curies":[{"name":"wp","href":"https:\/\/api.w.org\/{rel}","templated":true}]}}