{"id":448,"date":"2026-03-02T12:56:54","date_gmt":"2026-03-02T12:56:54","guid":{"rendered":"https:\/\/natveg.es\/?page_id=448"},"modified":"2026-03-26T12:44:43","modified_gmt":"2026-03-26T12:44:43","slug":"canaldenuncias","status":"publish","type":"page","link":"https:\/\/natveg.es\/de\/canaldenuncias","title":{"rendered":"WHISTLEBLOWING-KANAL"},"content":{"rendered":"<div class=\"clearboth\"><\/div><\/div><\/div><\/div><div id=\"mk-page-section-69fa11ad64e5e\" data-intro-effect=\"false\" class=\"full-width-69fa11ad64e5e  full-height- parallax-false mk-page-section mk-blur-parent mk-shortcode  \" data-speedFactor=\"\"><div class=\"mk-video-color-mask\"><\/div><div class=\"mk-main-wrapper-holder\"><div class=\"theme-page-wrapper -layout mk-grid vc_row-fluid row-fluid page-section-content\"><div class=\"theme-content\">\n\t<div style=\"\" class=\"vc_col-sm-12 wpb_column column_container \">\n\t\t\t<h2 style=\"font-size: 35px;text-align:center;color: #3c6318;font-style:inherit;font-weight:bold;margin-top:0px;margin-bottom:20px; text-transform:uppercase;\" id=\"fancy-title-69fa11ad650e5\" class=\"mk-shortcode mk-fancy-title fancy-title-align-center pattern-style \"><span style=\"padding:0 8px;\">\nWHISTLEBLOWING-KANAL\n<\/span><\/h2><div class=\"clearboth\"><\/div>\t<div style=\"text-align: left;\" class=\"mk-text-block  \"><p>In \u00dcbereinstimmung mit dem Gesetz 2\/2023 vom 20. Februar, das den Schutz von Personen regelt, die Verst\u00f6\u00dfe gegen Vorschriften melden, sowie die Bek\u00e4mpfung von Korruption, stellen wir Ihnen unseren Whistleblowing-Kanal zur Verf\u00fcgung.<\/p>\n<p>\u00dcber diesen Kanal k\u00f6nnen Sie vertraulich und sicher m\u00f6gliche F\u00e4lle melden von:<\/p>\n<p>\u2022 Gesetzes- oder Vorschriftenverst\u00f6\u00dfen<br \/>\n\u2022 Unregelm\u00e4\u00dfigem oder betr\u00fcgerischem Verhalten<br \/>\n\u2022 Verst\u00f6\u00dfen gegen den Ethikkodex<br \/>\n\u2022 Praktiken, die gegen interne oder externe Vorschriften versto\u00dfen<\/p>\n<div class=\"clearboth\"><\/div><\/div> <h3 style=\"font-size: 20px;text-align:left;color: #3d3d3d;font-style:inherit;font-weight:normal;margin-top:30px;margin-bottom:20px; text-transform:uppercase;\" id=\"fancy-title-69fa11ad65256\" class=\"mk-shortcode mk-fancy-title fancy-title-align-left pattern-style \"><span style=\"padding-right:8px;\">\nVertraulichkeit und Schutz\n<\/span><\/h3><div class=\"clearboth\"><\/div>\t<div style=\"text-align: left;\" class=\"mk-text-block  \"><p>\u2022 Die Vertraulichkeit der Identit\u00e4t der hinweisgebenden Person wird gew\u00e4hrleistet.<br \/>\n\u2022 Gegen Personen, die Sachverhalte in gutem Glauben melden, werden keine Vergeltungsma\u00dfnahmen ergriffen.<br \/>\n\u2022 Meldungen k\u00f6nnen sowohl mit Identit\u00e4tsangabe als auch anonym eingereicht werden.<br \/>\n\u2022 Personenbezogene Daten werden gem\u00e4\u00df der DSGVO und den geltenden Vorschriften verarbeitet.<\/p>\n<div class=\"clearboth\"><\/div><\/div> <h3 style=\"font-size: 20px;text-align:left;color: #3d3d3d;font-style:inherit;font-weight:normal;margin-top:30px;margin-bottom:20px; text-transform:uppercase;\" id=\"fancy-title-69fa11ad653af\" class=\"mk-shortcode mk-fancy-title fancy-title-align-left pattern-style \"><span style=\"padding-right:8px;\">\nMeldeformular\n<\/span><\/h3><div class=\"clearboth\"><\/div>\t<div style=\"text-align: left;\" class=\"mk-text-block  \"><p>Sie k\u00f6nnen Ihre Meldung \u00fcber das folgende sichere Formular einreichen:<\/p>\n<div class=\"clearboth\"><\/div><\/div> \n<div class=\"wpcf7 no-js\" id=\"wpcf7-f495-o4\" lang=\"es-ES\" dir=\"ltr\" data-wpcf7-id=\"495\">\n<div class=\"screen-reader-response\"><p role=\"status\" aria-live=\"polite\" aria-atomic=\"true\"><\/p> <ul><\/ul><\/div>\n<form action=\"\/de\/wp-json\/wp\/v2\/pages\/448#wpcf7-f495-o4\" method=\"post\" class=\"wpcf7-form init\" aria-label=\"Formulario de contacto\" enctype=\"multipart\/form-data\" novalidate=\"novalidate\" data-status=\"init\">\n<fieldset class=\"hidden-fields-container\"><input type=\"hidden\" name=\"_wpcf7\" value=\"495\" \/><input type=\"hidden\" name=\"_wpcf7_version\" value=\"6.1.5\" \/><input type=\"hidden\" name=\"_wpcf7_locale\" value=\"es_ES\" \/><input type=\"hidden\" name=\"_wpcf7_unit_tag\" value=\"wpcf7-f495-o4\" \/><input type=\"hidden\" name=\"_wpcf7_container_post\" value=\"0\" \/><input type=\"hidden\" name=\"_wpcf7_posted_data_hash\" value=\"\" \/>\n<\/fieldset>\n<p><span class=\"wpcf7-form-control-wrap\" data-name=\"your-name\"><input size=\"40\" maxlength=\"400\" class=\"wpcf7-form-control wpcf7-text\" aria-invalid=\"false\" value=\"Vorname\" type=\"text\" name=\"your-name\" \/><\/span>\n<\/p>\n<p><span class=\"wpcf7-form-control-wrap\" data-name=\"text-64\"><input size=\"40\" maxlength=\"400\" class=\"wpcf7-form-control wpcf7-text\" aria-invalid=\"false\" value=\"Nachname\" type=\"text\" name=\"text-64\" \/><\/span>\n<\/p>\n<p><span class=\"wpcf7-form-control-wrap\" data-name=\"text-66\"><input size=\"40\" maxlength=\"400\" class=\"wpcf7-form-control wpcf7-text wpcf7-validates-as-required\" aria-required=\"true\" aria-invalid=\"false\" value=\"Telefon\" type=\"text\" name=\"text-66\" \/><\/span>\n<\/p>\n<p><span class=\"wpcf7-form-control-wrap\" data-name=\"email\"><input size=\"40\" maxlength=\"400\" class=\"wpcf7-form-control wpcf7-email wpcf7-validates-as-required wpcf7-text wpcf7-validates-as-email\" aria-required=\"true\" aria-invalid=\"false\" value=\"Email\" type=\"email\" name=\"email\" \/><\/span>\n<\/p>\n<p><span class=\"wpcf7-form-control-wrap\" data-name=\"text-67\"><input size=\"40\" maxlength=\"400\" class=\"wpcf7-form-control wpcf7-text wpcf7-validates-as-required\" aria-required=\"true\" aria-invalid=\"false\" value=\"Beschreibung der Beschwerde\" type=\"text\" name=\"text-67\" \/><\/span>\n<\/p>\n<p>Dokumente anh\u00e4ngen (Max. 2 MB)\n<\/p>\n<p><span class=\"wpcf7-form-control-wrap\" data-name=\"file-450\"><input size=\"40\" class=\"wpcf7-form-control wpcf7-file\" accept=\"audio\/*,video\/*,image\/*\" aria-invalid=\"false\" type=\"file\" name=\"file-450\" \/><\/span>\n<\/p>\n<p><span class=\"wpcf7-form-control-wrap\" data-name=\"privacy\"><span class=\"wpcf7-form-control wpcf7-checkbox wpcf7-validates-as-required\"><span class=\"wpcf7-list-item first last\"><label><input type=\"checkbox\" name=\"privacy[]\" value=\"Ich habe die\" \/><span class=\"wpcf7-list-item-label\">Ich habe die<\/span><\/label><\/span><\/span><\/span><a href=\"https:\/\/natveg.es\/politicas-de-privacidad\" target=\"_blank\"><strong> Datenschutzerkl\u00e4rung<\/strong><\/a> gelesen und akzeptiere sie\n<\/p>\n<p>[recaptcha]\n<\/p>\n<p><input class=\"wpcf7-form-control wpcf7-submit has-spinner\" type=\"submit\" value=\"Senden\" \/>\n<\/p><div class=\"wpcf7-response-output\" aria-hidden=\"true\"><\/div>\n<\/form>\n<\/div>\n\n\t<\/div><div class=\"clearboth\"><\/div><\/div><aside id=\"mk-sidebar\" class=\"mk-builtin\"><div class=\"sidebar-wrapper\" style=\"padding-top:0;padding-bottom:0;\"><\/div><\/aside><\/div><\/div><div class=\"clearboth\"><\/div><\/div>\n<style type='text\/css'>\n.full-width-69fa11ad64e5e {\n    min-height:100px;\n    padding:0px 0 0px;\n    \n    background-attachment:;\n    background-color:#ffffff;\n    background-position:left top;\n    background-repeat:repeat;\n    margin-bottom:10px;\n    \n}\n     \n.full-width-69fa11ad64e5e .mk-fancy-title.pattern-style span, \n.full-width-69fa11ad64e5e .mk-blog-view-all\n{\n    background-color: #ffffff !important;\n}<\/style><div class=\"mk-main-wrapper-holder\"><div class=\"theme-page-wrapper  -layout mk-grid vc_row-fluid row-fluid\"><div class=\"theme-content \">","protected":false},"excerpt":{"rendered":"WHISTLEBLOWING-KANAL In \u00dcbereinstimmung mit dem Gesetz 2\/2023 vom 20. Februar, das den Schutz von Personen regelt, die Verst\u00f6\u00dfe gegen Vorschriften melden, sowie die Bek\u00e4mpfung von Korruption, stellen wir Ihnen unseren Whistleblowing-Kanal zur Verf\u00fcgung. \u00dcber diesen Kanal k\u00f6nnen Sie vertraulich und sicher m\u00f6gliche F\u00e4lle melden von: \u2022 Gesetzes- oder Vorschriftenverst\u00f6\u00dfen \u2022 Unregelm\u00e4\u00dfigem oder betr\u00fcgerischem Verhalten \u2022 [...]","protected":false},"author":2,"featured_media":0,"parent":0,"menu_order":0,"comment_status":"closed","ping_status":"closed","template":"","meta":{"footnotes":""},"class_list":["post-448","page","type-page","status-publish","hentry"],"aioseo_notices":[],"_links":{"self":[{"href":"https:\/\/natveg.es\/de\/wp-json\/wp\/v2\/pages\/448","targetHints":{"allow":["GET"]}}],"collection":[{"href":"https:\/\/natveg.es\/de\/wp-json\/wp\/v2\/pages"}],"about":[{"href":"https:\/\/natveg.es\/de\/wp-json\/wp\/v2\/types\/page"}],"author":[{"embeddable":true,"href":"https:\/\/natveg.es\/de\/wp-json\/wp\/v2\/users\/2"}],"replies":[{"embeddable":true,"href":"https:\/\/natveg.es\/de\/wp-json\/wp\/v2\/comments?post=448"}],"version-history":[{"count":31,"href":"https:\/\/natveg.es\/de\/wp-json\/wp\/v2\/pages\/448\/revisions"}],"predecessor-version":[{"id":498,"href":"https:\/\/natveg.es\/de\/wp-json\/wp\/v2\/pages\/448\/revisions\/498"}],"wp:attachment":[{"href":"https:\/\/natveg.es\/de\/wp-json\/wp\/v2\/media?parent=448"}],"curies":[{"name":"wp","href":"https:\/\/api.w.org\/{rel}","templated":true}]}}