{"id":146,"date":"2016-12-02T15:13:13","date_gmt":"2016-12-02T15:13:13","guid":{"rendered":"http:\/\/natveg.es\/?page_id=146"},"modified":"2017-06-07T12:23:38","modified_gmt":"2017-06-07T12:23:38","slug":"noticias","status":"publish","type":"page","link":"https:\/\/natveg.es\/de\/noticias","title":{"rendered":"Nachrichten"},"content":{"rendered":"<div class=\"clearboth\"><\/div><\/div><\/div><\/div><div id=\"mk-page-section-69ff4a158371f\" data-intro-effect=\"false\" class=\"full-width-69ff4a158371f  mk-animate-element scale-up  full-height-false parallax-false mk-page-section mk-blur-parent mk-shortcode  \" data-speedFactor=\"0.3\"><div class=\"mk-video-color-mask\"><\/div><div class=\"mk-grid vc_row-fluid page-section-content\"><div class=\"mk-padding-wrapper\">\n\t<div style=\"\" class=\"vc_col-sm-12 wpb_column column_container \">\n\t\t\t<div class=\"mk-image-shortcode mk-shortcode   align-left simple-frame inside-image \" style=\"max-width: 1090px; margin-bottom:0px\"><div class=\"mk-image-inner\"><img decoding=\"async\" class=\"lightbox-false\" alt=\"\" title=\"\" src=\"http:\/\/natveg.es\/wp-content\/uploads\/Natveg Marketing, S.L.5-1.jpg\" \/><\/div><div class=\"clearboth\"><\/div><\/div>\n\t<\/div><\/div><div class=\"clearboth\"><\/div><\/div><div class=\"clearboth\"><\/div><\/div>\n<style type='text\/css'>\n.full-width-69ff4a158371f {\n    min-height:0px;\n    padding:50px 0 0px;\n    \n    background-attachment:scroll;\n    \n    background-position:left top;\n    background-repeat:repeat;\n    margin-bottom:0px;\n    \n}\n     <\/style><div class=\"mk-main-wrapper-holder\"><div class=\"theme-page-wrapper  -layout mk-grid vc_row-fluid row-fluid\"><div class=\"theme-content \"><div class=\"clearboth\"><\/div><\/div><\/div><\/div><div id=\"mk-page-section-69ff4a1583a87\" data-intro-effect=\"false\" class=\"full-width-69ff4a1583a87  mk-animate-element scale-up  full-height-false parallax-false mk-page-section mk-blur-parent mk-shortcode  \" data-speedFactor=\"0.3\"><div class=\"mk-video-color-mask\"><\/div><div class=\"mk-grid vc_row-fluid page-section-content\"><div class=\"mk-padding-wrapper\">\n\t<div style=\"\" class=\"vc_col-sm-12 wpb_column column_container \">\n\t\t\t<h2 style=\"font-size: 35px;text-align:center;color: #335e10;font-style:inhert;font-weight:bold;margin-top:0px;margin-bottom:0px; text-transform:uppercase;letter-spacing:0px;\" id=\"fancy-title-69ff4a1583c96\" class=\"mk-shortcode mk-fancy-title fancy-title-align-center pattern-style \"><span style=\"padding:0 8px;\">\nNACHRICHTEN\n<\/span><\/h2><div class=\"clearboth\"><\/div>\n\t<\/div><\/div><div class=\"clearboth\"><\/div><\/div><div class=\"clearboth\"><\/div><\/div>\n<style type='text\/css'>\n.full-width-69ff4a1583a87 {\n    min-height:0px;\n    padding:50px 0 50px;\n    \n    background-attachment:scroll;\n    \n    background-position:left top;\n    background-repeat:repeat;\n    margin-bottom:0px;\n    \n}\n     <\/style><div class=\"mk-main-wrapper-holder\"><div class=\"theme-page-wrapper  -layout mk-grid vc_row-fluid row-fluid\"><div class=\"theme-content \"><div class=\"clearboth\"><\/div><\/div><\/div><\/div><div id=\"mk-page-section-69ff4a1583d95\" data-intro-effect=\"false\" class=\"full-width-69ff4a1583d95  mk-animate-element scale-up  full-height-false parallax-false mk-page-section mk-blur-parent mk-shortcode  \" data-speedFactor=\"0.3\"><div class=\"mk-video-color-mask\"><\/div><div class=\"mk-grid vc_row-fluid page-section-content\"><div class=\"mk-padding-wrapper\">\n\t<div style=\"\" class=\"vc_col-sm-12 wpb_column column_container \">\n\t\t\t<div class=\"loop-main-wrapper\"><section data-style=\"grid\" data-uniqid=\"1480691665-58418fd11fa37\" class=\"mk-blog-container mk-theme-loop mk-grid-wrapper mag-one-column page-nav-style  \" >\n<article id=\"entry-1\" class=\"mk-blog-grid-item mk-isotop-item grid-1480691665-58418fd11fa37 three-column\"><div class=\"blog-grid-holder\"><div class=\"featured-image\"><a title=\"DIE VORTEILE VON BROKKOLI F\u00dcR DIE GESUNDHEIT\" href=\"https:\/\/natveg.es\/de\/los-beneficios-de-consumir-brocoli\"><img decoding=\"async\" alt=\"DIE VORTEILE VON BROKKOLI F\u00dcR DIE GESUNDHEIT\" title=\"DIE VORTEILE VON BROKKOLI F\u00dcR DIE GESUNDHEIT\" src=\"https:\/\/natveg.es\/wp-content\/uploads\/bfi_thumb\/brocoli-n0rthjutj0y7uaqo4q2yuxngadrzuid814jj5z7ft0.jpg\" itemprop=\"image\" \/><i class=\"mk-li-image blog-grid-hover-icon\"><\/i><div class=\"image-hover-overlay\"><\/div><\/a><\/div><div class=\"mk-blog-meta\"><h3 class=\"the-title\"><a href=\"https:\/\/natveg.es\/de\/los-beneficios-de-consumir-brocoli\">DIE VORTEILE VON BROKKOLI F\u00dcR DIE GESUNDHEIT<\/a><\/h3><\/div><div class=\"blog-grid-footer\"><a class=\"mk-readmore\" href=\"https:\/\/natveg.es\/de\/los-beneficios-de-consumir-brocoli\"><i class=\"mk-moon-arrow-right-2\"><\/i>Lesen Sie weiter<\/a><div class=\"mk-love-holder\"><a href=\"#\" class=\"mk-love-this \" id=\"mk-love-1\"><i class=\"mk-icon-heart\"><\/i> <span class=\"mk-love-count\">0<\/span><\/a><\/div><\/div><\/div><\/article><\/section>\n\n<div class=\"mk-preloader\"><\/div><a class=\"mk-loadmore-button page-nav-style-btn\" style=\"display:none;\" href=\"#\"><i class=\"mk-moon-loop-4\"><\/i><i class=\"mk-moon-arrow-down-4\"><\/i>Load More<\/a><\/div>\n\t<\/div><\/div><div class=\"clearboth\"><\/div><\/div><div class=\"clearboth\"><\/div><\/div>\n<style type='text\/css'>\n.full-width-69ff4a1583d95 {\n    min-height:0px;\n    padding:50px 0 50px;\n    \n    background-attachment:scroll;\n    background-color:#efefef;\n    background-position:left top;\n    background-repeat:repeat;\n    margin-bottom:0px;\n    \n}\n     \n.full-width-69ff4a1583d95 .mk-fancy-title.pattern-style span, \n.full-width-69ff4a1583d95 .mk-blog-view-all\n{\n    background-color: #efefef !important;\n}<\/style><div class=\"mk-main-wrapper-holder\"><div class=\"theme-page-wrapper  -layout mk-grid vc_row-fluid row-fluid\"><div class=\"theme-content \">\n\t<div style=\"\" class=\"vc_col-sm-4 wpb_column column_container \">\n\t\t\t\t<div style=\"text-align: left;\" class=\"mk-text-block  \"><div class=\"clearboth\"><\/div><\/div> \n\t<\/div>\n\t<div style=\"\" class=\"vc_col-sm-4 wpb_column column_container \">\n\t\t\t\t<div style=\"text-align: left;\" class=\"mk-text-block  \"><div class=\"clearboth\"><\/div><\/div> \n\t<\/div>","protected":false},"excerpt":{"rendered":"Brokkoli ist aufgrund seiner N\u00e4hrstoffe und seiner Antioxidantien ein sehr wichtiges Produkt. Wegen der positiven Auswirkungenauf die Gesundheit hat Brokkoli in der wissenschaftlichen Welt mehr Aufmerksamkeit erhalten als andere Gem\u00fcsesorten. Brokkoli geh\u00f6rt zur Familie der Kreuzbl\u00fctler, zu der auch Wei\u00dfkohl und Blumenkohl z\u00e4hlen. Brokkoli Verbrauch wirkt auf die Pr\u00e4vention von Krankheiten. Vor allem Darmkrebs. Deshalb [...]","protected":false},"author":2,"featured_media":0,"parent":0,"menu_order":0,"comment_status":"closed","ping_status":"closed","template":"","meta":{"footnotes":""},"class_list":["post-146","page","type-page","status-publish","hentry"],"aioseo_notices":[],"_links":{"self":[{"href":"https:\/\/natveg.es\/de\/wp-json\/wp\/v2\/pages\/146","targetHints":{"allow":["GET"]}}],"collection":[{"href":"https:\/\/natveg.es\/de\/wp-json\/wp\/v2\/pages"}],"about":[{"href":"https:\/\/natveg.es\/de\/wp-json\/wp\/v2\/types\/page"}],"author":[{"embeddable":true,"href":"https:\/\/natveg.es\/de\/wp-json\/wp\/v2\/users\/2"}],"replies":[{"embeddable":true,"href":"https:\/\/natveg.es\/de\/wp-json\/wp\/v2\/comments?post=146"}],"version-history":[{"count":23,"href":"https:\/\/natveg.es\/de\/wp-json\/wp\/v2\/pages\/146\/revisions"}],"predecessor-version":[{"id":380,"href":"https:\/\/natveg.es\/de\/wp-json\/wp\/v2\/pages\/146\/revisions\/380"}],"wp:attachment":[{"href":"https:\/\/natveg.es\/de\/wp-json\/wp\/v2\/media?parent=146"}],"curies":[{"name":"wp","href":"https:\/\/api.w.org\/{rel}","templated":true}]}}