{"id":125,"date":"2016-12-02T14:40:31","date_gmt":"2016-12-02T14:40:31","guid":{"rendered":"http:\/\/natveg.es\/?page_id=125"},"modified":"2017-06-07T12:13:33","modified_gmt":"2017-06-07T12:13:33","slug":"localizacion-y-contacto","status":"publish","type":"page","link":"https:\/\/natveg.es\/de\/localizacion-y-contacto","title":{"rendered":"Standort und Kontakt"},"content":{"rendered":"<div class=\"clearboth\"><\/div><\/div><\/div><\/div><div id=\"mk-page-section-69f49875d0800\" data-intro-effect=\"false\" class=\"full-width-69f49875d0800  mk-animate-element scale-up  full-height-false parallax-false mk-page-section mk-blur-parent mk-shortcode  \" data-speedFactor=\"0.3\"><div class=\"mk-video-color-mask\"><\/div><div class=\"mk-grid vc_row-fluid page-section-content\"><div class=\"mk-padding-wrapper\">\n\t<div style=\"\" class=\"vc_col-sm-12 wpb_column column_container \">\n\t\t\t<div class=\"mk-image-shortcode mk-shortcode   align-left simple-frame inside-image \" style=\"max-width: 1090px; margin-bottom:0px\"><div class=\"mk-image-inner\"><img decoding=\"async\" class=\"lightbox-false\" alt=\"\" title=\"\" src=\"http:\/\/natveg.es\/wp-content\/uploads\/Natveg Marketing, S.L.3-1.jpg\" \/><\/div><div class=\"clearboth\"><\/div><\/div>\n\t<\/div><\/div><div class=\"clearboth\"><\/div><\/div><div class=\"clearboth\"><\/div><\/div>\n<style type='text\/css'>\n.full-width-69f49875d0800 {\n    min-height:0px;\n    padding:50px 0 0px;\n    \n    background-attachment:scroll;\n    \n    background-position:left top;\n    background-repeat:repeat;\n    margin-bottom:0px;\n    \n}\n     <\/style><div class=\"mk-main-wrapper-holder\"><div class=\"theme-page-wrapper  -layout mk-grid vc_row-fluid row-fluid\"><div class=\"theme-content \"><div class=\"clearboth\"><\/div><\/div><\/div><\/div><div id=\"mk-page-section-69f49875d0b43\" data-intro-effect=\"false\" class=\"full-width-69f49875d0b43  mk-animate-element scale-up  full-height-false parallax-false mk-page-section mk-blur-parent mk-shortcode  \" data-speedFactor=\"0.3\"><div class=\"mk-video-color-mask\"><\/div><div class=\"mk-grid vc_row-fluid page-section-content\"><div class=\"mk-padding-wrapper\">\n\t<div style=\"\" class=\"vc_col-sm-12 wpb_column column_container \">\n\t\t\t<h2 style=\"font-size: 35px;text-align:center;color: #2a5e00;font-style:inhert;font-weight:bold;margin-top:0px;margin-bottom:0px; text-transform:uppercase;letter-spacing:0px;\" id=\"fancy-title-69f49875d0d53\" class=\"mk-shortcode mk-fancy-title fancy-title-align-center pattern-style \"><span style=\"padding:0 8px;\">\nSTANDORT UND KONTAKT\n<\/span><\/h2><div class=\"clearboth\"><\/div>\n\t<\/div><\/div><div class=\"clearboth\"><\/div><\/div><div class=\"clearboth\"><\/div><\/div>\n<style type='text\/css'>\n.full-width-69f49875d0b43 {\n    min-height:0px;\n    padding:50px 0 30px;\n    \n    background-attachment:scroll;\n    \n    background-position:left top;\n    background-repeat:repeat;\n    margin-bottom:0px;\n    \n}\n     <\/style><div class=\"mk-main-wrapper-holder\"><div class=\"theme-page-wrapper  -layout mk-grid vc_row-fluid row-fluid\"><div class=\"theme-content \"><div class=\"clearboth\"><\/div><\/div><\/div><\/div><div id=\"mk-page-section-69f49875d0e2e\" data-intro-effect=\"false\" class=\"full-width-69f49875d0e2e  mk-animate-element scale-up  full-height-false parallax-false mk-page-section mk-blur-parent mk-shortcode  \" data-speedFactor=\"0.3\"><div class=\"mk-video-color-mask\"><\/div><div class=\"mk-grid vc_row-fluid page-section-content\"><div class=\"mk-padding-wrapper\">\n\t<div style=\"\" class=\"vc_col-sm-6 wpb_column column_container \">\n\t\t\t\t<div style=\" margin-bottom:0px;text-align: left;\" class=\"mk-text-block  \"><p>Sie k\u00f6nnen uns \u00fcber dieses Formular \u00fcber das Internet oder besuchen Sie unsere Kunden oder Fax Telefon.<\/p>\n<div class=\"clearboth\"><\/div><\/div> \n<div class=\"wpcf7 no-js\" id=\"wpcf7-f230-o7\" lang=\"es-ES\" dir=\"ltr\" data-wpcf7-id=\"230\">\n<div class=\"screen-reader-response\"><p role=\"status\" aria-live=\"polite\" aria-atomic=\"true\"><\/p> <ul><\/ul><\/div>\n<form action=\"\/de\/wp-json\/wp\/v2\/pages\/125#wpcf7-f230-o7\" method=\"post\" class=\"wpcf7-form init\" aria-label=\"Formulario de contacto\" novalidate=\"novalidate\" data-status=\"init\">\n<fieldset class=\"hidden-fields-container\"><input type=\"hidden\" name=\"_wpcf7\" value=\"230\" \/><input type=\"hidden\" name=\"_wpcf7_version\" value=\"6.1.5\" \/><input type=\"hidden\" name=\"_wpcf7_locale\" value=\"es_ES\" \/><input type=\"hidden\" name=\"_wpcf7_unit_tag\" value=\"wpcf7-f230-o7\" \/><input type=\"hidden\" name=\"_wpcf7_container_post\" value=\"0\" \/><input type=\"hidden\" name=\"_wpcf7_posted_data_hash\" value=\"\" \/>\n<\/fieldset>\n<p><span class=\"wpcf7-form-control-wrap\" data-name=\"your-name\"><input size=\"40\" maxlength=\"400\" class=\"wpcf7-form-control wpcf7-text wpcf7-validates-as-required\" aria-required=\"true\" aria-invalid=\"false\" value=\"Name\" type=\"text\" name=\"your-name\" \/><\/span>\n<\/p>\n<p><span class=\"wpcf7-form-control-wrap\" data-name=\"text-64\"><input size=\"40\" maxlength=\"400\" class=\"wpcf7-form-control wpcf7-text wpcf7-validates-as-required\" aria-required=\"true\" aria-invalid=\"false\" value=\"Unternehmen\" type=\"text\" name=\"text-64\" \/><\/span>\n<\/p>\n<p><span class=\"wpcf7-form-control-wrap\" data-name=\"text-65\"><input size=\"40\" maxlength=\"400\" class=\"wpcf7-form-control wpcf7-text wpcf7-validates-as-required\" aria-required=\"true\" aria-invalid=\"false\" value=\"Telefon\" type=\"text\" name=\"text-65\" \/><\/span>\n<\/p>\n<p><span class=\"wpcf7-form-control-wrap\" data-name=\"text-66\"><input size=\"40\" maxlength=\"400\" class=\"wpcf7-form-control wpcf7-text wpcf7-validates-as-required\" aria-required=\"true\" aria-invalid=\"false\" value=\"Fax\" type=\"text\" name=\"text-66\" \/><\/span>\n<\/p>\n<p><span class=\"wpcf7-form-control-wrap\" data-name=\"your-email\"><input size=\"40\" maxlength=\"400\" class=\"wpcf7-form-control wpcf7-email wpcf7-validates-as-required wpcf7-text wpcf7-validates-as-email\" aria-required=\"true\" aria-invalid=\"false\" value=\"Email\" type=\"email\" name=\"your-email\" \/><\/span>\n<\/p>\n<p><span class=\"wpcf7-form-control-wrap\" data-name=\"your-message\"><textarea cols=\"40\" rows=\"10\" maxlength=\"2000\" class=\"wpcf7-form-control wpcf7-textarea\" aria-invalid=\"false\" name=\"your-message\">Kommentare<\/textarea><\/span>\n<\/p>\n<p>[recaptcha]\n<\/p>\n<p><input class=\"wpcf7-form-control wpcf7-submit has-spinner\" type=\"submit\" value=\"Senden\" \/>\n<\/p><div class=\"wpcf7-response-output\" aria-hidden=\"true\"><\/div>\n<\/form>\n<\/div>\n\n\t<\/div>\n\t<div style=\"\" class=\"vc_col-sm-6 wpb_column column_container \">\n\t\t\t<h2 style=\"font-size: 18px;text-align:left;color: #000000;font-style:inhert;font-weight:normal;margin-top:0px;margin-bottom:43px; text-transform:uppercase;letter-spacing:0px;\" id=\"fancy-title-69f49875d4386\" class=\"mk-shortcode mk-fancy-title fancy-title-align-left simple-style \"><span style=\"\">\n<p>Arbeiten Sie mit uns<\/p>\n<\/span><\/h2><div class=\"clearboth\"><\/div>\n<div class=\"wpcf7 no-js\" id=\"wpcf7-f233-o8\" lang=\"es-ES\" dir=\"ltr\" data-wpcf7-id=\"233\">\n<div class=\"screen-reader-response\"><p role=\"status\" aria-live=\"polite\" aria-atomic=\"true\"><\/p> <ul><\/ul><\/div>\n<form action=\"\/de\/wp-json\/wp\/v2\/pages\/125#wpcf7-f233-o8\" method=\"post\" class=\"wpcf7-form init\" aria-label=\"Formulario de contacto\" enctype=\"multipart\/form-data\" novalidate=\"novalidate\" data-status=\"init\">\n<fieldset class=\"hidden-fields-container\"><input type=\"hidden\" name=\"_wpcf7\" value=\"233\" \/><input type=\"hidden\" name=\"_wpcf7_version\" value=\"6.1.5\" \/><input type=\"hidden\" name=\"_wpcf7_locale\" value=\"es_ES\" \/><input type=\"hidden\" name=\"_wpcf7_unit_tag\" value=\"wpcf7-f233-o8\" \/><input type=\"hidden\" name=\"_wpcf7_container_post\" value=\"0\" \/><input type=\"hidden\" name=\"_wpcf7_posted_data_hash\" value=\"\" \/>\n<\/fieldset>\n<p><span class=\"wpcf7-form-control-wrap\" data-name=\"your-name\"><input size=\"40\" maxlength=\"400\" class=\"wpcf7-form-control wpcf7-text wpcf7-validates-as-required\" aria-required=\"true\" aria-invalid=\"false\" value=\"Name\" type=\"text\" name=\"your-name\" \/><\/span>\n<\/p>\n<p><span class=\"wpcf7-form-control-wrap\" data-name=\"text-64\"><input size=\"40\" maxlength=\"400\" class=\"wpcf7-form-control wpcf7-text wpcf7-validates-as-required\" aria-required=\"true\" aria-invalid=\"false\" value=\"Nachnames\" type=\"text\" name=\"text-64\" \/><\/span>\n<\/p>\n<p><span class=\"wpcf7-form-control-wrap\" data-name=\"text-66\"><input size=\"40\" maxlength=\"400\" class=\"wpcf7-form-control wpcf7-text wpcf7-validates-as-required\" aria-required=\"true\" aria-invalid=\"false\" value=\"Trainingsstufe\" type=\"text\" name=\"text-66\" \/><\/span>\n<\/p>\n<p><span class=\"wpcf7-form-control-wrap\" data-name=\"text-67\"><input size=\"40\" maxlength=\"400\" class=\"wpcf7-form-control wpcf7-text wpcf7-validates-as-required\" aria-required=\"true\" aria-invalid=\"false\" value=\"Job in Frage\" type=\"text\" name=\"text-67\" \/><\/span>\n<\/p>\n<p>Bringen Sie Lebenslauf\n<\/p>\n<p><span class=\"wpcf7-form-control-wrap\" data-name=\"file-450\"><input size=\"40\" class=\"wpcf7-form-control wpcf7-file\" accept=\"audio\/*,video\/*,image\/*\" aria-invalid=\"false\" type=\"file\" name=\"file-450\" \/><\/span>\n<\/p>\n<p>[recaptcha]\n<\/p>\n<p><input class=\"wpcf7-form-control wpcf7-submit has-spinner\" type=\"submit\" value=\"Senden\" \/>\n<\/p><div class=\"wpcf7-response-output\" aria-hidden=\"true\"><\/div>\n<\/form>\n<\/div>\n\n\t<\/div><\/div><div class=\"clearboth\"><\/div><\/div><div class=\"clearboth\"><\/div><\/div>\n<style type='text\/css'>\n.full-width-69f49875d0e2e {\n    min-height:0px;\n    padding:0px 0 10px;\n    \n    background-attachment:scroll;\n    \n    background-position:left top;\n    background-repeat:repeat;\n    margin-bottom:0px;\n    \n}\n     <\/style><div class=\"mk-main-wrapper-holder\"><div class=\"theme-page-wrapper  -layout mk-grid vc_row-fluid row-fluid\"><div class=\"theme-content \"><div class=\"clearboth\"><\/div><\/div><\/div><\/div><div id=\"mk-page-section-69f49875d75bb\" data-intro-effect=\"false\" class=\"full-width-69f49875d75bb  mk-animate-element scale-up  full-height-false parallax-false mk-page-section mk-blur-parent mk-shortcode  \" data-speedFactor=\"0.3\"><div class=\"mk-video-color-mask\"><\/div><div class=\"mk-grid vc_row-fluid page-section-content\"><div class=\"mk-padding-wrapper\">\n\t<div style=\"\" class=\"vc_col-sm-6 wpb_column column_container \">\n\t\t\t\t<div style=\" margin-bottom:0px;text-align: right;\" class=\"mk-text-block  \"><p><span style=\"color: #ffffff\">Lugar el Barranquillo, 9, 30700 Torre-Pacheco, Murcia, Espa\u00f1a<\/span><br \/>\n<span style=\"color: #ffffff\"> Tel\u00e9fono: +34 968 33 46 17<\/span><br \/>\n<span style=\"color: #ffffff\"> Tel\u00e9fono: +34 968 33 46 37<\/span><\/p>\n<div class=\"clearboth\"><\/div><\/div> \n\t<\/div>\n\t<div style=\"\" class=\"vc_col-sm-6 wpb_column column_container \">\n\t\t\t\t<div style=\" margin-bottom:0px;text-align: left;\" class=\"mk-text-block  \"><p><span style=\"color: #ffffff\">Fax: +34 968 33 46 00<\/span><br \/>\n<span style=\"color: #ffffff\"> Email: <a style=\"color: #ffffff\" href=\"mailto:Info@natveg.es\">Info@natveg.es<\/a><\/span><br \/>\n<span style=\"color: #ffffff\"> Web: www.natveg.es<\/span><\/p>\n<div class=\"clearboth\"><\/div><\/div> \n\t<\/div><\/div><div class=\"clearboth\"><\/div><\/div><div class=\"clearboth\"><\/div><\/div>\n<style type='text\/css'>\n.full-width-69f49875d75bb {\n    min-height:0px;\n    padding:50px 0 30px;\n    \n    background-attachment:scroll;\n    background-color:#7ea20e;\n    background-position:left top;\n    background-repeat:repeat;\n    margin-bottom:0px;\n    \n}\n     \n.full-width-69f49875d75bb .mk-fancy-title.pattern-style span, \n.full-width-69f49875d75bb .mk-blog-view-all\n{\n    background-color: #7ea20e !important;\n}<\/style><div class=\"mk-main-wrapper-holder\"><div class=\"theme-page-wrapper  -layout mk-grid vc_row-fluid row-fluid\"><div class=\"theme-content \"><div class=\"clearboth\"><\/div><\/div><\/div><\/div><div id=\"mk-page-section-69f49875d7b5a\" data-intro-effect=\"false\" class=\"full-width-69f49875d7b5a  mk-animate-element scale-up  full-height-false parallax-false mk-page-section mk-blur-parent mk-shortcode  \" data-speedFactor=\"0.3\"><div class=\"mk-video-color-mask\"><\/div><div class=\"vc_row-fluid page-section-fullwidth page-section-content\"><div class=\"mk-padding-wrapper\">\n\t<div style=\"\" class=\"vc_col-sm-12 wpb_column column_container \">\n\t\t\t\n\t<div class=\"wpb_raw_code wpb_content_element wpb_raw_html\">\n\t\t<div class=\"wpb_wrapper\">\n\t\t\t<iframe loading=\"lazy\" src=\"https:\/\/www.google.com\/maps\/embed?pb=!1m14!1m8!1m3!1d12620.409368327475!2d-0.9861320886267446!3d37.7407432!3m2!1i1024!2i768!4f13.1!3m3!1m2!1s0x0%3A0xb9595be00b52db18!2sSAT+Agrotomy+Marketing!5e0!3m2!1ses!2ses!4v1494843462361\" width=\"100%\" height=\"500\" frameborder=\"0\" style=\"border:0\" allowfullscreen><\/iframe>\n\t\t<\/div> \n\t<\/div> \n\t<\/div><\/div><div class=\"clearboth\"><\/div><\/div><div class=\"clearboth\"><\/div><\/div>\n<style type='text\/css'>\n.full-width-69f49875d7b5a {\n    min-height:0px;\n    padding:0px 0 0px;\n    \n    background-attachment:scroll;\n    \n    background-position:left top;\n    background-repeat:repeat;\n    margin-bottom:-45px;\n    \n}\n     <\/style><div class=\"mk-main-wrapper-holder\"><div class=\"theme-page-wrapper  -layout mk-grid vc_row-fluid row-fluid\"><div class=\"theme-content \">\n\t<div style=\"\" class=\"vc_col-sm-4 wpb_column column_container \">\n\t\t\t\t<div style=\"text-align: left;\" class=\"mk-text-block  \"><div class=\"clearboth\"><\/div><\/div> \n\t<\/div>\n\t<div style=\"\" class=\"vc_col-sm-4 wpb_column column_container \">\n\t\t\t\t<div style=\"text-align: left;\" class=\"mk-text-block  \"><div class=\"clearboth\"><\/div><\/div> \n\t<\/div>","protected":false},"excerpt":{"rendered":".full-width-69f49875ef1bf { min-height:0px; padding:50px 0 0px; background-attachment:scroll; background-position:left top; background-repeat:repeat; margin-bottom:0px; } STANDORT UND KONTAKT .full-width-69f49875ef4fd { min-height:0px; padding:50px 0 30px; background-attachment:scroll; background-position:left top; background-repeat:repeat; margin-bottom:0px; } Sie k\u00f6nnen uns \u00fcber dieses Formular \u00fcber das Internet oder besuchen Sie unsere Kunden oder Fax Telefon. Kommentare [recaptcha] Arbeiten Sie mit uns Bringen Sie Lebenslauf [recaptcha] .full-width-69f49875ef7e6 [...]","protected":false},"author":2,"featured_media":0,"parent":0,"menu_order":0,"comment_status":"closed","ping_status":"closed","template":"","meta":{"footnotes":""},"class_list":["post-125","page","type-page","status-publish","hentry"],"aioseo_notices":[],"_links":{"self":[{"href":"https:\/\/natveg.es\/de\/wp-json\/wp\/v2\/pages\/125","targetHints":{"allow":["GET"]}}],"collection":[{"href":"https:\/\/natveg.es\/de\/wp-json\/wp\/v2\/pages"}],"about":[{"href":"https:\/\/natveg.es\/de\/wp-json\/wp\/v2\/types\/page"}],"author":[{"embeddable":true,"href":"https:\/\/natveg.es\/de\/wp-json\/wp\/v2\/users\/2"}],"replies":[{"embeddable":true,"href":"https:\/\/natveg.es\/de\/wp-json\/wp\/v2\/comments?post=125"}],"version-history":[{"count":50,"href":"https:\/\/natveg.es\/de\/wp-json\/wp\/v2\/pages\/125\/revisions"}],"predecessor-version":[{"id":373,"href":"https:\/\/natveg.es\/de\/wp-json\/wp\/v2\/pages\/125\/revisions\/373"}],"wp:attachment":[{"href":"https:\/\/natveg.es\/de\/wp-json\/wp\/v2\/media?parent=125"}],"curies":[{"name":"wp","href":"https:\/\/api.w.org\/{rel}","templated":true}]}}