{"id":118,"date":"2016-12-02T14:34:36","date_gmt":"2016-12-02T14:34:36","guid":{"rendered":"http:\/\/natveg.es\/?page_id=118"},"modified":"2024-10-24T14:44:35","modified_gmt":"2024-10-24T14:44:35","slug":"calidad","status":"publish","type":"page","link":"https:\/\/natveg.es\/de\/calidad","title":{"rendered":"Qualit\u00e4t"},"content":{"rendered":"<div class=\"clearboth\"><\/div><\/div><\/div><\/div><div id=\"mk-page-section-6a01f17ea65fd\" data-intro-effect=\"false\" class=\"full-width-6a01f17ea65fd  mk-animate-element scale-up  full-height-false parallax-false mk-page-section mk-blur-parent mk-shortcode  \" data-speedFactor=\"0.3\"><div class=\"mk-video-color-mask\"><\/div><div class=\"mk-grid vc_row-fluid page-section-content\"><div class=\"mk-padding-wrapper\">\n\t<div style=\"\" class=\"vc_col-sm-12 wpb_column column_container \">\n\t\t\t<div class=\"mk-image-shortcode mk-shortcode   align-left simple-frame inside-image \" style=\"max-width: 1090px; margin-bottom:0px\"><div class=\"mk-image-inner\"><img decoding=\"async\" class=\"lightbox-false\" alt=\"\" title=\"\" src=\"http:\/\/natveg.es\/wp-content\/uploads\/Natveg Marketing, S.L.2-1.jpg\" \/><\/div><div class=\"clearboth\"><\/div><\/div>\n\t<\/div><\/div><div class=\"clearboth\"><\/div><\/div><div class=\"clearboth\"><\/div><\/div>\n<style type='text\/css'>\n.full-width-6a01f17ea65fd {\n    min-height:0px;\n    padding:50px 0 0px;\n    \n    background-attachment:scroll;\n    \n    background-position:left top;\n    background-repeat:repeat;\n    margin-bottom:0px;\n    \n}\n     <\/style><div class=\"mk-main-wrapper-holder\"><div class=\"theme-page-wrapper  -layout mk-grid vc_row-fluid row-fluid\"><div class=\"theme-content \"><div class=\"clearboth\"><\/div><\/div><\/div><\/div><div id=\"mk-page-section-6a01f17ea69d4\" data-intro-effect=\"false\" class=\"full-width-6a01f17ea69d4  mk-animate-element scale-up  full-height-false parallax-false mk-page-section mk-blur-parent mk-shortcode  \" data-speedFactor=\"0.3\"><div class=\"mk-video-color-mask\"><\/div><div class=\"mk-grid vc_row-fluid page-section-content\"><div class=\"mk-padding-wrapper\">\n\t<div style=\"\" class=\"vc_col-sm-12 wpb_column column_container \">\n\t\t\t<h2 style=\"font-size: 35px;text-align:center;color: #375e13;font-style:inhert;font-weight:bold;margin-top:0px;margin-bottom:0px; text-transform:uppercase;letter-spacing:0px;\" id=\"fancy-title-6a01f17ea6c35\" class=\"mk-shortcode mk-fancy-title fancy-title-align-center pattern-style \"><span style=\"padding:0 8px;\">\nQUALIT\u00c4T\n<\/span><\/h2><div class=\"clearboth\"><\/div>\n\t<\/div><\/div><div class=\"clearboth\"><\/div><\/div><div class=\"clearboth\"><\/div><\/div>\n<style type='text\/css'>\n.full-width-6a01f17ea69d4 {\n    min-height:0px;\n    padding:50px 0 30px;\n    \n    background-attachment:scroll;\n    \n    background-position:left top;\n    background-repeat:repeat;\n    margin-bottom:0px;\n    \n}\n     <\/style><div class=\"mk-main-wrapper-holder\"><div class=\"theme-page-wrapper  -layout mk-grid vc_row-fluid row-fluid\"><div class=\"theme-content \"><div class=\"clearboth\"><\/div><\/div><\/div><\/div><div id=\"mk-page-section-6a01f17ea6d12\" data-intro-effect=\"false\" class=\"full-width-6a01f17ea6d12  mk-animate-element scale-up  full-height-false parallax-false mk-page-section mk-blur-parent mk-shortcode  \" data-speedFactor=\"0.3\"><div class=\"mk-video-color-mask\"><\/div><div class=\"mk-grid vc_row-fluid page-section-content\"><div class=\"mk-padding-wrapper\">\n\t<div style=\"\" class=\"vc_col-sm-12 wpb_column column_container \">\n\t\t\t\t<div style=\" margin-bottom:30px;text-align: left;\" class=\"mk-text-block  \"><p>In <strong>Natveg Marketing, S.L.<\/strong> k\u00fcmmern wir uns um jedes Detail zu unserem Endprodukt bezogen, wobei besonderes Augenmerk auf unsere wachsende Betriebe zahlen. Alle Zimmer sind mit den modernsten Landtechnik ausgestattet, zusammen mit der Erfahrung unserer Profis und den st\u00e4rksten Anbietern der Branche, in Erzeugnissen, die die h\u00f6chste Qualit\u00e4t erreichen sowohl national als auch international. Derzeit hat <strong>Natveg Marketing, S.L.<\/strong> folgende <strong>Qualit\u00e4tszertifizierungen<\/strong>:<\/p>\n<ul>\n<li>BRC CERTIFICATED<\/li>\n<li>GLOBAL G.A.P.<\/li>\n<li>INTERNACIONAL FOOD STANDARD I.F.S.<\/li>\n<li>NURTURE<\/li>\n<\/ul>\n<p>Im Jahr 2009 gewann <strong>NATVEG MARKETING, S.L.<\/strong> die Auszeichnung <strong>&#8222;Vegetable Grower von theyear&#8220;<\/strong> von der britischen Supermarktkette Tesco.<\/p>\n<p>So k\u00f6nnen unsere Produkte in den wettbewerbsf\u00e4higsten und anspruchsvollen internationalen M\u00e4rkten konkurrieren und die h\u00f6chsten Qualit\u00e4tsstandards entsprechen. F\u00fcr diese <strong>Natveg Marketing, S.L.<\/strong> hat zwei Delegationen: eine in Gro\u00dfbritannien, f\u00fcr das Handling und Marketing f\u00fcr den gesamten britischen Markt und seinen Sitz in Spanien, wo der gesamte europ\u00e4ische Markt versorgt wird, einschlie\u00dflich der L\u00e4nder comoFrancia, Holland und Deutschland.<\/p>\n<p><strong>Natveg Marketing, S.L.<\/strong> unterliegt den Normen und strengen Qualit\u00e4tspr\u00fcfungen, Hervorhebung unter anderem die interne Revision <strong>TESCO und SEDEX<\/strong>.<\/p>\n<div class=\"clearboth\"><\/div><\/div> <div class=\"loop-main-wrapper\"><section id=\"gallery-loop-6a01f17ea70db\" data-uniqid=\"6a01f17ea70db\" data-style=\"gallery\" style=\"margin-bottom:0px\" class=\"mk-gallery-shortcode mk-theme-loop  \"><article class=\"gallery-six-column mk-isotop-item gallery-6a01f17ea70db mk-gallery-item hover-fadebox simple-frame\"><div class=\"item-holder\" style=\"margin:0 5px 10px\"><div class=\"image-hover-overlay\" ><\/div><a target=\"_blank\" href=\"http:\/\/natveg.es\/wp-content\/uploads\/nature.pdf\" class=\"mk-image-shortcode-lightbox\"><i class=\"mk-jupiter-icon-plus-circle\"><\/i><\/a><span class=\"gallery-inner\"><img decoding=\"async\" alt=\"\" title=\"\" src=\"https:\/\/natveg.es\/wp-content\/uploads\/nature.png\" \/><\/span><\/div><\/article>\n\n<article class=\"gallery-six-column mk-isotop-item gallery-6a01f17ea70db mk-gallery-item hover-fadebox simple-frame\"><div class=\"item-holder\" style=\"margin:0 5px 10px\"><div class=\"image-hover-overlay\" ><\/div><a target=\"_blank\" href=\" http:\/\/natveg.es\/wp-content\/uploads\/global.pdf\" class=\"mk-image-shortcode-lightbox\"><i class=\"mk-jupiter-icon-plus-circle\"><\/i><\/a><span class=\"gallery-inner\"><img decoding=\"async\" alt=\"\" title=\"\" src=\"https:\/\/natveg.es\/wp-content\/uploads\/global.png\" \/><\/span><\/div><\/article>\n\n<article class=\"gallery-six-column mk-isotop-item gallery-6a01f17ea70db mk-gallery-item hover-fadebox simple-frame\"><div class=\"item-holder\" style=\"margin:0 5px 10px\"><div class=\"image-hover-overlay\" ><\/div><a target=\"_blank\" href=\" http:\/\/natveg.es\/wp-content\/uploads\/brc.pdf\" class=\"mk-image-shortcode-lightbox\"><i class=\"mk-jupiter-icon-plus-circle\"><\/i><\/a><span class=\"gallery-inner\"><img decoding=\"async\" alt=\"\" title=\"\" src=\"https:\/\/natveg.es\/wp-content\/uploads\/brc.png\" \/><\/span><\/div><\/article>\n\n<article class=\"gallery-six-column mk-isotop-item gallery-6a01f17ea70db mk-gallery-item hover-fadebox simple-frame\"><div class=\"item-holder\" style=\"margin:0 5px 10px\"><div class=\"image-hover-overlay\" ><\/div><a target=\"_blank\" href=\" http:\/\/natveg.es\/wp-content\/uploads\/ifs.pdf\" class=\"mk-image-shortcode-lightbox\"><i class=\"mk-jupiter-icon-plus-circle\"><\/i><\/a><span class=\"gallery-inner\"><img decoding=\"async\" alt=\"\" title=\"\" src=\"https:\/\/natveg.es\/wp-content\/uploads\/ifs.jpg\" \/><\/span><\/div><\/article>\n\n<article class=\"gallery-six-column mk-isotop-item gallery-6a01f17ea70db mk-gallery-item hover-fadebox simple-frame\"><div class=\"item-holder\" style=\"margin:0 5px 10px\"><div class=\"image-hover-overlay\" ><\/div><a target=\"_blank\" href=\" http:\/\/natveg.es\/wp-content\/uploads\/grasp.pdf\" class=\"mk-image-shortcode-lightbox\"><i class=\"mk-jupiter-icon-plus-circle\"><\/i><\/a><span class=\"gallery-inner\"><img decoding=\"async\" alt=\"\" title=\"\" src=\"https:\/\/natveg.es\/wp-content\/uploads\/grasp.jpg\" \/><\/span><\/div><\/article>\n\n<article class=\"gallery-six-column mk-isotop-item gallery-6a01f17ea70db mk-gallery-item hover-fadebox simple-frame\"><div class=\"item-holder\" style=\"margin:0 5px 10px\"><div class=\"image-hover-overlay\" ><\/div><a target=\"_blank\" href=\" http:\/\/natveg.es\/wp-content\/uploads\/coc.pdf\" class=\"mk-image-shortcode-lightbox\"><i class=\"mk-jupiter-icon-plus-circle\"><\/i><\/a><span class=\"gallery-inner\"><img decoding=\"async\" alt=\"\" title=\"\" src=\"https:\/\/natveg.es\/wp-content\/uploads\/coc.jpg\" \/><\/span><\/div><\/article>\n\n<div class=\"clearboth\"><\/div><\/section><a class=\"mk-loadmore-button\" style=\"display:none;\" href=\"#\"><i class=\"mk-moon-loop-4\"><\/i><i class=\"mk-moon-arrow-down-4\"><\/i>Load More<\/a><div class=\"mk-preloader\"><\/div><\/div>\n\t<\/div><\/div><div class=\"clearboth\"><\/div><\/div><div class=\"clearboth\"><\/div><\/div>\n<style type='text\/css'>\n.full-width-6a01f17ea6d12 {\n    min-height:0px;\n    padding:0px 0 50px;\n    \n    background-attachment:scroll;\n    \n    background-position:left top;\n    background-repeat:repeat;\n    margin-bottom:0px;\n    \n}\n     <\/style><div class=\"mk-main-wrapper-holder\"><div class=\"theme-page-wrapper  -layout mk-grid vc_row-fluid row-fluid\"><div class=\"theme-content \">\n\t<div style=\"\" class=\"vc_col-sm-4 wpb_column column_container \">\n\t\t\t\t<div style=\"text-align: left;\" class=\"mk-text-block  \"><div class=\"clearboth\"><\/div><\/div> \n\t<\/div>\n\t<div style=\"\" class=\"vc_col-sm-4 wpb_column column_container \">\n\t\t\t\t<div style=\"text-align: left;\" class=\"mk-text-block  \"><div class=\"clearboth\"><\/div><\/div> \n\t<\/div>","protected":false},"excerpt":{"rendered":"","protected":false},"author":2,"featured_media":0,"parent":0,"menu_order":0,"comment_status":"closed","ping_status":"closed","template":"","meta":{"footnotes":""},"class_list":["post-118","page","type-page","status-publish","hentry"],"aioseo_notices":[],"_links":{"self":[{"href":"https:\/\/natveg.es\/de\/wp-json\/wp\/v2\/pages\/118","targetHints":{"allow":["GET"]}}],"collection":[{"href":"https:\/\/natveg.es\/de\/wp-json\/wp\/v2\/pages"}],"about":[{"href":"https:\/\/natveg.es\/de\/wp-json\/wp\/v2\/types\/page"}],"author":[{"embeddable":true,"href":"https:\/\/natveg.es\/de\/wp-json\/wp\/v2\/users\/2"}],"replies":[{"embeddable":true,"href":"https:\/\/natveg.es\/de\/wp-json\/wp\/v2\/comments?post=118"}],"version-history":[{"count":27,"href":"https:\/\/natveg.es\/de\/wp-json\/wp\/v2\/pages\/118\/revisions"}],"predecessor-version":[{"id":400,"href":"https:\/\/natveg.es\/de\/wp-json\/wp\/v2\/pages\/118\/revisions\/400"}],"wp:attachment":[{"href":"https:\/\/natveg.es\/de\/wp-json\/wp\/v2\/media?parent=118"}],"curies":[{"name":"wp","href":"https:\/\/api.w.org\/{rel}","templated":true}]}}